{"id":1474,"date":"2023-02-25T18:05:35","date_gmt":"2023-02-25T18:05:35","guid":{"rendered":"https:\/\/toninhasdobrasil.com.br\/history\/"},"modified":"2023-05-03T04:01:44","modified_gmt":"2023-05-03T04:01:44","slug":"history","status":"publish","type":"page","link":"https:\/\/toninhasdobrasil.com.br\/en\/history\/","title":{"rendered":"History"},"content":{"rendered":"\t\t<div data-elementor-type=\"wp-page\" data-elementor-id=\"1474\" class=\"elementor elementor-1474 elementor-108\" data-elementor-post-type=\"page\">\n\t\t\t\t\t\t<section class=\"elementor-section elementor-top-section elementor-element elementor-element-01f6a34 elementor-section-height-min-height elementor-section-boxed elementor-section-height-default elementor-section-items-middle\" data-id=\"01f6a34\" data-element_type=\"section\" data-e-type=\"section\" data-settings=\"{&quot;background_background&quot;:&quot;classic&quot;}\">\n\t\t\t\t\t\t<div class=\"elementor-container elementor-column-gap-default\">\n\t\t\t\t\t<div class=\"elementor-column elementor-col-100 elementor-top-column elementor-element elementor-element-940c53f\" data-id=\"940c53f\" data-element_type=\"column\" data-e-type=\"column\">\n\t\t\t<div class=\"elementor-widget-wrap\">\n\t\t\t\t\t\t\t<\/div>\n\t\t<\/div>\n\t\t\t\t\t<\/div>\n\t\t<\/section>\n\t\t\t\t<section class=\"elementor-section elementor-top-section elementor-element elementor-element-df5fde2 elementor-section-boxed elementor-section-height-default elementor-section-height-default\" data-id=\"df5fde2\" data-element_type=\"section\" data-e-type=\"section\" data-settings=\"{&quot;background_background&quot;:&quot;classic&quot;,&quot;shape_divider_bottom&quot;:&quot;tilt&quot;}\">\n\t\t\t\t\t<div class=\"elementor-shape elementor-shape-bottom\" aria-hidden=\"true\" data-negative=\"false\">\n\t\t\t<svg xmlns=\"http:\/\/www.w3.org\/2000\/svg\" viewBox=\"0 0 1000 100\" preserveAspectRatio=\"none\">\n\t<path class=\"elementor-shape-fill\" d=\"M0,6V0h1000v100L0,6z\"\/>\n<\/svg>\t\t<\/div>\n\t\t\t\t\t<div class=\"elementor-container elementor-column-gap-default\">\n\t\t\t\t\t<div class=\"elementor-column elementor-col-100 elementor-top-column elementor-element elementor-element-ba0d2bf\" data-id=\"ba0d2bf\" data-element_type=\"column\" data-e-type=\"column\">\n\t\t\t<div class=\"elementor-widget-wrap elementor-element-populated\">\n\t\t\t\t\t\t<div class=\"elementor-element elementor-element-8e2d63e elementor-widget-divider--view-line elementor-widget elementor-widget-divider\" data-id=\"8e2d63e\" data-element_type=\"widget\" data-e-type=\"widget\" data-widget_type=\"divider.default\">\n\t\t\t\t<div class=\"elementor-widget-container\">\n\t\t\t\t\t\t\t<div class=\"elementor-divider\">\n\t\t\t<span class=\"elementor-divider-separator\">\n\t\t\t\t\t\t<\/span>\n\t\t<\/div>\n\t\t\t\t\t\t<\/div>\n\t\t\t\t<\/div>\n\t\t\t\t<div class=\"elementor-element elementor-element-5f63d61 elementor-widget elementor-widget-heading\" data-id=\"5f63d61\" data-element_type=\"widget\" data-e-type=\"widget\" data-widget_type=\"heading.default\">\n\t\t\t\t<div class=\"elementor-widget-container\">\n\t\t\t\t\t<h2 class=\"elementor-heading-title elementor-size-default\">History<\/h2>\t\t\t\t<\/div>\n\t\t\t\t<\/div>\n\t\t\t\t\t<\/div>\n\t\t<\/div>\n\t\t\t\t\t<\/div>\n\t\t<\/section>\n\t\t\t\t<section class=\"elementor-section elementor-top-section elementor-element elementor-element-d374122 elementor-section-content-top elementor-section-boxed elementor-section-height-default elementor-section-height-default\" data-id=\"d374122\" data-element_type=\"section\" data-e-type=\"section\">\n\t\t\t\t\t\t<div class=\"elementor-container elementor-column-gap-default\">\n\t\t\t\t\t<div class=\"elementor-column elementor-col-50 elementor-top-column elementor-element elementor-element-6786fba\" data-id=\"6786fba\" data-element_type=\"column\" data-e-type=\"column\">\n\t\t\t<div class=\"elementor-widget-wrap elementor-element-populated\">\n\t\t\t\t\t\t<div class=\"elementor-element elementor-element-2c2648a elementor-widget elementor-widget-text-editor\" data-id=\"2c2648a\" data-element_type=\"widget\" data-e-type=\"widget\" data-widget_type=\"text-editor.default\">\n\t\t\t\t<div class=\"elementor-widget-container\">\n\t\t\t\t\t\t\t\t\t<p>Toninhas do Brasil is a benchmark reference, both in Brazil and worldwide, when it comes to research and conservation of small cetaceans, especially the franciscana. The project is also well-known for its environmental awareness actions.<\/p>\n<p>It works in conjunction with national and international institutions, strengthening partnerships for actions in networks.<\/p>\n\t\t\t\t\t\t\t\t<\/div>\n\t\t\t\t<\/div>\n\t\t\t\t<div class=\"elementor-element elementor-element-42102d2 elementor-widget elementor-widget-image\" data-id=\"42102d2\" data-element_type=\"widget\" data-e-type=\"widget\" data-widget_type=\"image.default\">\n\t\t\t\t<div class=\"elementor-widget-container\">\n\t\t\t\t\t\t\t\t\t\t\t\t\t\t\t<img fetchpriority=\"high\" decoding=\"async\" width=\"754\" height=\"364\" src=\"https:\/\/toninhasdobrasil.com.br\/wp-content\/uploads\/2023\/02\/logo_toninhas_antigo.jpg\" class=\"attachment-large size-large wp-image-593\" alt=\"\" srcset=\"https:\/\/toninhasdobrasil.com.br\/wp-content\/uploads\/2023\/02\/logo_toninhas_antigo.jpg 754w, https:\/\/toninhasdobrasil.com.br\/wp-content\/uploads\/2023\/02\/logo_toninhas_antigo-300x145.jpg 300w\" sizes=\"(max-width: 754px) 100vw, 754px\" \/>\t\t\t\t\t\t\t\t\t\t\t\t\t\t\t<\/div>\n\t\t\t\t<\/div>\n\t\t\t\t<div class=\"elementor-element elementor-element-e5aeede elementor-widget elementor-widget-heading\" data-id=\"e5aeede\" data-element_type=\"widget\" data-e-type=\"widget\" data-widget_type=\"heading.default\">\n\t\t\t\t<div class=\"elementor-widget-container\">\n\t\t\t\t\t<h2 class=\"elementor-heading-title elementor-size-default\">First logo created in 2011<\/h2>\t\t\t\t<\/div>\n\t\t\t\t<\/div>\n\t\t\t\t<div class=\"elementor-element elementor-element-023ed15 elementor-widget elementor-widget-image\" data-id=\"023ed15\" data-element_type=\"widget\" data-e-type=\"widget\" data-widget_type=\"image.default\">\n\t\t\t\t<div class=\"elementor-widget-container\">\n\t\t\t\t\t\t\t\t\t\t\t\t\t\t\t<img decoding=\"async\" width=\"1844\" height=\"2560\" src=\"https:\/\/toninhasdobrasil.com.br\/wp-content\/uploads\/2023\/02\/logo_transicao-1-scaled-e1681442247731.jpg\" class=\"attachment-full size-full wp-image-1731\" alt=\"\" \/>\t\t\t\t\t\t\t\t\t\t\t\t\t\t\t<\/div>\n\t\t\t\t<\/div>\n\t\t\t\t<div class=\"elementor-element elementor-element-febee2a elementor-widget elementor-widget-heading\" data-id=\"febee2a\" data-element_type=\"widget\" data-e-type=\"widget\" data-widget_type=\"heading.default\">\n\t\t\t\t<div class=\"elementor-widget-container\">\n\t\t\t\t\t<h2 class=\"elementor-heading-title elementor-size-default\">New brand created in 2022<\/h2>\t\t\t\t<\/div>\n\t\t\t\t<\/div>\n\t\t\t\t\t<\/div>\n\t\t<\/div>\n\t\t\t\t<div class=\"elementor-column elementor-col-50 elementor-top-column elementor-element elementor-element-91e408b\" data-id=\"91e408b\" data-element_type=\"column\" data-e-type=\"column\">\n\t\t\t<div class=\"elementor-widget-wrap elementor-element-populated\">\n\t\t\t\t\t\t<div class=\"elementor-element elementor-element-2c6ddbb elementor-widget elementor-widget-text-editor\" data-id=\"2c6ddbb\" data-element_type=\"widget\" data-e-type=\"widget\" data-widget_type=\"text-editor.default\">\n\t\t\t\t<div class=\"elementor-widget-container\">\n\t\t\t\t\t\t\t\t\t<p>Research of the species\u2019 ecology started in 1994, when the then-undergrad Biology student Marta Cremer started a project with artisanal fishermen at the Farol de Santa Marta community, in Laguna.<\/p>\n<p>In 1996, in the northern coast of Santa Catarina, Marta made the first record of franciscanas at Babitonga Bay.<\/p>\n<p>Their presence at the bay was considered unlikely at the time, since franciscanas were believed to occur only in open-sea coastal waters. That finding did not change this reality completely: to this day, the occurrence of franciscanas in bays and estuaries is considered rare. Since then, the Babitonga Bay franciscanas have been studied, being confirmed as a resident population and considered a unique population stock. Babitonga became a showcase for franciscanas, whose photographs used to be rare, as well as a natural laboratory for the development of a variety of researches, which have been contributing greatly to the scientific knowledge about the species.<\/p>\n<p>From 2000 onwards, when Marta became a professor at UNIVILLE, research on the cetacean populations of Babitonga Bay developed into an institutional project. In 2011, Projeto Toninhas received funding from Petrobras (Petr\u00f3leo Brasileiro S.A, or Brazilian Petroleum Corporation) for the first time, which enabled a great number of advancements in research and environmental education. Since then, the project has dedicated itself to researches involving a variety of aspects related to the species\u2019 ecology, to an intense environmental education work, to the engagement of different sectors of society and to the development of a strategic communication, bringing society closer to marine conservation.<\/p>\n<p>In the last few years, the project has been amplifying its area of activity, aiming to contribute to the conservation of franciscanas in different regions of occurrence of the species, being also present in S\u00e3o Paulo and Paran\u00e1, through partnerships with local institutions.<br \/>Nowadays, the project also directs its efforts to the search for solutions for the reduction of bycatch mortality.<\/p>\n\t\t\t\t\t\t\t\t<\/div>\n\t\t\t\t<\/div>\n\t\t\t\t\t<\/div>\n\t\t<\/div>\n\t\t\t\t\t<\/div>\n\t\t<\/section>\n\t\t\t\t<section class=\"elementor-section elementor-top-section elementor-element elementor-element-2b2d47b elementor-section-boxed elementor-section-height-default elementor-section-height-default\" data-id=\"2b2d47b\" data-element_type=\"section\" data-e-type=\"section\" data-settings=\"{&quot;background_background&quot;:&quot;classic&quot;}\">\n\t\t\t\t\t\t<div class=\"elementor-container elementor-column-gap-default\">\n\t\t\t\t\t<div class=\"elementor-column elementor-col-100 elementor-top-column elementor-element elementor-element-e78f8f1\" data-id=\"e78f8f1\" data-element_type=\"column\" data-e-type=\"column\">\n\t\t\t<div class=\"elementor-widget-wrap elementor-element-populated\">\n\t\t\t\t\t\t<div class=\"elementor-element elementor-element-5e6a4a2 elementor-arrows-position-outside elementor-widget elementor-widget-image-carousel\" data-id=\"5e6a4a2\" data-element_type=\"widget\" data-e-type=\"widget\" data-settings=\"{&quot;slides_to_show&quot;:&quot;2&quot;,&quot;navigation&quot;:&quot;arrows&quot;,&quot;autoplay&quot;:&quot;yes&quot;,&quot;pause_on_hover&quot;:&quot;yes&quot;,&quot;pause_on_interaction&quot;:&quot;yes&quot;,&quot;autoplay_speed&quot;:5000,&quot;infinite&quot;:&quot;yes&quot;,&quot;speed&quot;:500}\" data-widget_type=\"image-carousel.default\">\n\t\t\t\t<div class=\"elementor-widget-container\">\n\t\t\t\t\t\t\t<div class=\"elementor-image-carousel-wrapper swiper\" role=\"region\" aria-roledescription=\"carousel\" aria-label=\"Image Carousel\" dir=\"ltr\">\n\t\t\t<div class=\"elementor-image-carousel swiper-wrapper\" aria-live=\"off\">\n\t\t\t\t\t\t\t\t<div class=\"swiper-slide\" role=\"group\" aria-roledescription=\"slide\" aria-label=\"1 of 7\"><figure class=\"swiper-slide-inner\"><img decoding=\"async\" class=\"swiper-slide-image\" src=\"https:\/\/toninhasdobrasil.com.br\/wp-content\/uploads\/2023\/04\/09h_Pesquisadora-manusendo-primeiro-alarme-acustico-testado-pelo-Projeto-Toninhas-em-2003.jpg\" alt=\"Pesquisadora manuseando primeiro alarme ac\u00fastico testado pelo Projeto Toninhas em 2003.\" \/><figcaption class=\"elementor-image-carousel-caption\">Pesquisadora manuseando primeiro alarme ac\u00fastico testado pelo Projeto Toninhas em 2003.<\/figcaption><\/figure><\/div><div class=\"swiper-slide\" role=\"group\" aria-roledescription=\"slide\" aria-label=\"2 of 7\"><figure class=\"swiper-slide-inner\"><img decoding=\"async\" class=\"swiper-slide-image\" src=\"https:\/\/toninhasdobrasil.com.br\/wp-content\/uploads\/2023\/04\/09g_Equipe-do-Projeto-Toninhas-em-frente-ao-ESAB-em-2014.jpg\" alt=\"Equipe do Projeto Toninhas em frente ao Espa\u00e7o Ambiental Babitonga (ESAB), em 2014\" \/><figcaption class=\"elementor-image-carousel-caption\">Equipe do Projeto Toninhas em frente ao Espa\u00e7o Ambiental Babitonga (ESAB), em 2014<\/figcaption><\/figure><\/div><div class=\"swiper-slide\" role=\"group\" aria-roledescription=\"slide\" aria-label=\"3 of 7\"><figure class=\"swiper-slide-inner\"><img decoding=\"async\" class=\"swiper-slide-image\" src=\"https:\/\/toninhasdobrasil.com.br\/wp-content\/uploads\/2023\/04\/09f_Toninha-monitorada-pelo-projeto-com-marcador-satelital-na-nadadeira-em-2012.jpg\" alt=\"Toninha monitorada pelo projeto com marcador satelital na nadadeira em 2012\" \/><figcaption class=\"elementor-image-carousel-caption\">Toninha monitorada pelo projeto com marcador satelital na nadadeira em 2012<\/figcaption><\/figure><\/div><div class=\"swiper-slide\" role=\"group\" aria-roledescription=\"slide\" aria-label=\"4 of 7\"><figure class=\"swiper-slide-inner\"><img decoding=\"async\" class=\"swiper-slide-image\" src=\"https:\/\/toninhasdobrasil.com.br\/wp-content\/uploads\/2023\/04\/09e_-Pesquisadores-em-uma-embarcacao-de-pesquisa-durante-colocacao-de-marcadores-satelitais-em-toninhas-no-ano-de-2012s-satelitais-em-toninhas-em-2012.jpg\" alt=\"Pesquisadores de diversos pa\u00edses em uma embarca\u00e7\u00e3o de pesquisa durante coloca\u00e7\u00e3o de marcadores satelitais em toninhas na Ba\u00eda Babitonga (SC) no ano de 2012.\" \/><figcaption class=\"elementor-image-carousel-caption\">Pesquisadores de diversos pa\u00edses em uma embarca\u00e7\u00e3o de pesquisa durante coloca\u00e7\u00e3o de marcadores satelitais em toninhas na Ba\u00eda Babitonga (SC) no ano de 2012.<\/figcaption><\/figure><\/div><div class=\"swiper-slide\" role=\"group\" aria-roledescription=\"slide\" aria-label=\"5 of 7\"><figure class=\"swiper-slide-inner\"><img decoding=\"async\" class=\"swiper-slide-image\" src=\"https:\/\/toninhasdobrasil.com.br\/wp-content\/uploads\/2023\/04\/09d_Pesquisadores-em-campo-para-estimativa-de-abundancia-de-toninhas-na-Baia-Babitonga-em-2003.jpg\" alt=\"Tr\u00eas pesquisadores \u00e0 bordo de uma pequena embarca\u00e7\u00e3o com um tel\u00eametro em campo para estimativa de abund\u00e2ncia de toninhas na Ba\u00eda Babitonga (SC) em 2003\" \/><figcaption class=\"elementor-image-carousel-caption\">Tr\u00eas pesquisadores \u00e0 bordo de uma pequena embarca\u00e7\u00e3o com um tel\u00eametro em campo para estimativa de abund\u00e2ncia de toninhas na Ba\u00eda Babitonga (SC) em 2003<\/figcaption><\/figure><\/div><div class=\"swiper-slide\" role=\"group\" aria-roledescription=\"slide\" aria-label=\"6 of 7\"><figure class=\"swiper-slide-inner\"><img decoding=\"async\" class=\"swiper-slide-image\" src=\"https:\/\/toninhasdobrasil.com.br\/wp-content\/uploads\/2023\/04\/09c_Monitoramento-acustico-de-toninhas-na-Baia-Babitonga-em-2003.jpg\" alt=\"Pesquisadora do Projeto Toninhas manuseando o primeiro alarme ac\u00fastico para toninhas testado pelo Projeto em 2003\" \/><figcaption class=\"elementor-image-carousel-caption\">Pesquisadora do Projeto Toninhas manuseando o primeiro alarme ac\u00fastico para toninhas testado pelo Projeto em 2003<\/figcaption><\/figure><\/div><div class=\"swiper-slide\" role=\"group\" aria-roledescription=\"slide\" aria-label=\"7 of 7\"><figure class=\"swiper-slide-inner\"><img decoding=\"async\" class=\"swiper-slide-image\" src=\"https:\/\/toninhasdobrasil.com.br\/wp-content\/uploads\/2023\/04\/09b_Marta-Cremer-palestrando-na-Exposica-Mamiferos-Marinhos-de-Santa-Catarina-em-2003.jpg\" alt=\"Marta Cremer, coordenadora do Toninhas do Brasil, palestrando na Exposi\u00e7\u00e3o Mam\u00edferos Marinhos de Santa Catarina, na Univille de Joinville (SC), em 2003.\" \/><figcaption class=\"elementor-image-carousel-caption\">Marta Cremer, coordenadora do Toninhas do Brasil, palestrando na Exposi\u00e7\u00e3o Mam\u00edferos Marinhos de Santa Catarina, na Univille de Joinville (SC), em 2003.\n<\/figcaption><\/figure><\/div>\t\t\t<\/div>\n\t\t\t\t\t\t\t\t\t\t\t\t<div class=\"elementor-swiper-button elementor-swiper-button-prev\" role=\"button\" tabindex=\"0\">\n\t\t\t\t\t\t<i aria-hidden=\"true\" class=\"eicon-chevron-left\"><\/i>\t\t\t\t\t<\/div>\n\t\t\t\t\t<div class=\"elementor-swiper-button elementor-swiper-button-next\" role=\"button\" tabindex=\"0\">\n\t\t\t\t\t\t<i aria-hidden=\"true\" class=\"eicon-chevron-right\"><\/i>\t\t\t\t\t<\/div>\n\t\t\t\t\n\t\t\t\t\t\t\t\t\t<\/div>\n\t\t\t\t\t\t<\/div>\n\t\t\t\t<\/div>\n\t\t\t\t<div class=\"elementor-element elementor-element-657c64c elementor-widget elementor-widget-heading\" data-id=\"657c64c\" data-element_type=\"widget\" data-e-type=\"widget\" data-widget_type=\"heading.default\">\n\t\t\t\t<div class=\"elementor-widget-container\">\n\t\t\t\t\t<h2 class=\"elementor-heading-title elementor-size-default\">See too:<\/h2>\t\t\t\t<\/div>\n\t\t\t\t<\/div>\n\t\t\t\t<div class=\"elementor-element elementor-element-9a0bd7c elementor-icon-list--layout-inline elementor-mobile-align-start elementor-list-item-link-full_width elementor-widget elementor-widget-icon-list\" data-id=\"9a0bd7c\" data-element_type=\"widget\" data-e-type=\"widget\" data-widget_type=\"icon-list.default\">\n\t\t\t\t<div class=\"elementor-widget-container\">\n\t\t\t\t\t\t\t<ul class=\"elementor-icon-list-items elementor-inline-items\">\n\t\t\t\t\t\t\t<li class=\"elementor-icon-list-item elementor-inline-item\">\n\t\t\t\t\t\t\t\t\t\t\t<span class=\"elementor-icon-list-icon\">\n\t\t\t\t\t\t\t<i aria-hidden=\"true\" class=\"fas fa-chevron-right\"><\/i>\t\t\t\t\t\t<\/span>\n\t\t\t\t\t\t\t\t\t\t<span class=\"elementor-icon-list-text\">History<\/span>\n\t\t\t\t\t\t\t\t\t<\/li>\n\t\t\t\t\t\t\t\t<li class=\"elementor-icon-list-item elementor-inline-item\">\n\t\t\t\t\t\t\t\t\t\t\t<a href=\"https:\/\/toninhasdobrasil.com.br\/en\/team\/\">\n\n\t\t\t\t\t\t\t\t\t\t\t\t<span class=\"elementor-icon-list-icon\">\n\t\t\t\t\t\t\t<i aria-hidden=\"true\" class=\"fas fa-chevron-right\"><\/i>\t\t\t\t\t\t<\/span>\n\t\t\t\t\t\t\t\t\t\t<span class=\"elementor-icon-list-text\">Team<\/span>\n\t\t\t\t\t\t\t\t\t\t\t<\/a>\n\t\t\t\t\t\t\t\t\t<\/li>\n\t\t\t\t\t\t\t\t<li class=\"elementor-icon-list-item elementor-inline-item\">\n\t\t\t\t\t\t\t\t\t\t\t<a href=\"https:\/\/toninhasdobrasil.com.br\/en\/where-we-are\/\">\n\n\t\t\t\t\t\t\t\t\t\t\t\t<span class=\"elementor-icon-list-icon\">\n\t\t\t\t\t\t\t<i aria-hidden=\"true\" class=\"fas fa-chevron-right\"><\/i>\t\t\t\t\t\t<\/span>\n\t\t\t\t\t\t\t\t\t\t<span class=\"elementor-icon-list-text\">Where we are<\/span>\n\t\t\t\t\t\t\t\t\t\t\t<\/a>\n\t\t\t\t\t\t\t\t\t<\/li>\n\t\t\t\t\t\t\t\t<li class=\"elementor-icon-list-item elementor-inline-item\">\n\t\t\t\t\t\t\t\t\t\t\t<a href=\"https:\/\/toninhasdobrasil.com.br\/en\/news\/\">\n\n\t\t\t\t\t\t\t\t\t\t\t\t<span class=\"elementor-icon-list-icon\">\n\t\t\t\t\t\t\t<i aria-hidden=\"true\" class=\"fas fa-chevron-right\"><\/i>\t\t\t\t\t\t<\/span>\n\t\t\t\t\t\t\t\t\t\t<span class=\"elementor-icon-list-text\">News<\/span>\n\t\t\t\t\t\t\t\t\t\t\t<\/a>\n\t\t\t\t\t\t\t\t\t<\/li>\n\t\t\t\t\t\t<\/ul>\n\t\t\t\t\t\t<\/div>\n\t\t\t\t<\/div>\n\t\t\t\t\t<\/div>\n\t\t<\/div>\n\t\t\t\t\t<\/div>\n\t\t<\/section>\n\t\t\t\t<\/div>\n\t\t","protected":false},"excerpt":{"rendered":"<p>Toninhas do Brasil is a benchmark reference, both in Brazil and worldwide, when it comes to research and conservation of small cetaceans, especially the franciscana. The project is also well-known for its environmental awareness actions. It works in conjunction with national and international institutions, strengthening partnerships for actions in networks. First logo created in 2011 [&hellip;]<\/p>\n","protected":false},"author":1,"featured_media":0,"parent":0,"menu_order":0,"comment_status":"closed","ping_status":"closed","template":"","meta":{"_acf_changed":false,"footnotes":""},"class_list":["post-1474","page","type-page","status-publish","hentry"],"acf":[],"_links":{"self":[{"href":"https:\/\/toninhasdobrasil.com.br\/en\/wp-json\/wp\/v2\/pages\/1474","targetHints":{"allow":["GET"]}}],"collection":[{"href":"https:\/\/toninhasdobrasil.com.br\/en\/wp-json\/wp\/v2\/pages"}],"about":[{"href":"https:\/\/toninhasdobrasil.com.br\/en\/wp-json\/wp\/v2\/types\/page"}],"author":[{"embeddable":true,"href":"https:\/\/toninhasdobrasil.com.br\/en\/wp-json\/wp\/v2\/users\/1"}],"replies":[{"embeddable":true,"href":"https:\/\/toninhasdobrasil.com.br\/en\/wp-json\/wp\/v2\/comments?post=1474"}],"version-history":[{"count":5,"href":"https:\/\/toninhasdobrasil.com.br\/en\/wp-json\/wp\/v2\/pages\/1474\/revisions"}],"predecessor-version":[{"id":2411,"href":"https:\/\/toninhasdobrasil.com.br\/en\/wp-json\/wp\/v2\/pages\/1474\/revisions\/2411"}],"wp:attachment":[{"href":"https:\/\/toninhasdobrasil.com.br\/en\/wp-json\/wp\/v2\/media?parent=1474"}],"curies":[{"name":"wp","href":"https:\/\/api.w.org\/{rel}","templated":true}]}}