{"id":1537,"date":"2023-02-25T23:39:00","date_gmt":"2023-02-25T23:39:00","guid":{"rendered":"https:\/\/toninhasdobrasil.com.br\/the-franciscana-library\/"},"modified":"2023-06-20T01:20:43","modified_gmt":"2023-06-20T01:20:43","slug":"the-franciscana-library","status":"publish","type":"page","link":"https:\/\/toninhasdobrasil.com.br\/en\/the-franciscana-library\/","title":{"rendered":"THE FRANCISCANA LIBRARY"},"content":{"rendered":"\t\t<div data-elementor-type=\"wp-page\" data-elementor-id=\"1537\" class=\"elementor elementor-1537 elementor-265\" data-elementor-post-type=\"page\">\n\t\t\t\t\t\t<section class=\"elementor-section elementor-top-section elementor-element elementor-element-01f6a34 elementor-section-height-min-height elementor-section-boxed elementor-section-height-default elementor-section-items-middle\" data-id=\"01f6a34\" data-element_type=\"section\" data-e-type=\"section\" data-settings=\"{&quot;background_background&quot;:&quot;classic&quot;}\">\n\t\t\t\t\t\t<div class=\"elementor-container elementor-column-gap-default\">\n\t\t\t\t\t<div class=\"elementor-column elementor-col-100 elementor-top-column elementor-element elementor-element-940c53f\" data-id=\"940c53f\" data-element_type=\"column\" data-e-type=\"column\">\n\t\t\t<div class=\"elementor-widget-wrap\">\n\t\t\t\t\t\t\t<\/div>\n\t\t<\/div>\n\t\t\t\t\t<\/div>\n\t\t<\/section>\n\t\t\t\t<section class=\"elementor-section elementor-top-section elementor-element elementor-element-df5fde2 elementor-section-boxed elementor-section-height-default elementor-section-height-default\" data-id=\"df5fde2\" data-element_type=\"section\" data-e-type=\"section\" data-settings=\"{&quot;background_background&quot;:&quot;classic&quot;,&quot;shape_divider_bottom&quot;:&quot;tilt&quot;}\">\n\t\t\t\t\t<div class=\"elementor-shape elementor-shape-bottom\" aria-hidden=\"true\" data-negative=\"false\">\n\t\t\t<svg xmlns=\"http:\/\/www.w3.org\/2000\/svg\" viewBox=\"0 0 1000 100\" preserveAspectRatio=\"none\">\n\t<path class=\"elementor-shape-fill\" d=\"M0,6V0h1000v100L0,6z\"\/>\n<\/svg>\t\t<\/div>\n\t\t\t\t\t<div class=\"elementor-container elementor-column-gap-default\">\n\t\t\t\t\t<div class=\"elementor-column elementor-col-100 elementor-top-column elementor-element elementor-element-ba0d2bf\" data-id=\"ba0d2bf\" data-element_type=\"column\" data-e-type=\"column\">\n\t\t\t<div class=\"elementor-widget-wrap elementor-element-populated\">\n\t\t\t\t\t\t<div class=\"elementor-element elementor-element-8e2d63e elementor-widget-divider--view-line elementor-widget elementor-widget-divider\" data-id=\"8e2d63e\" data-element_type=\"widget\" data-e-type=\"widget\" data-widget_type=\"divider.default\">\n\t\t\t\t<div class=\"elementor-widget-container\">\n\t\t\t\t\t\t\t<div class=\"elementor-divider\">\n\t\t\t<span class=\"elementor-divider-separator\">\n\t\t\t\t\t\t<\/span>\n\t\t<\/div>\n\t\t\t\t\t\t<\/div>\n\t\t\t\t<\/div>\n\t\t\t\t\t<\/div>\n\t\t<\/div>\n\t\t\t\t\t<\/div>\n\t\t<\/section>\n\t\t\t\t<section class=\"elementor-section elementor-top-section elementor-element elementor-element-48677cb elementor-section-boxed elementor-section-height-default elementor-section-height-default\" data-id=\"48677cb\" data-element_type=\"section\" data-e-type=\"section\">\n\t\t\t\t\t\t<div class=\"elementor-container elementor-column-gap-default\">\n\t\t\t\t\t<div class=\"elementor-column elementor-col-100 elementor-top-column elementor-element elementor-element-2000242\" data-id=\"2000242\" data-element_type=\"column\" data-e-type=\"column\">\n\t\t\t<div class=\"elementor-widget-wrap elementor-element-populated\">\n\t\t\t\t\t\t<div class=\"elementor-element elementor-element-22810b3 elementor-widget elementor-widget-heading\" data-id=\"22810b3\" data-element_type=\"widget\" data-e-type=\"widget\" data-widget_type=\"heading.default\">\n\t\t\t\t<div class=\"elementor-widget-container\">\n\t\t\t\t\t<h2 class=\"elementor-heading-title elementor-size-default\">THE FRANCISCANA LIBRARY<\/h2>\t\t\t\t<\/div>\n\t\t\t\t<\/div>\n\t\t\t\t<div class=\"elementor-element elementor-element-6bb5b89 elementor-tabs-view-vertical elementor-widget elementor-widget-tabs\" data-id=\"6bb5b89\" data-element_type=\"widget\" data-e-type=\"widget\" data-widget_type=\"tabs.default\">\n\t\t\t\t<div class=\"elementor-widget-container\">\n\t\t\t\t\t\t\t<div class=\"elementor-tabs\">\n\t\t\t<div class=\"elementor-tabs-wrapper\" role=\"tablist\" >\n\t\t\t\t\t\t\t\t\t<div id=\"elementor-tab-title-1121\" class=\"elementor-tab-title elementor-tab-desktop-title\" aria-selected=\"true\" data-tab=\"1\" role=\"tab\" tabindex=\"0\" aria-controls=\"elementor-tab-content-1121\" aria-expanded=\"false\">Animation<\/div>\n\t\t\t\t\t\t\t\t\t<div id=\"elementor-tab-title-1122\" class=\"elementor-tab-title elementor-tab-desktop-title\" aria-selected=\"false\" data-tab=\"2\" role=\"tab\" tabindex=\"-1\" aria-controls=\"elementor-tab-content-1122\" aria-expanded=\"false\">Book<\/div>\n\t\t\t\t\t\t\t\t\t<div id=\"elementor-tab-title-1123\" class=\"elementor-tab-title elementor-tab-desktop-title\" aria-selected=\"false\" data-tab=\"3\" role=\"tab\" tabindex=\"-1\" aria-controls=\"elementor-tab-content-1123\" aria-expanded=\"false\">PASSATEMPO DA TONINHA<\/div>\n\t\t\t\t\t\t\t\t\t<div id=\"elementor-tab-title-1124\" class=\"elementor-tab-title elementor-tab-desktop-title\" aria-selected=\"false\" data-tab=\"4\" role=\"tab\" tabindex=\"-1\" aria-controls=\"elementor-tab-content-1124\" aria-expanded=\"false\">Documentary<\/div>\n\t\t\t\t\t\t\t\t\t<div id=\"elementor-tab-title-1125\" class=\"elementor-tab-title elementor-tab-desktop-title\" aria-selected=\"false\" data-tab=\"5\" role=\"tab\" tabindex=\"-1\" aria-controls=\"elementor-tab-content-1125\" aria-expanded=\"false\">APP<\/div>\n\t\t\t\t\t\t\t<\/div>\n\t\t\t<div class=\"elementor-tabs-content-wrapper\" role=\"tablist\" aria-orientation=\"vertical\">\n\t\t\t\t\t\t\t\t\t<div class=\"elementor-tab-title elementor-tab-mobile-title\" aria-selected=\"true\" data-tab=\"1\" role=\"tab\" tabindex=\"0\" aria-controls=\"elementor-tab-content-1121\" aria-expanded=\"false\">Animation<\/div>\n\t\t\t\t\t<div id=\"elementor-tab-content-1121\" class=\"elementor-tab-content elementor-clearfix\" data-tab=\"1\" role=\"tabpanel\" aria-labelledby=\"elementor-tab-title-1121\" tabindex=\"0\" hidden=\"false\"><p>\u201cAs aventuras da Toninha Babi\u201d (\u201cThe Adventures of Babi, the Franciscana\u201d), a children&#8217;s series of 2D Cutout animation that showcases the universe of franciscanas, the most endangered dolphin species in the coastal waters of Brazil.<\/p>\n<p>The cartoon tells the story of Babi, the franciscana, a dolphin that was born and raised in Babitonga Bay, but ends up in the open sea. Leaving the bay, a rare behavior for Babitonga franciscanas, Babi travels along the coast from north to south of Brazil, meets several species, makes many friends and learns about the need to take care of the Ocean.<\/p>\n<p><iframe title=\"As aventuras da toninha Babi - Novos Mares (curta-metragem)\" width=\"800\" height=\"450\" src=\"https:\/\/www.youtube.com\/embed\/MA-1HcnZYlo?feature=oembed\" frameborder=\"0\" allow=\"accelerometer; autoplay; clipboard-write; encrypted-media; gyroscope; picture-in-picture; web-share\" allowfullscreen><\/iframe><\/p>\n<\/div>\n\t\t\t\t\t\t\t\t\t<div class=\"elementor-tab-title elementor-tab-mobile-title\" aria-selected=\"false\" data-tab=\"2\" role=\"tab\" tabindex=\"-1\" aria-controls=\"elementor-tab-content-1122\" aria-expanded=\"false\">Book<\/div>\n\t\t\t\t\t<div id=\"elementor-tab-content-1122\" class=\"elementor-tab-content elementor-clearfix\" data-tab=\"2\" role=\"tabpanel\" aria-labelledby=\"elementor-tab-title-1122\" tabindex=\"0\" hidden=\"hidden\"><p>The paradidactic book \u201cA toninha Babi e sua turma\u201d (\u201cBabi, the franciscana, and friends\u201d), by Denise Lemke Carletto and Marta Jussara Cremer, brings information on the franciscana and the ecosystems of the region of S\u00e3o Francisco do Sul in a light and interactive way.<\/p>\n<p>Published in 2012, Published in 2012, it gathers a rich material on the species of the local fauna and on the coastal ecosystems of the region, with the franciscana as its main character.<\/p>\n<p>The book is illustrated and brings with it a world full of information and fun. To download the book, just click here. <\/p>\n<p><div class=\"_df_book df-lite\" id=\"df_1065\"  _slug=\"livro\" data-title=\"livro\" wpoptions=\"true\" thumbtype=\"\" ><\/div><script class=\"df-shortcode-script\" nowprocket type=\"application\/javascript\">window.option_df_1065 = {\"webgl\":\"true\",\"outline\":[],\"backgroundColor\":\"#C64A22\",\"autoEnableOutline\":\"false\",\"autoEnableThumbnail\":\"false\",\"overwritePDFOutline\":\"false\",\"enableDownload\":\"true\",\"direction\":\"1\",\"pageSize\":\"0\",\"source\":\"https:\\\/\\\/toninhasdobrasil.com.br\\\/wp-content\\\/uploads\\\/2023\\\/03\\\/Livro_Paradidatico_Projeto_Toninhas_compressed.pdf\",\"wpOptions\":\"true\"}; if(window.DFLIP && window.DFLIP.parseBooks){window.DFLIP.parseBooks();}<\/script><\/p>\n<div id=\"submitdiv\" class=\"postbox \">\n<div class=\"postbox-header\">\n<div class=\"handle-actions hide-if-no-js\"> <\/div>\n<\/div>\n<\/div>\n<\/div>\n\t\t\t\t\t\t\t\t\t<div class=\"elementor-tab-title elementor-tab-mobile-title\" aria-selected=\"false\" data-tab=\"3\" role=\"tab\" tabindex=\"-1\" aria-controls=\"elementor-tab-content-1123\" aria-expanded=\"false\">PASSATEMPO DA TONINHA<\/div>\n\t\t\t\t\t<div id=\"elementor-tab-content-1123\" class=\"elementor-tab-content elementor-clearfix\" data-tab=\"3\" role=\"tabpanel\" aria-labelledby=\"elementor-tab-title-1123\" tabindex=\"0\" hidden=\"hidden\"><p><span style=\"font-weight: 400;\">Com base nos pressupostos da Base Nacional Comum Curricular, e tendo como norte os princ\u00edpios da Cultura Oce\u00e2nica, o \u201clivreto de passatempos da toninha: Um mar de divers\u00e3o\u201dconta com diversas atividades para a primeira inf\u00e2ncia. O conte\u00fado l\u00fadico, destinado \u00e0 fase de pr\u00e9-alfabetiza\u00e7\u00e3o, \u00e9 rico em imagens e cores, favorecendo as habilidades a serem desenvolvidas nessa faixa de desenvolvimento.O livreto possibilita aprendizagens, desenvolvimento e socializa\u00e7\u00e3o, trazendo a toninha e os ecossistemas marinhos para o imagin\u00e1rio infantil.<\/span><\/p>\n<p><div class=\"_df_book df-lite\" id=\"df_2147\"  _slug=\"passatempo-da-toninha\" data-title=\"passatempo-da-toninha\" wpoptions=\"true\" thumbtype=\"\" ><\/div><script class=\"df-shortcode-script\" nowprocket type=\"application\/javascript\">window.option_df_2147 = {\"outline\":[],\"backgroundColor\":\"#C64A22\",\"autoEnableOutline\":\"false\",\"autoEnableThumbnail\":\"false\",\"overwritePDFOutline\":\"false\",\"direction\":\"1\",\"pageSize\":\"0\",\"source\":\"https:\\\/\\\/toninhasdobrasil.com.br\\\/wp-content\\\/uploads\\\/2023\\\/05\\\/passatempo_web_v2-3_compressed.pdf\",\"wpOptions\":\"true\"}; if(window.DFLIP && window.DFLIP.parseBooks){window.DFLIP.parseBooks();}<\/script><\/p>\n<div id=\"submitdiv\" class=\"postbox \">\n<div class=\"postbox-header\">\n<div class=\"handle-actions hide-if-no-js\">\u00a0<\/div>\n<\/div>\n<\/div>\n<\/div>\n\t\t\t\t\t\t\t\t\t<div class=\"elementor-tab-title elementor-tab-mobile-title\" aria-selected=\"false\" data-tab=\"4\" role=\"tab\" tabindex=\"-1\" aria-controls=\"elementor-tab-content-1124\" aria-expanded=\"false\">Documentary<\/div>\n\t\t\t\t\t<div id=\"elementor-tab-content-1124\" class=\"elementor-tab-content elementor-clearfix\" data-tab=\"4\" role=\"tabpanel\" aria-labelledby=\"elementor-tab-title-1124\" tabindex=\"0\" hidden=\"hidden\"><p>The documentary \u201cFranciscanas: on the edge of survival\u201d (\u201cToninhas: No limite da sobreviv\u00eancia\u201d) was released in 2012 and aims to show the situation of the franciscana in different regions along its distribution, which extends from Esp\u00edrito Santo, in Brazil, to Argentina. It also showcases the strategies that have been carried out to reduce this problem and the importance of involving all of us in the species&#8217; conservation actions.<\/p>\n<p>In the year of release, the documentary was distributed to institutions throughout the south and southeast coast of Brazil, in addition to the cities surrounding Ba\u00eda da Babitonga.<\/p>\n<p>It is currently on our YouTube channel, with subtitles in English and Spanish, in this link.<\/p>\n<p><iframe title=\"TONINHAS - NO LIMITE DA SOBREVIVENCIA (Franciscanas, The Limit of Survival)\" width=\"800\" height=\"450\" src=\"https:\/\/www.youtube.com\/embed\/oxpFlAoPmMY?feature=oembed\" frameborder=\"0\" allow=\"accelerometer; autoplay; clipboard-write; encrypted-media; gyroscope; picture-in-picture; web-share\" allowfullscreen><\/iframe><\/p>\n<\/div>\n\t\t\t\t\t\t\t\t\t<div class=\"elementor-tab-title elementor-tab-mobile-title\" aria-selected=\"false\" data-tab=\"5\" role=\"tab\" tabindex=\"-1\" aria-controls=\"elementor-tab-content-1125\" aria-expanded=\"false\">APP<\/div>\n\t\t\t\t\t<div id=\"elementor-tab-content-1125\" class=\"elementor-tab-content elementor-clearfix\" data-tab=\"5\" role=\"tabpanel\" aria-labelledby=\"elementor-tab-title-1125\" tabindex=\"0\" hidden=\"hidden\"><p>The apps \u201cToninha\u2019s Life\u201d and \u201cToninha\u2019s Adventure\u201d are educational games that recreate the environment and characteristics of the lives of franciscanas, in addition to including in the context of the games the impacts they suffer and actions aimed at their conservation.<\/p>\n<p>They work as a strategy to present franciscana to the general public in a new format, through the engagement elicited by this type of entertainment.<\/p>\n<p>The games have been carefully planned for parents and teachers to play with their children and students. Available for iOS and Android, free and suitable for all audiences. Let\u2019s have fun and learn!<\/p>\n<p><img fetchpriority=\"high\" decoding=\"async\" class=\"wp-image-1390 size-full\" src=\"https:\/\/toninhasdobrasil.com.br\/wp-content\/uploads\/2023\/04\/43_Aplicativos.jpg\" alt=\" Illustrative banner of Toninhas do Brasil applications in the game style Toninha\u2019s Life and Toninha\u2019s Adventure.\" width=\"884\" height=\"761\" srcset=\"https:\/\/toninhasdobrasil.com.br\/wp-content\/uploads\/2023\/04\/43_Aplicativos.jpg 884w, https:\/\/toninhasdobrasil.com.br\/wp-content\/uploads\/2023\/04\/43_Aplicativos-300x258.jpg 300w, https:\/\/toninhasdobrasil.com.br\/wp-content\/uploads\/2023\/04\/43_Aplicativos-768x661.jpg 768w\" sizes=\"(max-width: 884px) 100vw, 884px\" \/> <em>Illustrative banner of Toninhas do Brasil applications in the game style Toninha\u2019s Life and Toninha\u2019s Adventure.<\/em><\/p>\n<\/div>\n\t\t\t\t\t\t\t<\/div>\n\t\t<\/div>\n\t\t\t\t\t\t<\/div>\n\t\t\t\t<\/div>\n\t\t\t\t\t<\/div>\n\t\t<\/div>\n\t\t\t\t\t<\/div>\n\t\t<\/section>\n\t\t\t\t<\/div>\n\t\t","protected":false},"excerpt":{"rendered":"<p>THE FRANCISCANA LIBRARY Animation Book PASSATEMPO DA TONINHA Documentary APP Animation \u201cAs aventuras da Toninha Babi\u201d (\u201cThe Adventures of Babi, the Franciscana\u201d), a children&#8217;s series of 2D Cutout animation that showcases the universe of franciscanas, the most endangered dolphin species in the coastal waters of Brazil. The cartoon tells the story of Babi, the franciscana, [&hellip;]<\/p>\n","protected":false},"author":1,"featured_media":0,"parent":0,"menu_order":0,"comment_status":"closed","ping_status":"closed","template":"","meta":{"_acf_changed":false,"footnotes":""},"class_list":["post-1537","page","type-page","status-publish","hentry"],"acf":[],"_links":{"self":[{"href":"https:\/\/toninhasdobrasil.com.br\/en\/wp-json\/wp\/v2\/pages\/1537","targetHints":{"allow":["GET"]}}],"collection":[{"href":"https:\/\/toninhasdobrasil.com.br\/en\/wp-json\/wp\/v2\/pages"}],"about":[{"href":"https:\/\/toninhasdobrasil.com.br\/en\/wp-json\/wp\/v2\/types\/page"}],"author":[{"embeddable":true,"href":"https:\/\/toninhasdobrasil.com.br\/en\/wp-json\/wp\/v2\/users\/1"}],"replies":[{"embeddable":true,"href":"https:\/\/toninhasdobrasil.com.br\/en\/wp-json\/wp\/v2\/comments?post=1537"}],"version-history":[{"count":5,"href":"https:\/\/toninhasdobrasil.com.br\/en\/wp-json\/wp\/v2\/pages\/1537\/revisions"}],"predecessor-version":[{"id":2652,"href":"https:\/\/toninhasdobrasil.com.br\/en\/wp-json\/wp\/v2\/pages\/1537\/revisions\/2652"}],"wp:attachment":[{"href":"https:\/\/toninhasdobrasil.com.br\/en\/wp-json\/wp\/v2\/media?parent=1537"}],"curies":[{"name":"wp","href":"https:\/\/api.w.org\/{rel}","templated":true}]}}