{"id":1567,"date":"2023-04-05T03:26:53","date_gmt":"2023-04-05T03:26:53","guid":{"rendered":"https:\/\/toninhasdobrasil.com.br\/public-policies\/"},"modified":"2023-05-04T02:40:05","modified_gmt":"2023-05-04T02:40:05","slug":"public-policies","status":"publish","type":"page","link":"https:\/\/toninhasdobrasil.com.br\/en\/public-policies\/","title":{"rendered":"PUBLIC POLICIES"},"content":{"rendered":"\t\t<div data-elementor-type=\"wp-page\" data-elementor-id=\"1567\" class=\"elementor elementor-1567 elementor-1345\" data-elementor-post-type=\"page\">\n\t\t\t\t\t\t<section class=\"elementor-section elementor-top-section elementor-element elementor-element-b203fa1 elementor-section-height-min-height elementor-section-boxed elementor-section-height-default elementor-section-items-middle\" data-id=\"b203fa1\" data-element_type=\"section\" data-e-type=\"section\" data-settings=\"{&quot;background_background&quot;:&quot;classic&quot;}\">\n\t\t\t\t\t\t<div class=\"elementor-container elementor-column-gap-default\">\n\t\t\t\t\t<div class=\"elementor-column elementor-col-100 elementor-top-column elementor-element elementor-element-ad3b2c7\" data-id=\"ad3b2c7\" data-element_type=\"column\" data-e-type=\"column\">\n\t\t\t<div class=\"elementor-widget-wrap\">\n\t\t\t\t\t\t\t<\/div>\n\t\t<\/div>\n\t\t\t\t\t<\/div>\n\t\t<\/section>\n\t\t\t\t<section class=\"elementor-section elementor-top-section elementor-element elementor-element-0873a79 elementor-section-boxed elementor-section-height-default elementor-section-height-default\" data-id=\"0873a79\" data-element_type=\"section\" data-e-type=\"section\" data-settings=\"{&quot;background_background&quot;:&quot;classic&quot;,&quot;shape_divider_bottom&quot;:&quot;tilt&quot;}\">\n\t\t\t\t\t<div class=\"elementor-shape elementor-shape-bottom\" aria-hidden=\"true\" data-negative=\"false\">\n\t\t\t<svg xmlns=\"http:\/\/www.w3.org\/2000\/svg\" viewBox=\"0 0 1000 100\" preserveAspectRatio=\"none\">\n\t<path class=\"elementor-shape-fill\" d=\"M0,6V0h1000v100L0,6z\"\/>\n<\/svg>\t\t<\/div>\n\t\t\t\t\t<div class=\"elementor-container elementor-column-gap-default\">\n\t\t\t\t\t<div class=\"elementor-column elementor-col-100 elementor-top-column elementor-element elementor-element-89e1a7d\" data-id=\"89e1a7d\" data-element_type=\"column\" data-e-type=\"column\">\n\t\t\t<div class=\"elementor-widget-wrap elementor-element-populated\">\n\t\t\t\t\t\t<div class=\"elementor-element elementor-element-7e6ac5f elementor-widget-divider--view-line elementor-widget elementor-widget-divider\" data-id=\"7e6ac5f\" data-element_type=\"widget\" data-e-type=\"widget\" data-widget_type=\"divider.default\">\n\t\t\t\t<div class=\"elementor-widget-container\">\n\t\t\t\t\t\t\t<div class=\"elementor-divider\">\n\t\t\t<span class=\"elementor-divider-separator\">\n\t\t\t\t\t\t<\/span>\n\t\t<\/div>\n\t\t\t\t\t\t<\/div>\n\t\t\t\t<\/div>\n\t\t\t\t<div class=\"elementor-element elementor-element-6bf6fb3 elementor-widget elementor-widget-heading\" data-id=\"6bf6fb3\" data-element_type=\"widget\" data-e-type=\"widget\" data-widget_type=\"heading.default\">\n\t\t\t\t<div class=\"elementor-widget-container\">\n\t\t\t\t\t<h2 class=\"elementor-heading-title elementor-size-default\">PUBLIC POLICIES<\/h2>\t\t\t\t<\/div>\n\t\t\t\t<\/div>\n\t\t\t\t\t<\/div>\n\t\t<\/div>\n\t\t\t\t\t<\/div>\n\t\t<\/section>\n\t\t\t\t<section class=\"elementor-section elementor-top-section elementor-element elementor-element-a89c85a elementor-section-content-top elementor-section-boxed elementor-section-height-default elementor-section-height-default\" data-id=\"a89c85a\" data-element_type=\"section\" data-e-type=\"section\" id=\"plano-de-acao\">\n\t\t\t\t\t\t<div class=\"elementor-container elementor-column-gap-default\">\n\t\t\t\t\t<div class=\"elementor-column elementor-col-50 elementor-top-column elementor-element elementor-element-7192c98\" data-id=\"7192c98\" data-element_type=\"column\" data-e-type=\"column\">\n\t\t\t<div class=\"elementor-widget-wrap elementor-element-populated\">\n\t\t\t\t\t\t<div class=\"elementor-element elementor-element-2423762 elementor-widget elementor-widget-heading\" data-id=\"2423762\" data-element_type=\"widget\" data-e-type=\"widget\" id=\"plan-accion\" data-widget_type=\"heading.default\">\n\t\t\t\t<div class=\"elementor-widget-container\">\n\t\t\t\t\t<h2 class=\"elementor-heading-title elementor-size-default\"><a href=\"https:\/\/toninhasdobrasil.com.br\/en\/public-policies\/#plano-de-acao\">ACTION AND MANAGEMENT PLAN<\/a><\/h2>\t\t\t\t<\/div>\n\t\t\t\t<\/div>\n\t\t\t\t<div class=\"elementor-element elementor-element-bea952c elementor-widget elementor-widget-text-editor\" data-id=\"bea952c\" data-element_type=\"widget\" data-e-type=\"widget\" data-widget_type=\"text-editor.default\">\n\t\t\t\t<div class=\"elementor-widget-container\">\n\t\t\t\t\t\t\t\t\t<p>The National Action Plans (PANs) are a public policy in Brazil and serve to guide the research and management actions necessary to reverse the situation of endangered species. The proposed actions are the shared responsibility of public authorities and civil society, as protecting our biodiversity is everyone&#8217;s commitment. Members of Toninhas do Brasil participated in the elaboration process of the National Action Plan for the Conservation of the Franciscana (PAN Toninha), acting as articulators and collaborators in several actions, and participated in the Technical Support Group (Grupo de Apoio T\u00e9cnico &#8211; GAT) of this plan. Actions include research, monitoring, environmental education and management of ecosystems and fisheries, in addition to the implementation of new public policies.<br \/>Internationally, the project contributed to the construction of the Conservation and Management Plan of the International Whaling Commission, which seeks to guide the countries involved with respect to the actions necessary for the conservation of the species, in an integrated and collaborative manner.<\/p>\n\t\t\t\t\t\t\t\t<\/div>\n\t\t\t\t<\/div>\n\t\t\t\t\t<\/div>\n\t\t<\/div>\n\t\t\t\t<div class=\"elementor-column elementor-col-50 elementor-top-column elementor-element elementor-element-927ee2b\" data-id=\"927ee2b\" data-element_type=\"column\" data-e-type=\"column\">\n\t\t\t<div class=\"elementor-widget-wrap elementor-element-populated\">\n\t\t\t\t\t\t<div class=\"elementor-element elementor-element-564718f elementor-widget elementor-widget-image\" data-id=\"564718f\" data-element_type=\"widget\" data-e-type=\"widget\" data-widget_type=\"image.default\">\n\t\t\t\t<div class=\"elementor-widget-container\">\n\t\t\t\t\t\t\t\t\t\t\t\t<figure class=\"wp-caption\">\n\t\t\t\t\t\t\t\t\t\t<img fetchpriority=\"high\" decoding=\"async\" width=\"800\" height=\"518\" src=\"https:\/\/toninhasdobrasil.com.br\/wp-content\/uploads\/2023\/04\/38_Plano-de-acao-1024x663.jpg\" class=\"attachment-large size-large wp-image-1355\" alt=\"Pesquisadores do Toninhas do Brasil, representantes da sociedade civil, de \u00f3rg\u00e3os ambientais e APA da Baleia Franca durante reuni\u00e3o de gest\u00e3o no ano de 2019 em Garopaba (SC).\" srcset=\"https:\/\/toninhasdobrasil.com.br\/wp-content\/uploads\/2023\/04\/38_Plano-de-acao-1024x663.jpg 1024w, https:\/\/toninhasdobrasil.com.br\/wp-content\/uploads\/2023\/04\/38_Plano-de-acao-300x194.jpg 300w, https:\/\/toninhasdobrasil.com.br\/wp-content\/uploads\/2023\/04\/38_Plano-de-acao-768x498.jpg 768w, https:\/\/toninhasdobrasil.com.br\/wp-content\/uploads\/2023\/04\/38_Plano-de-acao-1536x995.jpg 1536w, https:\/\/toninhasdobrasil.com.br\/wp-content\/uploads\/2023\/04\/38_Plano-de-acao.jpg 1920w\" sizes=\"(max-width: 800px) 100vw, 800px\" \/>\t\t\t\t\t\t\t\t\t\t\t<figcaption class=\"widget-image-caption wp-caption-text\">Researchers from Toninhas do Brasil and representatives of civil society, environmental agencies and the Right Whale Environmental Protection Area during a management meeting in Garopaba (Santa Catarina), in 2019.<\/figcaption>\n\t\t\t\t\t\t\t\t\t\t<\/figure>\n\t\t\t\t\t\t\t\t\t<\/div>\n\t\t\t\t<\/div>\n\t\t\t\t\t<\/div>\n\t\t<\/div>\n\t\t\t\t\t<\/div>\n\t\t<\/section>\n\t\t\t\t<section class=\"elementor-section elementor-top-section elementor-element elementor-element-ac04d48 elementor-section-content-top elementor-section-boxed elementor-section-height-default elementor-section-height-default\" data-id=\"ac04d48\" data-element_type=\"section\" data-e-type=\"section\" id=\"manejo-da-pesca\">\n\t\t\t\t\t\t<div class=\"elementor-container elementor-column-gap-default\">\n\t\t\t\t\t<div class=\"elementor-column elementor-col-50 elementor-top-column elementor-element elementor-element-38d3713\" data-id=\"38d3713\" data-element_type=\"column\" data-e-type=\"column\">\n\t\t\t<div class=\"elementor-widget-wrap elementor-element-populated\">\n\t\t\t\t\t\t<div class=\"elementor-element elementor-element-c3f44ea elementor-widget elementor-widget-heading\" data-id=\"c3f44ea\" data-element_type=\"widget\" data-e-type=\"widget\" data-widget_type=\"heading.default\">\n\t\t\t\t<div class=\"elementor-widget-container\">\n\t\t\t\t\t<h2 class=\"elementor-heading-title elementor-size-default\">FISHERIES MANAGEMENT<\/h2>\t\t\t\t<\/div>\n\t\t\t\t<\/div>\n\t\t\t\t<div class=\"elementor-element elementor-element-5b84ad4 elementor-widget elementor-widget-text-editor\" data-id=\"5b84ad4\" data-element_type=\"widget\" data-e-type=\"widget\" data-widget_type=\"text-editor.default\">\n\t\t\t\t<div class=\"elementor-widget-container\">\n\t\t\t\t\t\t\t\t\t<p>The sustainability of fishing is everyone&#8217;s goal, because it is only through it that we will achieve a productive, diverse and balanced ocean. It is from this perspective that Toninhas do Brasil hopes to contribute, aiming at reducing bycatch of non-target species, more specifically small cetaceans such as the franciscana. To this end, the project has been making efforts to expand knowledge about artisanal fishing activities in different territories of S\u00e3o Paulo, Paran\u00e1 and Santa Catarina, either by monitoring fish landing, or through local ecological knowledge; and seeking strategies to reduce bycatch.<br \/>There are different approaches to bycatch reduction that are already being used in other countries. However, at this stage of the project, our focus is on the use of acoustic alarms, which have the potential to alert the franciscanas and prevent them from approaching the nets, without compromising fishing. Our pilot project, which is in progress, aims to evaluate the effectiveness and feasibility of alarms in a real fishing situation in Brazil, with the collaboration and experience of fishermen.<\/p>\n\t\t\t\t\t\t\t\t<\/div>\n\t\t\t\t<\/div>\n\t\t\t\t\t<\/div>\n\t\t<\/div>\n\t\t\t\t<div class=\"elementor-column elementor-col-50 elementor-top-column elementor-element elementor-element-9d36040\" data-id=\"9d36040\" data-element_type=\"column\" data-e-type=\"column\">\n\t\t\t<div class=\"elementor-widget-wrap elementor-element-populated\">\n\t\t\t\t\t\t<div class=\"elementor-element elementor-element-7d17837 elementor-widget elementor-widget-image\" data-id=\"7d17837\" data-element_type=\"widget\" data-e-type=\"widget\" data-widget_type=\"image.default\">\n\t\t\t\t<div class=\"elementor-widget-container\">\n\t\t\t\t\t\t\t\t\t\t\t\t<figure class=\"wp-caption\">\n\t\t\t\t\t\t\t\t\t\t<img decoding=\"async\" width=\"800\" height=\"600\" src=\"https:\/\/toninhasdobrasil.com.br\/wp-content\/uploads\/2023\/04\/39_Manejo-de-pesca-1024x768.jpg\" class=\"attachment-large size-large wp-image-1358\" alt=\"Pescadores e pesquisadores em volta de uma mesa que tem um mapa no centro. O pequeno grupo gesticula e conversa apontando para o mapa\" srcset=\"https:\/\/toninhasdobrasil.com.br\/wp-content\/uploads\/2023\/04\/39_Manejo-de-pesca-1024x768.jpg 1024w, https:\/\/toninhasdobrasil.com.br\/wp-content\/uploads\/2023\/04\/39_Manejo-de-pesca-300x225.jpg 300w, https:\/\/toninhasdobrasil.com.br\/wp-content\/uploads\/2023\/04\/39_Manejo-de-pesca-768x576.jpg 768w, https:\/\/toninhasdobrasil.com.br\/wp-content\/uploads\/2023\/04\/39_Manejo-de-pesca-1536x1152.jpg 1536w, https:\/\/toninhasdobrasil.com.br\/wp-content\/uploads\/2023\/04\/39_Manejo-de-pesca.jpg 1920w\" sizes=\"(max-width: 800px) 100vw, 800px\" \/>\t\t\t\t\t\t\t\t\t\t\t<figcaption class=\"widget-image-caption wp-caption-text\">Fishermen and researchers around a table with a map at the center. The small group gestures and talks, pointing to the map. <\/figcaption>\n\t\t\t\t\t\t\t\t\t\t<\/figure>\n\t\t\t\t\t\t\t\t\t<\/div>\n\t\t\t\t<\/div>\n\t\t\t\t\t<\/div>\n\t\t<\/div>\n\t\t\t\t\t<\/div>\n\t\t<\/section>\n\t\t\t\t<section class=\"elementor-section elementor-top-section elementor-element elementor-element-2fff173 elementor-section-content-top elementor-section-boxed elementor-section-height-default elementor-section-height-default\" data-id=\"2fff173\" data-element_type=\"section\" data-e-type=\"section\" id=\"turismo-da-natureza\">\n\t\t\t\t\t\t<div class=\"elementor-container elementor-column-gap-default\">\n\t\t\t\t\t<div class=\"elementor-column elementor-col-50 elementor-top-column elementor-element elementor-element-370a373\" data-id=\"370a373\" data-element_type=\"column\" data-e-type=\"column\">\n\t\t\t<div class=\"elementor-widget-wrap elementor-element-populated\">\n\t\t\t\t\t\t<div class=\"elementor-element elementor-element-d1cdb79 elementor-widget elementor-widget-heading\" data-id=\"d1cdb79\" data-element_type=\"widget\" data-e-type=\"widget\" data-widget_type=\"heading.default\">\n\t\t\t\t<div class=\"elementor-widget-container\">\n\t\t\t\t\t<h2 class=\"elementor-heading-title elementor-size-default\">NATURE TOURISM<\/h2>\t\t\t\t<\/div>\n\t\t\t\t<\/div>\n\t\t\t\t<div class=\"elementor-element elementor-element-46b3034 elementor-widget elementor-widget-text-editor\" data-id=\"46b3034\" data-element_type=\"widget\" data-e-type=\"widget\" data-widget_type=\"text-editor.default\">\n\t\t\t\t<div class=\"elementor-widget-container\">\n\t\t\t\t\t\t\t\t\tNature tourism aimed at observing wildlife can be an important ally in the conservation of species, as long as it is conducted responsibly. From this perspective, Toninhas do Brasil has been working on the development of protocols for observing franciscanas, initially focusing on Babitonga Bay, in an integrated manner with other tourist attractions in the region. It also conducts courses and training for nature observation tourism in the region, aiming to develop this activity in a sustainable way in the territory, contributing to the local communities. \n\t\t\t\t\t\t\t\t<\/div>\n\t\t\t\t<\/div>\n\t\t\t\t\t<\/div>\n\t\t<\/div>\n\t\t\t\t<div class=\"elementor-column elementor-col-50 elementor-top-column elementor-element elementor-element-3c062b5\" data-id=\"3c062b5\" data-element_type=\"column\" data-e-type=\"column\">\n\t\t\t<div class=\"elementor-widget-wrap elementor-element-populated\">\n\t\t\t\t\t\t<div class=\"elementor-element elementor-element-5581245 elementor-widget elementor-widget-image\" data-id=\"5581245\" data-element_type=\"widget\" data-e-type=\"widget\" data-widget_type=\"image.default\">\n\t\t\t\t<div class=\"elementor-widget-container\">\n\t\t\t\t\t\t\t\t\t\t\t\t<figure class=\"wp-caption\">\n\t\t\t\t\t\t\t\t\t\t<img decoding=\"async\" width=\"640\" height=\"448\" src=\"https:\/\/toninhasdobrasil.com.br\/wp-content\/uploads\/2023\/04\/40_Turismo-de-natureza.jpg\" class=\"attachment-large size-large wp-image-1361\" alt=\"Veleiro ECO ancorando em S\u00e3o Francisco do Sul durante p\u00f4r do sol em 2019\" srcset=\"https:\/\/toninhasdobrasil.com.br\/wp-content\/uploads\/2023\/04\/40_Turismo-de-natureza.jpg 640w, https:\/\/toninhasdobrasil.com.br\/wp-content\/uploads\/2023\/04\/40_Turismo-de-natureza-300x210.jpg 300w\" sizes=\"(max-width: 640px) 100vw, 640px\" \/>\t\t\t\t\t\t\t\t\t\t\t<figcaption class=\"widget-image-caption wp-caption-text\">ECO sailboat anchoring in S\u00e3o Francisco do Sul at sunset, in 2019.<\/figcaption>\n\t\t\t\t\t\t\t\t\t\t<\/figure>\n\t\t\t\t\t\t\t\t\t<\/div>\n\t\t\t\t<\/div>\n\t\t\t\t\t<\/div>\n\t\t<\/div>\n\t\t\t\t\t<\/div>\n\t\t<\/section>\n\t\t\t\t<section class=\"elementor-section elementor-top-section elementor-element elementor-element-1a40092 elementor-section-content-top elementor-section-boxed elementor-section-height-default elementor-section-height-default\" data-id=\"1a40092\" data-element_type=\"section\" data-e-type=\"section\" id=\"gestao-ecossistema-costeiro\">\n\t\t\t\t\t\t<div class=\"elementor-container elementor-column-gap-default\">\n\t\t\t\t\t<div class=\"elementor-column elementor-col-50 elementor-top-column elementor-element elementor-element-72f3eda\" data-id=\"72f3eda\" data-element_type=\"column\" data-e-type=\"column\">\n\t\t\t<div class=\"elementor-widget-wrap elementor-element-populated\">\n\t\t\t\t\t\t<div class=\"elementor-element elementor-element-1263faf elementor-widget elementor-widget-heading\" data-id=\"1263faf\" data-element_type=\"widget\" data-e-type=\"widget\" data-widget_type=\"heading.default\">\n\t\t\t\t<div class=\"elementor-widget-container\">\n\t\t\t\t\t<h2 class=\"elementor-heading-title elementor-size-default\">COASTAL ECOSYSTEM MANAGEMENT<\/h2>\t\t\t\t<\/div>\n\t\t\t\t<\/div>\n\t\t\t\t<div class=\"elementor-element elementor-element-6ffdf61 elementor-widget elementor-widget-text-editor\" data-id=\"6ffdf61\" data-element_type=\"widget\" data-e-type=\"widget\" data-widget_type=\"text-editor.default\">\n\t\t\t\t<div class=\"elementor-widget-container\">\n\t\t\t\t\t\t\t\t\tThe conservation of franciscanas depends, essentially, on the conservation of the coastal ecosystems where they live. The Toninhas do Brasil team participates in different discussion forums related to marine conservation. At a regional level, for example, we are part of the Pr\u00f3-Babitonga Group, a multisectoral collective that discusses issues related to the use of this territory. \nThe project also seeks to contribute to the deliberations of the Management Councils of Conservation Units existing in the territories where it operates. At this stage, we work in four Conservation Units: the North Coast Marine Environmental Protection Area and the South Coast Marine Environmental Protection Area, both in S\u00e3o Paulo; the National Marine Park of Currais, in Paran\u00e1; and the Right Whale Environmental Protection Area, in Santa Catarina.\nThe scientific publications produced by the project are forwarded, whenever necessary, to the government bodies involved in the management of these territories. The project also provides specific technical opinions. Generating technical subsidies for the elaboration of public policies aimed at the conservation of marine fauna is part of our mission. \n\t\t\t\t\t\t\t\t<\/div>\n\t\t\t\t<\/div>\n\t\t\t\t\t<\/div>\n\t\t<\/div>\n\t\t\t\t<div class=\"elementor-column elementor-col-50 elementor-top-column elementor-element elementor-element-6f50782\" data-id=\"6f50782\" data-element_type=\"column\" data-e-type=\"column\">\n\t\t\t<div class=\"elementor-widget-wrap elementor-element-populated\">\n\t\t\t\t\t\t<div class=\"elementor-element elementor-element-fb6387f elementor-widget elementor-widget-image\" data-id=\"fb6387f\" data-element_type=\"widget\" data-e-type=\"widget\" data-widget_type=\"image.default\">\n\t\t\t\t<div class=\"elementor-widget-container\">\n\t\t\t\t\t\t\t\t\t\t\t\t<figure class=\"wp-caption\">\n\t\t\t\t\t\t\t\t\t\t<img loading=\"lazy\" decoding=\"async\" width=\"800\" height=\"600\" src=\"https:\/\/toninhasdobrasil.com.br\/wp-content\/uploads\/2023\/04\/41_Gestao-de-ecossistemas-costeiros-1024x768.jpg\" class=\"attachment-large size-large wp-image-1364\" alt=\"Renan Paitacha, coordenador de pesquisa do Toninhas do Brasil apresenta projeto ao Grupo Multisetorial Pr\u00f3-Babitonga em Joinville no ano de 2018.\" srcset=\"https:\/\/toninhasdobrasil.com.br\/wp-content\/uploads\/2023\/04\/41_Gestao-de-ecossistemas-costeiros-1024x768.jpg 1024w, https:\/\/toninhasdobrasil.com.br\/wp-content\/uploads\/2023\/04\/41_Gestao-de-ecossistemas-costeiros-300x225.jpg 300w, https:\/\/toninhasdobrasil.com.br\/wp-content\/uploads\/2023\/04\/41_Gestao-de-ecossistemas-costeiros-768x576.jpg 768w, https:\/\/toninhasdobrasil.com.br\/wp-content\/uploads\/2023\/04\/41_Gestao-de-ecossistemas-costeiros-1536x1152.jpg 1536w, https:\/\/toninhasdobrasil.com.br\/wp-content\/uploads\/2023\/04\/41_Gestao-de-ecossistemas-costeiros.jpg 1920w\" sizes=\"(max-width: 800px) 100vw, 800px\" \/>\t\t\t\t\t\t\t\t\t\t\t<figcaption class=\"widget-image-caption wp-caption-text\">Renan Paitach, research coordinator at Toninhas do Brasil, presents a project to the Pr\u00f3-Babitonga Multisectoral Group in Joinville in 2018.<\/figcaption>\n\t\t\t\t\t\t\t\t\t\t<\/figure>\n\t\t\t\t\t\t\t\t\t<\/div>\n\t\t\t\t<\/div>\n\t\t\t\t\t<\/div>\n\t\t<\/div>\n\t\t\t\t\t<\/div>\n\t\t<\/section>\n\t\t\t\t<\/div>\n\t\t","protected":false},"excerpt":{"rendered":"<p>ACTION AND MANAGEMENT PLAN The National Action Plans (PANs) are a public policy in Brazil and serve to guide the research and management actions necessary to reverse the situation of endangered species. The proposed actions are the shared responsibility of public authorities and civil society, as protecting our biodiversity is everyone&#8217;s commitment. Members of Toninhas [&hellip;]<\/p>\n","protected":false},"author":1,"featured_media":0,"parent":0,"menu_order":0,"comment_status":"closed","ping_status":"closed","template":"elementor_header_footer","meta":{"_acf_changed":false,"footnotes":""},"class_list":["post-1567","page","type-page","status-publish","hentry"],"acf":[],"_links":{"self":[{"href":"https:\/\/toninhasdobrasil.com.br\/en\/wp-json\/wp\/v2\/pages\/1567","targetHints":{"allow":["GET"]}}],"collection":[{"href":"https:\/\/toninhasdobrasil.com.br\/en\/wp-json\/wp\/v2\/pages"}],"about":[{"href":"https:\/\/toninhasdobrasil.com.br\/en\/wp-json\/wp\/v2\/types\/page"}],"author":[{"embeddable":true,"href":"https:\/\/toninhasdobrasil.com.br\/en\/wp-json\/wp\/v2\/users\/1"}],"replies":[{"embeddable":true,"href":"https:\/\/toninhasdobrasil.com.br\/en\/wp-json\/wp\/v2\/comments?post=1567"}],"version-history":[{"count":5,"href":"https:\/\/toninhasdobrasil.com.br\/en\/wp-json\/wp\/v2\/pages\/1567\/revisions"}],"predecessor-version":[{"id":2522,"href":"https:\/\/toninhasdobrasil.com.br\/en\/wp-json\/wp\/v2\/pages\/1567\/revisions\/2522"}],"wp:attachment":[{"href":"https:\/\/toninhasdobrasil.com.br\/en\/wp-json\/wp\/v2\/media?parent=1567"}],"curies":[{"name":"wp","href":"https:\/\/api.w.org\/{rel}","templated":true}]}}