{"id":2047,"date":"2023-02-25T18:05:35","date_gmt":"2023-02-25T18:05:35","guid":{"rendered":"https:\/\/toninhasdobrasil.com.br\/historia\/"},"modified":"2023-05-03T04:01:39","modified_gmt":"2023-05-03T04:01:39","slug":"historia","status":"publish","type":"page","link":"https:\/\/toninhasdobrasil.com.br\/es\/historia\/","title":{"rendered":"Hist\u00f3ria"},"content":{"rendered":"\t\t<div data-elementor-type=\"wp-page\" data-elementor-id=\"2047\" class=\"elementor elementor-2047 elementor-108\" data-elementor-post-type=\"page\">\n\t\t\t\t\t\t<section class=\"elementor-section elementor-top-section elementor-element elementor-element-01f6a34 elementor-section-height-min-height elementor-section-boxed elementor-section-height-default elementor-section-items-middle\" data-id=\"01f6a34\" data-element_type=\"section\" data-e-type=\"section\" data-settings=\"{&quot;background_background&quot;:&quot;classic&quot;}\">\n\t\t\t\t\t\t<div class=\"elementor-container elementor-column-gap-default\">\n\t\t\t\t\t<div class=\"elementor-column elementor-col-100 elementor-top-column elementor-element elementor-element-940c53f\" data-id=\"940c53f\" data-element_type=\"column\" data-e-type=\"column\">\n\t\t\t<div class=\"elementor-widget-wrap\">\n\t\t\t\t\t\t\t<\/div>\n\t\t<\/div>\n\t\t\t\t\t<\/div>\n\t\t<\/section>\n\t\t\t\t<section class=\"elementor-section elementor-top-section elementor-element elementor-element-df5fde2 elementor-section-boxed elementor-section-height-default elementor-section-height-default\" data-id=\"df5fde2\" data-element_type=\"section\" data-e-type=\"section\" data-settings=\"{&quot;background_background&quot;:&quot;classic&quot;,&quot;shape_divider_bottom&quot;:&quot;tilt&quot;}\">\n\t\t\t\t\t<div class=\"elementor-shape elementor-shape-bottom\" aria-hidden=\"true\" data-negative=\"false\">\n\t\t\t<svg xmlns=\"http:\/\/www.w3.org\/2000\/svg\" viewBox=\"0 0 1000 100\" preserveAspectRatio=\"none\">\n\t<path class=\"elementor-shape-fill\" d=\"M0,6V0h1000v100L0,6z\"\/>\n<\/svg>\t\t<\/div>\n\t\t\t\t\t<div class=\"elementor-container elementor-column-gap-default\">\n\t\t\t\t\t<div class=\"elementor-column elementor-col-100 elementor-top-column elementor-element elementor-element-ba0d2bf\" data-id=\"ba0d2bf\" data-element_type=\"column\" data-e-type=\"column\">\n\t\t\t<div class=\"elementor-widget-wrap elementor-element-populated\">\n\t\t\t\t\t\t<div class=\"elementor-element elementor-element-8e2d63e elementor-widget-divider--view-line elementor-widget elementor-widget-divider\" data-id=\"8e2d63e\" data-element_type=\"widget\" data-e-type=\"widget\" data-widget_type=\"divider.default\">\n\t\t\t\t<div class=\"elementor-widget-container\">\n\t\t\t\t\t\t\t<div class=\"elementor-divider\">\n\t\t\t<span class=\"elementor-divider-separator\">\n\t\t\t\t\t\t<\/span>\n\t\t<\/div>\n\t\t\t\t\t\t<\/div>\n\t\t\t\t<\/div>\n\t\t\t\t<div class=\"elementor-element elementor-element-5f63d61 elementor-widget elementor-widget-heading\" data-id=\"5f63d61\" data-element_type=\"widget\" data-e-type=\"widget\" data-widget_type=\"heading.default\">\n\t\t\t\t<div class=\"elementor-widget-container\">\n\t\t\t\t\t<h2 class=\"elementor-heading-title elementor-size-default\">Hist\u00f3ria<\/h2>\t\t\t\t<\/div>\n\t\t\t\t<\/div>\n\t\t\t\t\t<\/div>\n\t\t<\/div>\n\t\t\t\t\t<\/div>\n\t\t<\/section>\n\t\t\t\t<section class=\"elementor-section elementor-top-section elementor-element elementor-element-d374122 elementor-section-content-top elementor-section-boxed elementor-section-height-default elementor-section-height-default\" data-id=\"d374122\" data-element_type=\"section\" data-e-type=\"section\">\n\t\t\t\t\t\t<div class=\"elementor-container elementor-column-gap-default\">\n\t\t\t\t\t<div class=\"elementor-column elementor-col-50 elementor-top-column elementor-element elementor-element-6786fba\" data-id=\"6786fba\" data-element_type=\"column\" data-e-type=\"column\">\n\t\t\t<div class=\"elementor-widget-wrap elementor-element-populated\">\n\t\t\t\t\t\t<div class=\"elementor-element elementor-element-2c2648a elementor-widget elementor-widget-text-editor\" data-id=\"2c2648a\" data-element_type=\"widget\" data-e-type=\"widget\" data-widget_type=\"text-editor.default\">\n\t\t\t\t<div class=\"elementor-widget-container\">\n\t\t\t\t\t\t\t\t\t<p>\u201cO Toninhas\u201d de Brasil es referencia en Brasil y en el mundo cuando se trata de investigaci\u00f3n y conservaci\u00f3n de peque\u00f1os cet\u00e1ceos, especialmente la franciscana, destac\u00e1ndose tambi\u00e9n en acciones de sensibilizaci\u00f3n ambiental.<\/p>\n<p>Desarrolla acciones de forma articulada con varias instituciones nacionales e internacionales, fortaleciendo las alianzas para el trabajo en redes.<\/p>\n\t\t\t\t\t\t\t\t<\/div>\n\t\t\t\t<\/div>\n\t\t\t\t<div class=\"elementor-element elementor-element-42102d2 elementor-widget elementor-widget-image\" data-id=\"42102d2\" data-element_type=\"widget\" data-e-type=\"widget\" data-widget_type=\"image.default\">\n\t\t\t\t<div class=\"elementor-widget-container\">\n\t\t\t\t\t\t\t\t\t\t\t\t\t\t\t<img fetchpriority=\"high\" decoding=\"async\" width=\"754\" height=\"364\" src=\"https:\/\/toninhasdobrasil.com.br\/wp-content\/uploads\/2023\/02\/logo_toninhas_antigo.jpg\" class=\"attachment-large size-large wp-image-594\" alt=\"\" srcset=\"https:\/\/toninhasdobrasil.com.br\/wp-content\/uploads\/2023\/02\/logo_toninhas_antigo.jpg 754w, https:\/\/toninhasdobrasil.com.br\/wp-content\/uploads\/2023\/02\/logo_toninhas_antigo-300x145.jpg 300w\" sizes=\"(max-width: 754px) 100vw, 754px\" \/>\t\t\t\t\t\t\t\t\t\t\t\t\t\t\t<\/div>\n\t\t\t\t<\/div>\n\t\t\t\t<div class=\"elementor-element elementor-element-e5aeede elementor-widget elementor-widget-heading\" data-id=\"e5aeede\" data-element_type=\"widget\" data-e-type=\"widget\" data-widget_type=\"heading.default\">\n\t\t\t\t<div class=\"elementor-widget-container\">\n\t\t\t\t\t<h2 class=\"elementor-heading-title elementor-size-default\">Primera marca creada en 2011<\/h2>\t\t\t\t<\/div>\n\t\t\t\t<\/div>\n\t\t\t\t<div class=\"elementor-element elementor-element-023ed15 elementor-widget elementor-widget-image\" data-id=\"023ed15\" data-element_type=\"widget\" data-e-type=\"widget\" data-widget_type=\"image.default\">\n\t\t\t\t<div class=\"elementor-widget-container\">\n\t\t\t\t\t\t\t\t\t\t\t\t\t\t\t<img decoding=\"async\" width=\"1844\" height=\"2560\" src=\"https:\/\/toninhasdobrasil.com.br\/wp-content\/uploads\/2023\/02\/logo_transicao-1-scaled-e1681442247731.jpg\" class=\"attachment-full size-full wp-image-1732\" alt=\"\" \/>\t\t\t\t\t\t\t\t\t\t\t\t\t\t\t<\/div>\n\t\t\t\t<\/div>\n\t\t\t\t<div class=\"elementor-element elementor-element-febee2a elementor-widget elementor-widget-heading\" data-id=\"febee2a\" data-element_type=\"widget\" data-e-type=\"widget\" data-widget_type=\"heading.default\">\n\t\t\t\t<div class=\"elementor-widget-container\">\n\t\t\t\t\t<h2 class=\"elementor-heading-title elementor-size-default\">Nueva marca creada en 2022<\/h2>\t\t\t\t<\/div>\n\t\t\t\t<\/div>\n\t\t\t\t\t<\/div>\n\t\t<\/div>\n\t\t\t\t<div class=\"elementor-column elementor-col-50 elementor-top-column elementor-element elementor-element-91e408b\" data-id=\"91e408b\" data-element_type=\"column\" data-e-type=\"column\">\n\t\t\t<div class=\"elementor-widget-wrap elementor-element-populated\">\n\t\t\t\t\t\t<div class=\"elementor-element elementor-element-2c6ddbb elementor-widget elementor-widget-text-editor\" data-id=\"2c6ddbb\" data-element_type=\"widget\" data-e-type=\"widget\" data-widget_type=\"text-editor.default\">\n\t\t\t\t<div class=\"elementor-widget-container\">\n\t\t\t\t\t\t\t\t\t<p><span style=\"font-weight: 400;\">El estudio de las franciscanas en Santa Catarina se inici\u00f3 en la d\u00e9cada de 1980, con el registro de animales muertos en las playas realizado por el Laboratorio de Mam\u00edferos Acu\u00e1ticos de la Universidad Federal de Santa Catarina (LAMAQ\/UFSC). Pero fue en 1994 que la entonces estudiante de biolog\u00eda, Marta Cremer, dio sus primeros pasos en la investigaci\u00f3n ecol\u00f3gica sobre la especie, trabajando conjuntamente con los pescadores artesanales del Farol de Santa Marta, en Laguna (SC).<\/span><\/p>\n<p><span style=\"font-weight: 400;\">La investigaci\u00f3n ecol\u00f3gica sobre franciscanas en Santa Catarina tuvo su inicio en 1994, cuando la entonces estudiante de bi\u00f3loga Marta Cremer inici\u00f3 un proyecto junto a los pescadores artesanales del Farol de Santa Marta, en Laguna.<\/span><\/p>\n<p><span style=\"font-weight: 400;\">En 1996, en el litoral catarinense, Marta realiz\u00f3 el primer registro de las franciscanas de la bah\u00eda de Babitonga. Algo considerado improbable en la \u00e9poca ya que se cre\u00eda que la especie solo estaba presente en aguas costeras de mar abierto. El descubrimiento no cambi\u00f3 mucho el escenario, ya que, a d\u00eda de hoy, la presencia de franciscanas en bah\u00edas y estuarios es poco com\u00fan. La franciscana de Babitonga se estudia desde entonces, confirmando ser una poblaci\u00f3n residente, considerada como un stock diferente de todas las dem\u00e1s. Babitonga se ha convertido en un escaparate para la franciscana, cuyas im\u00e1genes eran extra\u00f1as hasta entonces, como tambi\u00e9n en un laboratorio natural para el desarrollo de varias investigaciones que han contribuido inmensamente para el conocimiento de la especie.<\/span><\/p>\n<p><span style=\"font-weight: 400;\">A partir del a\u00f1o 2000, cuando Marta se incorpor\u00f3 como profesora a la UNIVILLE, la investigaci\u00f3n con cet\u00e1ceos en la bah\u00eda de Babitonga se consolid\u00f3 como un proyecto institucional. En 2011, el Proyecto Toninhas fue patrocinado por primera vez por Petrobras, lo que permiti\u00f3 un gran avance en las acciones de investigaci\u00f3n y educaci\u00f3n ambiental. Desde entonces, el proyecto se dedica a la investigaci\u00f3n en diversos aspectos relacionados con la ecolog\u00eda de las especies, a una intensa labor de educaci\u00f3n ambiental, buscando la articulaci\u00f3n con diferentes sectores de la sociedad y al desarrollo de una comunicaci\u00f3n estrat\u00e9gica, que acerque a la sociedad a la conservaci\u00f3n marina. <\/span><\/p>\n<p><span style=\"font-weight: 400;\">En los \u00faltimos a\u00f1os el proyecto ha estado ampliando su \u00e1rea de actuaci\u00f3n, buscando contribuir con la conservaci\u00f3n de la franciscana en diferentes regiones donde habita la especie, como S\u00e3o Paulo y Paran\u00e1, a trav\u00e9s de alianzas con instituciones locales.<\/span><\/p>\n<p><span style=\"font-weight: 400;\">Actualmente, el Proyecto tambi\u00e9n centra sus esfuerzos en la b\u00fasqueda de soluciones para reducir la mortalidad de la franciscana ocasionada por las capturas accidentales de la pesca.<\/span><\/p>\n\t\t\t\t\t\t\t\t<\/div>\n\t\t\t\t<\/div>\n\t\t\t\t\t<\/div>\n\t\t<\/div>\n\t\t\t\t\t<\/div>\n\t\t<\/section>\n\t\t\t\t<section class=\"elementor-section elementor-top-section elementor-element elementor-element-2b2d47b elementor-section-boxed elementor-section-height-default elementor-section-height-default\" data-id=\"2b2d47b\" data-element_type=\"section\" data-e-type=\"section\" data-settings=\"{&quot;background_background&quot;:&quot;classic&quot;}\">\n\t\t\t\t\t\t<div class=\"elementor-container elementor-column-gap-default\">\n\t\t\t\t\t<div class=\"elementor-column elementor-col-100 elementor-top-column elementor-element elementor-element-e78f8f1\" data-id=\"e78f8f1\" data-element_type=\"column\" data-e-type=\"column\">\n\t\t\t<div class=\"elementor-widget-wrap elementor-element-populated\">\n\t\t\t\t\t\t<div class=\"elementor-element elementor-element-8df91e5 elementor-arrows-position-outside elementor-widget elementor-widget-image-carousel\" data-id=\"8df91e5\" data-element_type=\"widget\" data-e-type=\"widget\" data-settings=\"{&quot;slides_to_show&quot;:&quot;2&quot;,&quot;navigation&quot;:&quot;arrows&quot;,&quot;autoplay&quot;:&quot;yes&quot;,&quot;pause_on_hover&quot;:&quot;yes&quot;,&quot;pause_on_interaction&quot;:&quot;yes&quot;,&quot;autoplay_speed&quot;:5000,&quot;infinite&quot;:&quot;yes&quot;,&quot;speed&quot;:500}\" data-widget_type=\"image-carousel.default\">\n\t\t\t\t<div class=\"elementor-widget-container\">\n\t\t\t\t\t\t\t<div class=\"elementor-image-carousel-wrapper swiper\" role=\"region\" aria-roledescription=\"carousel\" aria-label=\"Carrusel de im\u00e1genes\" dir=\"ltr\">\n\t\t\t<div class=\"elementor-image-carousel swiper-wrapper\" aria-live=\"off\">\n\t\t\t\t\t\t\t\t<div class=\"swiper-slide\" role=\"group\" aria-roledescription=\"slide\" aria-label=\"1 de 7\"><figure class=\"swiper-slide-inner\"><img decoding=\"async\" class=\"swiper-slide-image\" src=\"https:\/\/toninhasdobrasil.com.br\/wp-content\/uploads\/2023\/05\/09h_Pesquisadora-manusendo-primeiro-alarme-acustico-testado-pelo-Projeto-Toninhas-em-2003-1.jpg\" alt=\"09h_Pesquisadora-manusendo-primeiro-alarme-acustico-testado-pelo-Projeto-Toninhas-em-2003.jpg\" \/><\/figure><\/div><div class=\"swiper-slide\" role=\"group\" aria-roledescription=\"slide\" aria-label=\"2 de 7\"><figure class=\"swiper-slide-inner\"><img decoding=\"async\" class=\"swiper-slide-image\" src=\"https:\/\/toninhasdobrasil.com.br\/wp-content\/uploads\/2023\/05\/09g_Equipe-do-Projeto-Toninhas-em-frente-ao-ESAB-em-2014-1.jpg\" alt=\"09g_Equipe-do-Projeto-Toninhas-em-frente-ao-ESAB-em-2014.jpg\" \/><\/figure><\/div><div class=\"swiper-slide\" role=\"group\" aria-roledescription=\"slide\" aria-label=\"3 de 7\"><figure class=\"swiper-slide-inner\"><img decoding=\"async\" class=\"swiper-slide-image\" src=\"https:\/\/toninhasdobrasil.com.br\/wp-content\/uploads\/2023\/05\/09f_Toninha-monitorada-pelo-projeto-com-marcador-satelital-na-nadadeira-em-2012-1.jpg\" alt=\"09f_Toninha-monitorada-pelo-projeto-com-marcador-satelital-na-nadadeira-em-2012.jpg\" \/><\/figure><\/div><div class=\"swiper-slide\" role=\"group\" aria-roledescription=\"slide\" aria-label=\"4 de 7\"><figure class=\"swiper-slide-inner\"><img decoding=\"async\" class=\"swiper-slide-image\" src=\"https:\/\/toninhasdobrasil.com.br\/wp-content\/uploads\/2023\/05\/09e_-Pesquisadores-em-uma-embarcacao-de-pesquisa-durante-colocacao-de-marcadores-satelitais-em-toninhas-no-ano-de-2012s-satelitais-em-toninhas-em-2012-1.jpg\" alt=\"09e_-Pesquisadores-em-uma-embarcacao-de-pesquisa-durante-colocacao-de-marcadores-satelitais-em-toninhas-no-ano-de-2012s-satelitais-em-toninhas-em-2012.jpg\" \/><\/figure><\/div><div class=\"swiper-slide\" role=\"group\" aria-roledescription=\"slide\" aria-label=\"5 de 7\"><figure class=\"swiper-slide-inner\"><img decoding=\"async\" class=\"swiper-slide-image\" src=\"https:\/\/toninhasdobrasil.com.br\/wp-content\/uploads\/2023\/05\/09d_Pesquisadores-em-campo-para-estimativa-de-abundancia-de-toninhas-na-Baia-Babitonga-em-2003-1.jpg\" alt=\"09d_Pesquisadores-em-campo-para-estimativa-de-abundancia-de-toninhas-na-Baia-Babitonga-em-2003.jpg\" \/><\/figure><\/div><div class=\"swiper-slide\" role=\"group\" aria-roledescription=\"slide\" aria-label=\"6 de 7\"><figure class=\"swiper-slide-inner\"><img decoding=\"async\" class=\"swiper-slide-image\" src=\"https:\/\/toninhasdobrasil.com.br\/wp-content\/uploads\/2023\/05\/09c_Monitoramento-acustico-de-toninhas-na-Baia-Babitonga-em-2003-1.jpg\" alt=\"09c_Monitoramento-acustico-de-toninhas-na-Baia-Babitonga-em-2003.jpg\" \/><\/figure><\/div><div class=\"swiper-slide\" role=\"group\" aria-roledescription=\"slide\" aria-label=\"7 de 7\"><figure class=\"swiper-slide-inner\"><img decoding=\"async\" class=\"swiper-slide-image\" src=\"https:\/\/toninhasdobrasil.com.br\/wp-content\/uploads\/2023\/05\/09b_Marta-Cremer-palestrando-na-Exposica-Mamiferos-Marinhos-de-Santa-Catarina-em-2003-1.jpg\" alt=\"09b_Marta-Cremer-palestrando-na-Exposica-Mamiferos-Marinhos-de-Santa-Catarina-em-2003.jpg\" \/><\/figure><\/div>\t\t\t<\/div>\n\t\t\t\t\t\t\t\t\t\t\t\t<div class=\"elementor-swiper-button elementor-swiper-button-prev\" role=\"button\" tabindex=\"0\">\n\t\t\t\t\t\t<i aria-hidden=\"true\" class=\"eicon-chevron-left\"><\/i>\t\t\t\t\t<\/div>\n\t\t\t\t\t<div class=\"elementor-swiper-button elementor-swiper-button-next\" role=\"button\" tabindex=\"0\">\n\t\t\t\t\t\t<i aria-hidden=\"true\" class=\"eicon-chevron-right\"><\/i>\t\t\t\t\t<\/div>\n\t\t\t\t\n\t\t\t\t\t\t\t\t\t<\/div>\n\t\t\t\t\t\t<\/div>\n\t\t\t\t<\/div>\n\t\t\t\t<div class=\"elementor-element elementor-element-657c64c elementor-widget elementor-widget-heading\" data-id=\"657c64c\" data-element_type=\"widget\" data-e-type=\"widget\" data-widget_type=\"heading.default\">\n\t\t\t\t<div class=\"elementor-widget-container\">\n\t\t\t\t\t<h2 class=\"elementor-heading-title elementor-size-default\">Vea tambi\u00e9n:<\/h2>\t\t\t\t<\/div>\n\t\t\t\t<\/div>\n\t\t\t\t<div class=\"elementor-element elementor-element-9a0bd7c elementor-icon-list--layout-inline elementor-mobile-align-start elementor-list-item-link-full_width elementor-widget elementor-widget-icon-list\" data-id=\"9a0bd7c\" data-element_type=\"widget\" data-e-type=\"widget\" data-widget_type=\"icon-list.default\">\n\t\t\t\t<div class=\"elementor-widget-container\">\n\t\t\t\t\t\t\t<ul class=\"elementor-icon-list-items elementor-inline-items\">\n\t\t\t\t\t\t\t<li class=\"elementor-icon-list-item elementor-inline-item\">\n\t\t\t\t\t\t\t\t\t\t\t<span class=\"elementor-icon-list-icon\">\n\t\t\t\t\t\t\t<i aria-hidden=\"true\" class=\"fas fa-chevron-right\"><\/i>\t\t\t\t\t\t<\/span>\n\t\t\t\t\t\t\t\t\t\t<span class=\"elementor-icon-list-text\"><u>Hist\u00f3ria<\/u><\/span>\n\t\t\t\t\t\t\t\t\t<\/li>\n\t\t\t\t\t\t\t\t<li class=\"elementor-icon-list-item elementor-inline-item\">\n\t\t\t\t\t\t\t\t\t\t\t<a href=\"https:\/\/toninhasdobrasil.com.br\/quem-somos\/\">\n\n\t\t\t\t\t\t\t\t\t\t\t\t<span class=\"elementor-icon-list-icon\">\n\t\t\t\t\t\t\t<i aria-hidden=\"true\" class=\"fas fa-chevron-right\"><\/i>\t\t\t\t\t\t<\/span>\n\t\t\t\t\t\t\t\t\t\t<span class=\"elementor-icon-list-text\">Equipo<\/span>\n\t\t\t\t\t\t\t\t\t\t\t<\/a>\n\t\t\t\t\t\t\t\t\t<\/li>\n\t\t\t\t\t\t\t\t<li class=\"elementor-icon-list-item elementor-inline-item\">\n\t\t\t\t\t\t\t\t\t\t\t<a href=\"https:\/\/toninhasdobrasil.com.br\/onde-estamos\/\">\n\n\t\t\t\t\t\t\t\t\t\t\t\t<span class=\"elementor-icon-list-icon\">\n\t\t\t\t\t\t\t<i aria-hidden=\"true\" class=\"fas fa-chevron-right\"><\/i>\t\t\t\t\t\t<\/span>\n\t\t\t\t\t\t\t\t\t\t<span class=\"elementor-icon-list-text\">Donde estamos<\/span>\n\t\t\t\t\t\t\t\t\t\t\t<\/a>\n\t\t\t\t\t\t\t\t\t<\/li>\n\t\t\t\t\t\t\t\t<li class=\"elementor-icon-list-item elementor-inline-item\">\n\t\t\t\t\t\t\t\t\t\t\t<a href=\"https:\/\/toninhasdobrasil.com.br\/noticias\/\">\n\n\t\t\t\t\t\t\t\t\t\t\t\t<span class=\"elementor-icon-list-icon\">\n\t\t\t\t\t\t\t<i aria-hidden=\"true\" class=\"fas fa-chevron-right\"><\/i>\t\t\t\t\t\t<\/span>\n\t\t\t\t\t\t\t\t\t\t<span class=\"elementor-icon-list-text\">Not\u00edcias<\/span>\n\t\t\t\t\t\t\t\t\t\t\t<\/a>\n\t\t\t\t\t\t\t\t\t<\/li>\n\t\t\t\t\t\t<\/ul>\n\t\t\t\t\t\t<\/div>\n\t\t\t\t<\/div>\n\t\t\t\t\t<\/div>\n\t\t<\/div>\n\t\t\t\t\t<\/div>\n\t\t<\/section>\n\t\t\t\t<\/div>\n\t\t","protected":false},"excerpt":{"rendered":"<p>\u201cO Toninhas\u201d de Brasil es referencia en Brasil y en el mundo cuando se trata de investigaci\u00f3n y conservaci\u00f3n de peque\u00f1os cet\u00e1ceos, especialmente la franciscana, destac\u00e1ndose tambi\u00e9n en acciones de sensibilizaci\u00f3n ambiental. Desarrolla acciones de forma articulada con varias instituciones nacionales e internacionales, fortaleciendo las alianzas para el trabajo en redes. Primera marca creada en [&hellip;]<\/p>\n","protected":false},"author":1,"featured_media":0,"parent":0,"menu_order":0,"comment_status":"closed","ping_status":"closed","template":"","meta":{"_acf_changed":false,"footnotes":""},"class_list":["post-2047","page","type-page","status-publish","hentry"],"acf":[],"_links":{"self":[{"href":"https:\/\/toninhasdobrasil.com.br\/es\/wp-json\/wp\/v2\/pages\/2047","targetHints":{"allow":["GET"]}}],"collection":[{"href":"https:\/\/toninhasdobrasil.com.br\/es\/wp-json\/wp\/v2\/pages"}],"about":[{"href":"https:\/\/toninhasdobrasil.com.br\/es\/wp-json\/wp\/v2\/types\/page"}],"author":[{"embeddable":true,"href":"https:\/\/toninhasdobrasil.com.br\/es\/wp-json\/wp\/v2\/users\/1"}],"replies":[{"embeddable":true,"href":"https:\/\/toninhasdobrasil.com.br\/es\/wp-json\/wp\/v2\/comments?post=2047"}],"version-history":[{"count":5,"href":"https:\/\/toninhasdobrasil.com.br\/es\/wp-json\/wp\/v2\/pages\/2047\/revisions"}],"predecessor-version":[{"id":2408,"href":"https:\/\/toninhasdobrasil.com.br\/es\/wp-json\/wp\/v2\/pages\/2047\/revisions\/2408"}],"wp:attachment":[{"href":"https:\/\/toninhasdobrasil.com.br\/es\/wp-json\/wp\/v2\/media?parent=2047"}],"curies":[{"name":"wp","href":"https:\/\/api.w.org\/{rel}","templated":true}]}}