{"id":2236,"date":"2023-04-05T03:26:53","date_gmt":"2023-04-05T03:26:53","guid":{"rendered":"https:\/\/toninhasdobrasil.com.br\/politicas-publicas\/"},"modified":"2023-05-04T02:42:42","modified_gmt":"2023-05-04T02:42:42","slug":"politicas-publicas","status":"publish","type":"page","link":"https:\/\/toninhasdobrasil.com.br\/es\/politicas-publicas\/","title":{"rendered":"Pol\u00edticas P\u00fablicas"},"content":{"rendered":"\t\t<div data-elementor-type=\"wp-page\" data-elementor-id=\"2236\" class=\"elementor elementor-2236 elementor-1345\" data-elementor-post-type=\"page\">\n\t\t\t\t\t\t<section class=\"elementor-section elementor-top-section elementor-element elementor-element-b203fa1 elementor-section-height-min-height elementor-section-boxed elementor-section-height-default elementor-section-items-middle\" data-id=\"b203fa1\" data-element_type=\"section\" data-e-type=\"section\" data-settings=\"{&quot;background_background&quot;:&quot;classic&quot;}\">\n\t\t\t\t\t\t<div class=\"elementor-container elementor-column-gap-default\">\n\t\t\t\t\t<div class=\"elementor-column elementor-col-100 elementor-top-column elementor-element elementor-element-ad3b2c7\" data-id=\"ad3b2c7\" data-element_type=\"column\" data-e-type=\"column\">\n\t\t\t<div class=\"elementor-widget-wrap\">\n\t\t\t\t\t\t\t<\/div>\n\t\t<\/div>\n\t\t\t\t\t<\/div>\n\t\t<\/section>\n\t\t\t\t<section class=\"elementor-section elementor-top-section elementor-element elementor-element-0873a79 elementor-section-boxed elementor-section-height-default elementor-section-height-default\" data-id=\"0873a79\" data-element_type=\"section\" data-e-type=\"section\" data-settings=\"{&quot;background_background&quot;:&quot;classic&quot;,&quot;shape_divider_bottom&quot;:&quot;tilt&quot;}\">\n\t\t\t\t\t<div class=\"elementor-shape elementor-shape-bottom\" aria-hidden=\"true\" data-negative=\"false\">\n\t\t\t<svg xmlns=\"http:\/\/www.w3.org\/2000\/svg\" viewBox=\"0 0 1000 100\" preserveAspectRatio=\"none\">\n\t<path class=\"elementor-shape-fill\" d=\"M0,6V0h1000v100L0,6z\"\/>\n<\/svg>\t\t<\/div>\n\t\t\t\t\t<div class=\"elementor-container elementor-column-gap-default\">\n\t\t\t\t\t<div class=\"elementor-column elementor-col-100 elementor-top-column elementor-element elementor-element-89e1a7d\" data-id=\"89e1a7d\" data-element_type=\"column\" data-e-type=\"column\">\n\t\t\t<div class=\"elementor-widget-wrap elementor-element-populated\">\n\t\t\t\t\t\t<div class=\"elementor-element elementor-element-7e6ac5f elementor-widget-divider--view-line elementor-widget elementor-widget-divider\" data-id=\"7e6ac5f\" data-element_type=\"widget\" data-e-type=\"widget\" data-widget_type=\"divider.default\">\n\t\t\t\t<div class=\"elementor-widget-container\">\n\t\t\t\t\t\t\t<div class=\"elementor-divider\">\n\t\t\t<span class=\"elementor-divider-separator\">\n\t\t\t\t\t\t<\/span>\n\t\t<\/div>\n\t\t\t\t\t\t<\/div>\n\t\t\t\t<\/div>\n\t\t\t\t<div class=\"elementor-element elementor-element-6bf6fb3 elementor-widget elementor-widget-heading\" data-id=\"6bf6fb3\" data-element_type=\"widget\" data-e-type=\"widget\" data-widget_type=\"heading.default\">\n\t\t\t\t<div class=\"elementor-widget-container\">\n\t\t\t\t\t<h2 class=\"elementor-heading-title elementor-size-default\">Pol\u00edticas P\u00fablicas<\/h2>\t\t\t\t<\/div>\n\t\t\t\t<\/div>\n\t\t\t\t\t<\/div>\n\t\t<\/div>\n\t\t\t\t\t<\/div>\n\t\t<\/section>\n\t\t\t\t<section class=\"elementor-section elementor-top-section elementor-element elementor-element-a89c85a elementor-section-content-top elementor-section-boxed elementor-section-height-default elementor-section-height-default\" data-id=\"a89c85a\" data-element_type=\"section\" data-e-type=\"section\" id=\"plano-de-acao\">\n\t\t\t\t\t\t<div class=\"elementor-container elementor-column-gap-default\">\n\t\t\t\t\t<div class=\"elementor-column elementor-col-50 elementor-top-column elementor-element elementor-element-7192c98\" data-id=\"7192c98\" data-element_type=\"column\" data-e-type=\"column\">\n\t\t\t<div class=\"elementor-widget-wrap elementor-element-populated\">\n\t\t\t\t\t\t<div class=\"elementor-element elementor-element-2423762 elementor-widget elementor-widget-heading\" data-id=\"2423762\" data-element_type=\"widget\" data-e-type=\"widget\" id=\"plan-accion\" data-widget_type=\"heading.default\">\n\t\t\t\t<div class=\"elementor-widget-container\">\n\t\t\t\t\t<h2 class=\"elementor-heading-title elementor-size-default\"><a href=\"https:\/\/toninhasdobrasil.com.br\/es\/politicas-publicas\/#plano-de-acao\">PLAN DE ACCI\u00d3N Y GESTI\u00d3N<\/a><\/h2>\t\t\t\t<\/div>\n\t\t\t\t<\/div>\n\t\t\t\t<div class=\"elementor-element elementor-element-bea952c elementor-widget elementor-widget-text-editor\" data-id=\"bea952c\" data-element_type=\"widget\" data-e-type=\"widget\" data-widget_type=\"text-editor.default\">\n\t\t\t\t<div class=\"elementor-widget-container\">\n\t\t\t\t\t\t\t\t\t<p>Los Planes Nacionales de Acci\u00f3n (PANs) son una pol\u00edtica p\u00fablica en Brasil y sirven para orientar las acciones de investigaci\u00f3n y gesti\u00f3n necesarias para revertir la situaci\u00f3n de especies amenazadas. Las acciones propuestas son responsabilidad conjunta de los poderes p\u00fablicos y la sociedad civil, ya que proteger nuestra biodiversidad es compromiso de todos. Integrantes de Toninhas do Brasil participaron del proceso de elaboraci\u00f3n del Plan de Acci\u00f3n Nacional para la Conservaci\u00f3n de la Franciscana (PAN Toninha), act\u00faan como articuladores y colaboradores en diversas acciones y participan del Grupo de Apoyo T\u00e9cnico (GAT) de este plan. Las acciones incluyen investigaci\u00f3n, monitoreo, educaci\u00f3n ambiental y el manejo de ecosistemas y de la pesca, adem\u00e1s de la implementaci\u00f3n de nuevas pol\u00edticas p\u00fablicas.<br \/>A nivel internacional, el proyecto contribuy\u00f3 para la construcci\u00f3n del Plan de Manejo y Conservaci\u00f3n de la franciscana, una iniciativa de la Comisi\u00f3n Ballenera Internacional (Conservation and Management Plan &#8211; International Whaling Commission), que busca orientar a los pa\u00edses involucrados respecto a las acciones necesarias para la conservaci\u00f3n de las especies, de forma integrada y colaborativa.<\/p>\n\t\t\t\t\t\t\t\t<\/div>\n\t\t\t\t<\/div>\n\t\t\t\t\t<\/div>\n\t\t<\/div>\n\t\t\t\t<div class=\"elementor-column elementor-col-50 elementor-top-column elementor-element elementor-element-927ee2b\" data-id=\"927ee2b\" data-element_type=\"column\" data-e-type=\"column\">\n\t\t\t<div class=\"elementor-widget-wrap elementor-element-populated\">\n\t\t\t\t\t\t<div class=\"elementor-element elementor-element-564718f elementor-widget elementor-widget-image\" data-id=\"564718f\" data-element_type=\"widget\" data-e-type=\"widget\" data-widget_type=\"image.default\">\n\t\t\t\t<div class=\"elementor-widget-container\">\n\t\t\t\t\t\t\t\t\t\t\t\t<figure class=\"wp-caption\">\n\t\t\t\t\t\t\t\t\t\t<img fetchpriority=\"high\" decoding=\"async\" width=\"800\" height=\"518\" src=\"https:\/\/toninhasdobrasil.com.br\/wp-content\/uploads\/2023\/04\/38_Plano-de-acao-1024x663.jpg\" class=\"attachment-large size-large wp-image-1356\" alt=\"Pesquisadores do Toninhas do Brasil, representantes da sociedade civil, de \u00f3rg\u00e3os ambientais e APA da Baleia Franca durante reuni\u00e3o de gest\u00e3o no ano de 2019 em Garopaba (SC).\" srcset=\"https:\/\/toninhasdobrasil.com.br\/wp-content\/uploads\/2023\/04\/38_Plano-de-acao-1024x663.jpg 1024w, https:\/\/toninhasdobrasil.com.br\/wp-content\/uploads\/2023\/04\/38_Plano-de-acao-300x194.jpg 300w, https:\/\/toninhasdobrasil.com.br\/wp-content\/uploads\/2023\/04\/38_Plano-de-acao-768x498.jpg 768w, https:\/\/toninhasdobrasil.com.br\/wp-content\/uploads\/2023\/04\/38_Plano-de-acao-1536x995.jpg 1536w, https:\/\/toninhasdobrasil.com.br\/wp-content\/uploads\/2023\/04\/38_Plano-de-acao.jpg 1920w\" sizes=\"(max-width: 800px) 100vw, 800px\" \/>\t\t\t\t\t\t\t\t\t\t\t<figcaption class=\"widget-image-caption wp-caption-text\">Investigadores de Toninhas do Brasil, representantes de la sociedad civil, agencias ambientales y \u00c1rea de Protecci\u00f3n Ambiental de la Ballena Franca durante una reuni\u00f3n de gesti\u00f3n en 2019 en Garopaba (Santa Catarina).<\/figcaption>\n\t\t\t\t\t\t\t\t\t\t<\/figure>\n\t\t\t\t\t\t\t\t\t<\/div>\n\t\t\t\t<\/div>\n\t\t\t\t\t<\/div>\n\t\t<\/div>\n\t\t\t\t\t<\/div>\n\t\t<\/section>\n\t\t\t\t<section class=\"elementor-section elementor-top-section elementor-element elementor-element-ac04d48 elementor-section-content-top elementor-section-boxed elementor-section-height-default elementor-section-height-default\" data-id=\"ac04d48\" data-element_type=\"section\" data-e-type=\"section\" id=\"manejo-da-pesca\">\n\t\t\t\t\t\t<div class=\"elementor-container elementor-column-gap-default\">\n\t\t\t\t\t<div class=\"elementor-column elementor-col-50 elementor-top-column elementor-element elementor-element-38d3713\" data-id=\"38d3713\" data-element_type=\"column\" data-e-type=\"column\">\n\t\t\t<div class=\"elementor-widget-wrap elementor-element-populated\">\n\t\t\t\t\t\t<div class=\"elementor-element elementor-element-c3f44ea elementor-widget elementor-widget-heading\" data-id=\"c3f44ea\" data-element_type=\"widget\" data-e-type=\"widget\" data-widget_type=\"heading.default\">\n\t\t\t\t<div class=\"elementor-widget-container\">\n\t\t\t\t\t<h2 class=\"elementor-heading-title elementor-size-default\">Gesti\u00f3n Pesquera<\/h2>\t\t\t\t<\/div>\n\t\t\t\t<\/div>\n\t\t\t\t<div class=\"elementor-element elementor-element-5b84ad4 elementor-widget elementor-widget-text-editor\" data-id=\"5b84ad4\" data-element_type=\"widget\" data-e-type=\"widget\" data-widget_type=\"text-editor.default\">\n\t\t\t\t<div class=\"elementor-widget-container\">\n\t\t\t\t\t\t\t\t\t<p>La sustentabilidad de la pesca es un objetivo de todos, porque solo as\u00ed tendremos un oc\u00e9ano productivo, diverso y equilibrado. Es en esta perspectiva que Toninhas do Brasil espera contribuir, con el objetivo de reducir la captura accidental de especies que no son objeto de pesca, m\u00e1s espec\u00edficamente los peque\u00f1os cet\u00e1ceos como la franciscana. Con ese fin, viene realizando esfuerzos para ampliar el conocimiento sobre las actividades pesqueras artesanales en diferentes territorios de S\u00e3o Paulo, Paran\u00e1 y Santa Catarina, ya sea mediante la obtenci\u00f3n de datos de desembarque pesquero, o a trav\u00e9s del conocimiento ecol\u00f3gico local; y buscando estrategias para reducir esas capturas.<br \/>Existen diferentes enfoques para reducir las capturas accidentales y que ya est\u00e1n siendo usados en otros pa\u00edses. Pero, en esta etapa del proyecto, nuestro enfoque est\u00e1 en el uso de alarmas ac\u00fasticas, que tienen el potencial de alertar a las franciscanas y evitar que se acerquen a las redes, sin comprometer la pesca. Nuestro proyecto piloto, que est\u00e1 en curso, tiene como objetivo evaluar la efectividad y viabilidad de las alarmas en situaciones reales de pesca en Brasil, contando con la colaboraci\u00f3n y la experiencia de los pescadores.<\/p>\n\t\t\t\t\t\t\t\t<\/div>\n\t\t\t\t<\/div>\n\t\t\t\t\t<\/div>\n\t\t<\/div>\n\t\t\t\t<div class=\"elementor-column elementor-col-50 elementor-top-column elementor-element elementor-element-9d36040\" data-id=\"9d36040\" data-element_type=\"column\" data-e-type=\"column\">\n\t\t\t<div class=\"elementor-widget-wrap elementor-element-populated\">\n\t\t\t\t\t\t<div class=\"elementor-element elementor-element-7d17837 elementor-widget elementor-widget-image\" data-id=\"7d17837\" data-element_type=\"widget\" data-e-type=\"widget\" data-widget_type=\"image.default\">\n\t\t\t\t<div class=\"elementor-widget-container\">\n\t\t\t\t\t\t\t\t\t\t\t\t<figure class=\"wp-caption\">\n\t\t\t\t\t\t\t\t\t\t<img decoding=\"async\" width=\"800\" height=\"600\" src=\"https:\/\/toninhasdobrasil.com.br\/wp-content\/uploads\/2023\/04\/39_Manejo-de-pesca-1024x768.jpg\" class=\"attachment-large size-large wp-image-1359\" alt=\"Pescadores e pesquisadores em volta de uma mesa que tem um mapa no centro. O pequeno grupo gesticula e conversa apontando para o mapa\" srcset=\"https:\/\/toninhasdobrasil.com.br\/wp-content\/uploads\/2023\/04\/39_Manejo-de-pesca-1024x768.jpg 1024w, https:\/\/toninhasdobrasil.com.br\/wp-content\/uploads\/2023\/04\/39_Manejo-de-pesca-300x225.jpg 300w, https:\/\/toninhasdobrasil.com.br\/wp-content\/uploads\/2023\/04\/39_Manejo-de-pesca-768x576.jpg 768w, https:\/\/toninhasdobrasil.com.br\/wp-content\/uploads\/2023\/04\/39_Manejo-de-pesca-1536x1152.jpg 1536w, https:\/\/toninhasdobrasil.com.br\/wp-content\/uploads\/2023\/04\/39_Manejo-de-pesca.jpg 1920w\" sizes=\"(max-width: 800px) 100vw, 800px\" \/>\t\t\t\t\t\t\t\t\t\t\t<figcaption class=\"widget-image-caption wp-caption-text\">Pescadores e investigadores alrededor de una mesa con un mapa en el centro. El peque\u00f1o grupo gesticula y habla, se\u00f1alando el mapa.<\/figcaption>\n\t\t\t\t\t\t\t\t\t\t<\/figure>\n\t\t\t\t\t\t\t\t\t<\/div>\n\t\t\t\t<\/div>\n\t\t\t\t\t<\/div>\n\t\t<\/div>\n\t\t\t\t\t<\/div>\n\t\t<\/section>\n\t\t\t\t<section class=\"elementor-section elementor-top-section elementor-element elementor-element-2fff173 elementor-section-content-top elementor-section-boxed elementor-section-height-default elementor-section-height-default\" data-id=\"2fff173\" data-element_type=\"section\" data-e-type=\"section\" id=\"turismo-da-natureza\">\n\t\t\t\t\t\t<div class=\"elementor-container elementor-column-gap-default\">\n\t\t\t\t\t<div class=\"elementor-column elementor-col-50 elementor-top-column elementor-element elementor-element-370a373\" data-id=\"370a373\" data-element_type=\"column\" data-e-type=\"column\">\n\t\t\t<div class=\"elementor-widget-wrap elementor-element-populated\">\n\t\t\t\t\t\t<div class=\"elementor-element elementor-element-d1cdb79 elementor-widget elementor-widget-heading\" data-id=\"d1cdb79\" data-element_type=\"widget\" data-e-type=\"widget\" data-widget_type=\"heading.default\">\n\t\t\t\t<div class=\"elementor-widget-container\">\n\t\t\t\t\t<h2 class=\"elementor-heading-title elementor-size-default\">Turismo de naturaleza<\/h2>\t\t\t\t<\/div>\n\t\t\t\t<\/div>\n\t\t\t\t<div class=\"elementor-element elementor-element-46b3034 elementor-widget elementor-widget-text-editor\" data-id=\"46b3034\" data-element_type=\"widget\" data-e-type=\"widget\" data-widget_type=\"text-editor.default\">\n\t\t\t\t<div class=\"elementor-widget-container\">\n\t\t\t\t\t\t\t\t\tEl turismo de naturaleza destinado a la observaci\u00f3n de fauna puede ser un importante aliado en la conservaci\u00f3n de especies, siempre que se realice con calidad. En esa perspectiva, Toninhas do Brasil viene trabajando en el desarrollo de protocolos de observaci\u00f3n para la franciscana, inicialmente enfocados en la bah\u00eda de Babitonga, de forma integrada con otros atractivos tur\u00edsticos de la regi\u00f3n. Tambi\u00e9n realiza cursos y capacitaciones para el turismo de observaci\u00f3n de la naturaleza en la regi\u00f3n, con el objetivo de que la actividad sea desarrollada de forma sustentable en el territorio y pueda contribuir a las poblaciones locales. \n\t\t\t\t\t\t\t\t<\/div>\n\t\t\t\t<\/div>\n\t\t\t\t\t<\/div>\n\t\t<\/div>\n\t\t\t\t<div class=\"elementor-column elementor-col-50 elementor-top-column elementor-element elementor-element-3c062b5\" data-id=\"3c062b5\" data-element_type=\"column\" data-e-type=\"column\">\n\t\t\t<div class=\"elementor-widget-wrap elementor-element-populated\">\n\t\t\t\t\t\t<div class=\"elementor-element elementor-element-5581245 elementor-widget elementor-widget-image\" data-id=\"5581245\" data-element_type=\"widget\" data-e-type=\"widget\" data-widget_type=\"image.default\">\n\t\t\t\t<div class=\"elementor-widget-container\">\n\t\t\t\t\t\t\t\t\t\t\t\t<figure class=\"wp-caption\">\n\t\t\t\t\t\t\t\t\t\t<img decoding=\"async\" width=\"640\" height=\"448\" src=\"https:\/\/toninhasdobrasil.com.br\/wp-content\/uploads\/2023\/04\/40_Turismo-de-natureza.jpg\" class=\"attachment-large size-large wp-image-1362\" alt=\"Veleiro ECO ancorando em S\u00e3o Francisco do Sul durante p\u00f4r do sol em 2019\" srcset=\"https:\/\/toninhasdobrasil.com.br\/wp-content\/uploads\/2023\/04\/40_Turismo-de-natureza.jpg 640w, https:\/\/toninhasdobrasil.com.br\/wp-content\/uploads\/2023\/04\/40_Turismo-de-natureza-300x210.jpg 300w\" sizes=\"(max-width: 640px) 100vw, 640px\" \/>\t\t\t\t\t\t\t\t\t\t\t<figcaption class=\"widget-image-caption wp-caption-text\">Anclaje del velero ECO en S\u00e3o Francisco do Sul durante la puesta de sol en 2019.<\/figcaption>\n\t\t\t\t\t\t\t\t\t\t<\/figure>\n\t\t\t\t\t\t\t\t\t<\/div>\n\t\t\t\t<\/div>\n\t\t\t\t\t<\/div>\n\t\t<\/div>\n\t\t\t\t\t<\/div>\n\t\t<\/section>\n\t\t\t\t<section class=\"elementor-section elementor-top-section elementor-element elementor-element-1a40092 elementor-section-content-top elementor-section-boxed elementor-section-height-default elementor-section-height-default\" data-id=\"1a40092\" data-element_type=\"section\" data-e-type=\"section\" id=\"gestao-ecossistema-costeiro\">\n\t\t\t\t\t\t<div class=\"elementor-container elementor-column-gap-default\">\n\t\t\t\t\t<div class=\"elementor-column elementor-col-50 elementor-top-column elementor-element elementor-element-72f3eda\" data-id=\"72f3eda\" data-element_type=\"column\" data-e-type=\"column\">\n\t\t\t<div class=\"elementor-widget-wrap elementor-element-populated\">\n\t\t\t\t\t\t<div class=\"elementor-element elementor-element-1263faf elementor-widget elementor-widget-heading\" data-id=\"1263faf\" data-element_type=\"widget\" data-e-type=\"widget\" data-widget_type=\"heading.default\">\n\t\t\t\t<div class=\"elementor-widget-container\">\n\t\t\t\t\t<h2 class=\"elementor-heading-title elementor-size-default\">GESTI\u00d3N DE LOS ECOSISTEMAS COSTEROS<\/h2>\t\t\t\t<\/div>\n\t\t\t\t<\/div>\n\t\t\t\t<div class=\"elementor-element elementor-element-6ffdf61 elementor-widget elementor-widget-text-editor\" data-id=\"6ffdf61\" data-element_type=\"widget\" data-e-type=\"widget\" data-widget_type=\"text-editor.default\">\n\t\t\t\t<div class=\"elementor-widget-container\">\n\t\t\t\t\t\t\t\t\tLa conservaci\u00f3n de la franciscana depende esencialmente de la conservaci\u00f3n de los ecosistemas costeros donde vive. El equipo de Toninhas do Brasil participa de diferentes foros de discusi\u00f3n relacionados con la conservaci\u00f3n marina. A nivel regional tenemos por ejemplo el Grupo Pr\u00f3-Babitonga, un colectivo multisectorial que discute temas relacionados con el uso de este territorio. \nEl proyecto tambi\u00e9n busca contribuir con las deliberaciones de los Consejos de Gesti\u00f3n de las Unidades de Conservaci\u00f3n existentes en los territorios donde act\u00faa. En esta fase, son cuatro UC: el \u00c1rea de Protecci\u00f3n Ambiental Marina del Litoral Norte y el \u00c1rea de Protecci\u00f3n Ambiental Marina del Litoral Sur, ambas en S\u00e3o Paulo; el Parque Nacional Marinho de Currais, en Paran\u00e1; y el \u00c1rea de Protecci\u00f3n Ambiental Ballena Franca, en Santa Catarina.\nLas publicaciones cient\u00edficas producidas por el proyecto son enviadas, siempre que sea necesario, a los \u00f3rganos de gobierno responsables por la gesti\u00f3n de los territorios, as\u00ed como informes t\u00e9cnicos espec\u00edficos. Generar subsidios t\u00e9cnicos para la elaboraci\u00f3n de pol\u00edticas p\u00fablicas dirigidas a la conservaci\u00f3n de la fauna marina es parte de nuestra misi\u00f3n. \n\t\t\t\t\t\t\t\t<\/div>\n\t\t\t\t<\/div>\n\t\t\t\t\t<\/div>\n\t\t<\/div>\n\t\t\t\t<div class=\"elementor-column elementor-col-50 elementor-top-column elementor-element elementor-element-6f50782\" data-id=\"6f50782\" data-element_type=\"column\" data-e-type=\"column\">\n\t\t\t<div class=\"elementor-widget-wrap elementor-element-populated\">\n\t\t\t\t\t\t<div class=\"elementor-element elementor-element-fb6387f elementor-widget elementor-widget-image\" data-id=\"fb6387f\" data-element_type=\"widget\" data-e-type=\"widget\" data-widget_type=\"image.default\">\n\t\t\t\t<div class=\"elementor-widget-container\">\n\t\t\t\t\t\t\t\t\t\t\t\t<figure class=\"wp-caption\">\n\t\t\t\t\t\t\t\t\t\t<img loading=\"lazy\" decoding=\"async\" width=\"800\" height=\"600\" src=\"https:\/\/toninhasdobrasil.com.br\/wp-content\/uploads\/2023\/04\/41_Gestao-de-ecossistemas-costeiros-1024x768.jpg\" class=\"attachment-large size-large wp-image-1365\" alt=\"Renan Paitacha, coordenador de pesquisa do Toninhas do Brasil apresenta projeto ao Grupo Multisetorial Pr\u00f3-Babitonga em Joinville no ano de 2018.\" srcset=\"https:\/\/toninhasdobrasil.com.br\/wp-content\/uploads\/2023\/04\/41_Gestao-de-ecossistemas-costeiros-1024x768.jpg 1024w, https:\/\/toninhasdobrasil.com.br\/wp-content\/uploads\/2023\/04\/41_Gestao-de-ecossistemas-costeiros-300x225.jpg 300w, https:\/\/toninhasdobrasil.com.br\/wp-content\/uploads\/2023\/04\/41_Gestao-de-ecossistemas-costeiros-768x576.jpg 768w, https:\/\/toninhasdobrasil.com.br\/wp-content\/uploads\/2023\/04\/41_Gestao-de-ecossistemas-costeiros-1536x1152.jpg 1536w, https:\/\/toninhasdobrasil.com.br\/wp-content\/uploads\/2023\/04\/41_Gestao-de-ecossistemas-costeiros.jpg 1920w\" sizes=\"(max-width: 800px) 100vw, 800px\" \/>\t\t\t\t\t\t\t\t\t\t\t<figcaption class=\"widget-image-caption wp-caption-text\">Renan Paitach, coordinador de investigaci\u00f3n de Toninhas do Brasil, presenta el proyecto al Grupo Multisectorial Pr\u00f3-Babitonga en Joinville en 2018.<\/figcaption>\n\t\t\t\t\t\t\t\t\t\t<\/figure>\n\t\t\t\t\t\t\t\t\t<\/div>\n\t\t\t\t<\/div>\n\t\t\t\t\t<\/div>\n\t\t<\/div>\n\t\t\t\t\t<\/div>\n\t\t<\/section>\n\t\t\t\t<\/div>\n\t\t","protected":false},"excerpt":{"rendered":"<p>PLAN DE ACCI\u00d3N Y GESTI\u00d3N Los Planes Nacionales de Acci\u00f3n (PANs) son una pol\u00edtica p\u00fablica en Brasil y sirven para orientar las acciones de investigaci\u00f3n y gesti\u00f3n necesarias para revertir la situaci\u00f3n de especies amenazadas. Las acciones propuestas son responsabilidad conjunta de los poderes p\u00fablicos y la sociedad civil, ya que proteger nuestra biodiversidad es [&hellip;]<\/p>\n","protected":false},"author":1,"featured_media":0,"parent":0,"menu_order":0,"comment_status":"closed","ping_status":"closed","template":"elementor_header_footer","meta":{"_acf_changed":false,"footnotes":""},"class_list":["post-2236","page","type-page","status-publish","hentry"],"acf":[],"_links":{"self":[{"href":"https:\/\/toninhasdobrasil.com.br\/es\/wp-json\/wp\/v2\/pages\/2236","targetHints":{"allow":["GET"]}}],"collection":[{"href":"https:\/\/toninhasdobrasil.com.br\/es\/wp-json\/wp\/v2\/pages"}],"about":[{"href":"https:\/\/toninhasdobrasil.com.br\/es\/wp-json\/wp\/v2\/types\/page"}],"author":[{"embeddable":true,"href":"https:\/\/toninhasdobrasil.com.br\/es\/wp-json\/wp\/v2\/users\/1"}],"replies":[{"embeddable":true,"href":"https:\/\/toninhasdobrasil.com.br\/es\/wp-json\/wp\/v2\/comments?post=2236"}],"version-history":[{"count":5,"href":"https:\/\/toninhasdobrasil.com.br\/es\/wp-json\/wp\/v2\/pages\/2236\/revisions"}],"predecessor-version":[{"id":2526,"href":"https:\/\/toninhasdobrasil.com.br\/es\/wp-json\/wp\/v2\/pages\/2236\/revisions\/2526"}],"wp:attachment":[{"href":"https:\/\/toninhasdobrasil.com.br\/es\/wp-json\/wp\/v2\/media?parent=2236"}],"curies":[{"name":"wp","href":"https:\/\/api.w.org\/{rel}","templated":true}]}}