{"id":2238,"date":"2023-02-25T23:39:00","date_gmt":"2023-02-25T23:39:00","guid":{"rendered":"https:\/\/toninhasdobrasil.com.br\/toninhateca\/"},"modified":"2023-06-20T01:20:34","modified_gmt":"2023-06-20T01:20:34","slug":"toninhateca","status":"publish","type":"page","link":"https:\/\/toninhasdobrasil.com.br\/es\/toninhateca\/","title":{"rendered":"Toninhateca"},"content":{"rendered":"\t\t<div data-elementor-type=\"wp-page\" data-elementor-id=\"2238\" class=\"elementor elementor-2238 elementor-265\" data-elementor-post-type=\"page\">\n\t\t\t\t\t\t<section class=\"elementor-section elementor-top-section elementor-element elementor-element-01f6a34 elementor-section-height-min-height elementor-section-boxed elementor-section-height-default elementor-section-items-middle\" data-id=\"01f6a34\" data-element_type=\"section\" data-e-type=\"section\" data-settings=\"{&quot;background_background&quot;:&quot;classic&quot;}\">\n\t\t\t\t\t\t<div class=\"elementor-container elementor-column-gap-default\">\n\t\t\t\t\t<div class=\"elementor-column elementor-col-100 elementor-top-column elementor-element elementor-element-940c53f\" data-id=\"940c53f\" data-element_type=\"column\" data-e-type=\"column\">\n\t\t\t<div class=\"elementor-widget-wrap\">\n\t\t\t\t\t\t\t<\/div>\n\t\t<\/div>\n\t\t\t\t\t<\/div>\n\t\t<\/section>\n\t\t\t\t<section class=\"elementor-section elementor-top-section elementor-element elementor-element-df5fde2 elementor-section-boxed elementor-section-height-default elementor-section-height-default\" data-id=\"df5fde2\" data-element_type=\"section\" data-e-type=\"section\" data-settings=\"{&quot;background_background&quot;:&quot;classic&quot;,&quot;shape_divider_bottom&quot;:&quot;tilt&quot;}\">\n\t\t\t\t\t<div class=\"elementor-shape elementor-shape-bottom\" aria-hidden=\"true\" data-negative=\"false\">\n\t\t\t<svg xmlns=\"http:\/\/www.w3.org\/2000\/svg\" viewBox=\"0 0 1000 100\" preserveAspectRatio=\"none\">\n\t<path class=\"elementor-shape-fill\" d=\"M0,6V0h1000v100L0,6z\"\/>\n<\/svg>\t\t<\/div>\n\t\t\t\t\t<div class=\"elementor-container elementor-column-gap-default\">\n\t\t\t\t\t<div class=\"elementor-column elementor-col-100 elementor-top-column elementor-element elementor-element-ba0d2bf\" data-id=\"ba0d2bf\" data-element_type=\"column\" data-e-type=\"column\">\n\t\t\t<div class=\"elementor-widget-wrap elementor-element-populated\">\n\t\t\t\t\t\t<div class=\"elementor-element elementor-element-8e2d63e elementor-widget-divider--view-line elementor-widget elementor-widget-divider\" data-id=\"8e2d63e\" data-element_type=\"widget\" data-e-type=\"widget\" data-widget_type=\"divider.default\">\n\t\t\t\t<div class=\"elementor-widget-container\">\n\t\t\t\t\t\t\t<div class=\"elementor-divider\">\n\t\t\t<span class=\"elementor-divider-separator\">\n\t\t\t\t\t\t<\/span>\n\t\t<\/div>\n\t\t\t\t\t\t<\/div>\n\t\t\t\t<\/div>\n\t\t\t\t\t<\/div>\n\t\t<\/div>\n\t\t\t\t\t<\/div>\n\t\t<\/section>\n\t\t\t\t<section class=\"elementor-section elementor-top-section elementor-element elementor-element-48677cb elementor-section-boxed elementor-section-height-default elementor-section-height-default\" data-id=\"48677cb\" data-element_type=\"section\" data-e-type=\"section\">\n\t\t\t\t\t\t<div class=\"elementor-container elementor-column-gap-default\">\n\t\t\t\t\t<div class=\"elementor-column elementor-col-100 elementor-top-column elementor-element elementor-element-2000242\" data-id=\"2000242\" data-element_type=\"column\" data-e-type=\"column\">\n\t\t\t<div class=\"elementor-widget-wrap elementor-element-populated\">\n\t\t\t\t\t\t<div class=\"elementor-element elementor-element-22810b3 elementor-widget elementor-widget-heading\" data-id=\"22810b3\" data-element_type=\"widget\" data-e-type=\"widget\" data-widget_type=\"heading.default\">\n\t\t\t\t<div class=\"elementor-widget-container\">\n\t\t\t\t\t<h2 class=\"elementor-heading-title elementor-size-default\">Biblioteca de la Toninha<\/h2>\t\t\t\t<\/div>\n\t\t\t\t<\/div>\n\t\t\t\t<div class=\"elementor-element elementor-element-6bb5b89 elementor-tabs-view-vertical elementor-widget elementor-widget-tabs\" data-id=\"6bb5b89\" data-element_type=\"widget\" data-e-type=\"widget\" data-widget_type=\"tabs.default\">\n\t\t\t\t<div class=\"elementor-widget-container\">\n\t\t\t\t\t\t\t<div class=\"elementor-tabs\">\n\t\t\t<div class=\"elementor-tabs-wrapper\" role=\"tablist\" >\n\t\t\t\t\t\t\t\t\t<div id=\"elementor-tab-title-1121\" class=\"elementor-tab-title elementor-tab-desktop-title\" aria-selected=\"true\" data-tab=\"1\" role=\"tab\" tabindex=\"0\" aria-controls=\"elementor-tab-content-1121\" aria-expanded=\"false\">DIBUJO ANIMADO<\/div>\n\t\t\t\t\t\t\t\t\t<div id=\"elementor-tab-title-1122\" class=\"elementor-tab-title elementor-tab-desktop-title\" aria-selected=\"false\" data-tab=\"2\" role=\"tab\" tabindex=\"-1\" aria-controls=\"elementor-tab-content-1122\" aria-expanded=\"false\">LIBRO<\/div>\n\t\t\t\t\t\t\t\t\t<div id=\"elementor-tab-title-1123\" class=\"elementor-tab-title elementor-tab-desktop-title\" aria-selected=\"false\" data-tab=\"3\" role=\"tab\" tabindex=\"-1\" aria-controls=\"elementor-tab-content-1123\" aria-expanded=\"false\">Libre de pasatiempos de la franciscana<\/div>\n\t\t\t\t\t\t\t\t\t<div id=\"elementor-tab-title-1124\" class=\"elementor-tab-title elementor-tab-desktop-title\" aria-selected=\"false\" data-tab=\"4\" role=\"tab\" tabindex=\"-1\" aria-controls=\"elementor-tab-content-1124\" aria-expanded=\"false\">DOCUMENTAL<\/div>\n\t\t\t\t\t\t\t\t\t<div id=\"elementor-tab-title-1125\" class=\"elementor-tab-title elementor-tab-desktop-title\" aria-selected=\"false\" data-tab=\"5\" role=\"tab\" tabindex=\"-1\" aria-controls=\"elementor-tab-content-1125\" aria-expanded=\"false\">APLICACI\u00d3N<\/div>\n\t\t\t\t\t\t\t<\/div>\n\t\t\t<div class=\"elementor-tabs-content-wrapper\" role=\"tablist\" aria-orientation=\"vertical\">\n\t\t\t\t\t\t\t\t\t<div class=\"elementor-tab-title elementor-tab-mobile-title\" aria-selected=\"true\" data-tab=\"1\" role=\"tab\" tabindex=\"0\" aria-controls=\"elementor-tab-content-1121\" aria-expanded=\"false\">DIBUJO ANIMADO<\/div>\n\t\t\t\t\t<div id=\"elementor-tab-content-1121\" class=\"elementor-tab-content elementor-clearfix\" data-tab=\"1\" role=\"tabpanel\" aria-labelledby=\"elementor-tab-title-1121\" tabindex=\"0\" hidden=\"false\"><p>\u201cAs aventuras da Toninha Babi\u201d, es una serie infantil de animaci\u00f3n 2D que aborda el universo de la franciscana, el delf\u00edn m\u00e1s amenazado de extinci\u00f3n de Brasil.<\/p>\n<p>Los dibujos animados narran la historia de la franciscana Babi, un delf\u00edn que naci\u00f3 y creci\u00f3 en la bah\u00eda de Babitonga, pero acaba yendo hacia mar abierto. Al salir de la bah\u00eda, un comportamiento raro para la franciscana de Babitonga, Babi viaja por el litoral de norte a sur de Brasil, conociendo diversas especies, haciendo muchos amigos y aprendiendo sobre la necesidad de cuidar el oc\u00e9ano.<\/p>\n<p><iframe title=\"As aventuras da toninha Babi - Novos Mares (curta-metragem)\" width=\"800\" height=\"450\" src=\"https:\/\/www.youtube.com\/embed\/MA-1HcnZYlo?feature=oembed\" frameborder=\"0\" allow=\"accelerometer; autoplay; clipboard-write; encrypted-media; gyroscope; picture-in-picture; web-share\" allowfullscreen><\/iframe><\/p>\n<\/div>\n\t\t\t\t\t\t\t\t\t<div class=\"elementor-tab-title elementor-tab-mobile-title\" aria-selected=\"false\" data-tab=\"2\" role=\"tab\" tabindex=\"-1\" aria-controls=\"elementor-tab-content-1122\" aria-expanded=\"false\">LIBRO<\/div>\n\t\t\t\t\t<div id=\"elementor-tab-content-1122\" class=\"elementor-tab-content elementor-clearfix\" data-tab=\"2\" role=\"tabpanel\" aria-labelledby=\"elementor-tab-title-1122\" tabindex=\"0\" hidden=\"hidden\"><p>El libro paradid\u00e1ctico \u201cA Toninha Babi e sua turma\u201d de Denise Lemke Carletto y Marta Jussara Cremer, re\u00fane informaci\u00f3n sobre la franciscana y los ecosistemas de la regi\u00f3n de S\u00e3o Francisco del Sur de forma ligera e interactiva.<\/p>\n<p>Publicado en 2012, tuvo como objetivo recopilar un material rico en especies de la fauna local y los ecosistemas costeros de la regi\u00f3n, teniendo como protagonista a la franciscana.<\/p>\n<p>El libro est\u00e1 ilustrado y trae con \u00e9l un mundo lleno de informaci\u00f3n y diversi\u00f3n. <\/p>\n<p><div class=\"_df_book df-lite\" id=\"df_1065\"  _slug=\"livro\" data-title=\"livro\" wpoptions=\"true\" thumbtype=\"\" ><\/div><script class=\"df-shortcode-script\" nowprocket type=\"application\/javascript\">window.option_df_1065 = {\"webgl\":\"true\",\"outline\":[],\"backgroundColor\":\"#C64A22\",\"autoEnableOutline\":\"false\",\"autoEnableThumbnail\":\"false\",\"overwritePDFOutline\":\"false\",\"enableDownload\":\"true\",\"direction\":\"1\",\"pageSize\":\"0\",\"source\":\"https:\\\/\\\/toninhasdobrasil.com.br\\\/wp-content\\\/uploads\\\/2023\\\/03\\\/Livro_Paradidatico_Projeto_Toninhas_compressed.pdf\",\"wpOptions\":\"true\"}; if(window.DFLIP && window.DFLIP.parseBooks){window.DFLIP.parseBooks();}<\/script><\/p>\n<div id=\"submitdiv\" class=\"postbox \">\n<div class=\"postbox-header\">\n<div class=\"handle-actions hide-if-no-js\"> <\/div>\n<\/div>\n<\/div>\n<\/div>\n\t\t\t\t\t\t\t\t\t<div class=\"elementor-tab-title elementor-tab-mobile-title\" aria-selected=\"false\" data-tab=\"3\" role=\"tab\" tabindex=\"-1\" aria-controls=\"elementor-tab-content-1123\" aria-expanded=\"false\">Libre de pasatiempos de la franciscana<\/div>\n\t\t\t\t\t<div id=\"elementor-tab-content-1123\" class=\"elementor-tab-content elementor-clearfix\" data-tab=\"3\" role=\"tabpanel\" aria-labelledby=\"elementor-tab-title-1123\" tabindex=\"0\" hidden=\"hidden\"><p><span style=\"font-weight: 400;\">Basado en los presupuestos de la Base Curricular Com\u00fan Nacional Brasilera, y guiado por los principios de la Cultura Oce\u00e1nica, o \u201cLibre de pasatiempos de la franciscana: Un mar de diversi\u00f3n\u201d cuenta con diversas actividades para la primera infancia. El contenido l\u00fadico, destinado a la fase de prealfabetizaci\u00f3n, es rico en im\u00e1genes y colores, favoreciendo las habilidades que se desarrollar\u00e1n en el paquete de desarrollo.<\/span><\/p>\n<p><div class=\"_df_book df-lite\" id=\"df_2147\"  _slug=\"passatempo-da-toninha\" data-title=\"passatempo-da-toninha\" wpoptions=\"true\" thumbtype=\"\" ><\/div><script class=\"df-shortcode-script\" nowprocket type=\"application\/javascript\">window.option_df_2147 = {\"outline\":[],\"backgroundColor\":\"#C64A22\",\"autoEnableOutline\":\"false\",\"autoEnableThumbnail\":\"false\",\"overwritePDFOutline\":\"false\",\"direction\":\"1\",\"pageSize\":\"0\",\"source\":\"https:\\\/\\\/toninhasdobrasil.com.br\\\/wp-content\\\/uploads\\\/2023\\\/05\\\/passatempo_web_v2-3_compressed.pdf\",\"wpOptions\":\"true\"}; if(window.DFLIP && window.DFLIP.parseBooks){window.DFLIP.parseBooks();}<\/script><\/p>\n<div id=\"submitdiv\" class=\"postbox \">\n<div class=\"postbox-header\">\n<div class=\"handle-actions hide-if-no-js\"> <\/div>\n<\/div>\n<\/div>\n<\/div>\n\t\t\t\t\t\t\t\t\t<div class=\"elementor-tab-title elementor-tab-mobile-title\" aria-selected=\"false\" data-tab=\"4\" role=\"tab\" tabindex=\"-1\" aria-controls=\"elementor-tab-content-1124\" aria-expanded=\"false\">DOCUMENTAL<\/div>\n\t\t\t\t\t<div id=\"elementor-tab-content-1124\" class=\"elementor-tab-content elementor-clearfix\" data-tab=\"4\" role=\"tabpanel\" aria-labelledby=\"elementor-tab-title-1124\" tabindex=\"0\" hidden=\"hidden\"><p>El documental \u201cToninhas: no limite da sobreviv\u00eancia\u201d fue estrenado en 2012 con el objetivo de mostrar la situaci\u00f3n de la franciscana en diferentes regiones a lo largo de su distribuci\u00f3n, que va desde Esp\u00edritu Santo en Brasil hasta Argentina. Adem\u00e1s de las estrategias que han llevado a cabo para reducir este problema y la importancia de todo estar involucrado en las acciones de conservaci\u00f3n de la especie.<\/p>\n<p>En el a\u00f1o de su estreno, el documental fue distribuido para instituciones en todo el litoral sur y sudeste de Brasil, adem\u00e1s de los municipios de alrededor de la bah\u00eda de Babitonga.<\/p>\n<p>Actualmente se encuentra en nuestro canal de Youtube, con subt\u00edtulos en ingl\u00e9s y espa\u00f1ol, haciendo clic aqu\u00ed.<\/p>\n<p><iframe title=\"TONINHAS - NO LIMITE DA SOBREVIVENCIA (Franciscanas, The Limit of Survival)\" width=\"800\" height=\"450\" src=\"https:\/\/www.youtube.com\/embed\/oxpFlAoPmMY?feature=oembed\" frameborder=\"0\" allow=\"accelerometer; autoplay; clipboard-write; encrypted-media; gyroscope; picture-in-picture; web-share\" allowfullscreen><\/iframe><\/p>\n<\/div>\n\t\t\t\t\t\t\t\t\t<div class=\"elementor-tab-title elementor-tab-mobile-title\" aria-selected=\"false\" data-tab=\"5\" role=\"tab\" tabindex=\"-1\" aria-controls=\"elementor-tab-content-1125\" aria-expanded=\"false\">APLICACI\u00d3N<\/div>\n\t\t\t\t\t<div id=\"elementor-tab-content-1125\" class=\"elementor-tab-content elementor-clearfix\" data-tab=\"5\" role=\"tabpanel\" aria-labelledby=\"elementor-tab-title-1125\" tabindex=\"0\" hidden=\"hidden\"><p>Las aplicaciones \u201cToninhas Life\u201d y \u201cToninhas Adventure\u201d son juegos educativos que recrean el ambientes y las caracter\u00edsticas de la vida de la franciscana, adem\u00e1s de incluir en el contexto del juego los impactos que sufren y las actitudes dirigidas a su conservaci\u00f3n.<\/p>\n<p>Funcionan como una estrat\u00e9gia para presentar la franciscana al p\u00fablico en general usando un nuevo formato, a trav\u00e9s de la implicaci\u00f3n que existe con ese tipo de entretenimiento.<\/p>\n<p>Los juegos fueron planeados con dedicaci\u00f3n para que padres y profesores jueguen con sus hijos y alumnos. Disponibles para iOS y Android, gratuitos y de clasificaci\u00f3n libre. \u00a1Ven a divertirte y aprender!<\/p>\n<p><img fetchpriority=\"high\" decoding=\"async\" class=\"wp-image-1390 size-full\" src=\"https:\/\/toninhasdobrasil.com.br\/wp-content\/uploads\/2023\/04\/43_Aplicativos.jpg\" alt=\" Banner ilustrativo de las aplicaciones de Toninhas do Brasil en el estilo de juego Toninha's Life y Toninha's Adventure.\" width=\"884\" height=\"761\" srcset=\"https:\/\/toninhasdobrasil.com.br\/wp-content\/uploads\/2023\/04\/43_Aplicativos.jpg 884w, https:\/\/toninhasdobrasil.com.br\/wp-content\/uploads\/2023\/04\/43_Aplicativos-300x258.jpg 300w, https:\/\/toninhasdobrasil.com.br\/wp-content\/uploads\/2023\/04\/43_Aplicativos-768x661.jpg 768w\" sizes=\"(max-width: 884px) 100vw, 884px\" \/> <em>Banner ilustrativo de las aplicaciones de Toninhas do Brasil en el estilo de juego Toninha&#8217;s Life y Toninha&#8217;s Adventure.<\/em><\/p>\n<\/div>\n\t\t\t\t\t\t\t<\/div>\n\t\t<\/div>\n\t\t\t\t\t\t<\/div>\n\t\t\t\t<\/div>\n\t\t\t\t\t<\/div>\n\t\t<\/div>\n\t\t\t\t\t<\/div>\n\t\t<\/section>\n\t\t\t\t<\/div>\n\t\t","protected":false},"excerpt":{"rendered":"<p>Biblioteca de la Toninha DIBUJO ANIMADO LIBRO Libre de pasatiempos de la franciscana DOCUMENTAL APLICACI\u00d3N DIBUJO ANIMADO \u201cAs aventuras da Toninha Babi\u201d, es una serie infantil de animaci\u00f3n 2D que aborda el universo de la franciscana, el delf\u00edn m\u00e1s amenazado de extinci\u00f3n de Brasil. Los dibujos animados narran la historia de la franciscana Babi, un [&hellip;]<\/p>\n","protected":false},"author":1,"featured_media":0,"parent":0,"menu_order":0,"comment_status":"closed","ping_status":"closed","template":"","meta":{"_acf_changed":false,"footnotes":""},"class_list":["post-2238","page","type-page","status-publish","hentry"],"acf":[],"_links":{"self":[{"href":"https:\/\/toninhasdobrasil.com.br\/es\/wp-json\/wp\/v2\/pages\/2238","targetHints":{"allow":["GET"]}}],"collection":[{"href":"https:\/\/toninhasdobrasil.com.br\/es\/wp-json\/wp\/v2\/pages"}],"about":[{"href":"https:\/\/toninhasdobrasil.com.br\/es\/wp-json\/wp\/v2\/types\/page"}],"author":[{"embeddable":true,"href":"https:\/\/toninhasdobrasil.com.br\/es\/wp-json\/wp\/v2\/users\/1"}],"replies":[{"embeddable":true,"href":"https:\/\/toninhasdobrasil.com.br\/es\/wp-json\/wp\/v2\/comments?post=2238"}],"version-history":[{"count":5,"href":"https:\/\/toninhasdobrasil.com.br\/es\/wp-json\/wp\/v2\/pages\/2238\/revisions"}],"predecessor-version":[{"id":2649,"href":"https:\/\/toninhasdobrasil.com.br\/es\/wp-json\/wp\/v2\/pages\/2238\/revisions\/2649"}],"wp:attachment":[{"href":"https:\/\/toninhasdobrasil.com.br\/es\/wp-json\/wp\/v2\/media?parent=2238"}],"curies":[{"name":"wp","href":"https:\/\/api.w.org\/{rel}","templated":true}]}}