{"id":2244,"date":"2023-02-25T23:30:26","date_gmt":"2023-02-25T23:30:26","guid":{"rendered":"https:\/\/toninhasdobrasil.com.br\/educacion-ambiental\/"},"modified":"2023-05-02T02:21:55","modified_gmt":"2023-05-02T02:21:55","slug":"educacion-ambiental","status":"publish","type":"page","link":"https:\/\/toninhasdobrasil.com.br\/es\/educacion-ambiental\/","title":{"rendered":"EDUCACI\u00d3N AMBIENTAL"},"content":{"rendered":"\t\t<div data-elementor-type=\"wp-page\" data-elementor-id=\"2244\" class=\"elementor elementor-2244 elementor-239\" data-elementor-post-type=\"page\">\n\t\t\t\t\t\t<section class=\"elementor-section elementor-top-section elementor-element elementor-element-01f6a34 elementor-section-height-min-height elementor-section-boxed elementor-section-height-default elementor-section-items-middle\" data-id=\"01f6a34\" data-element_type=\"section\" data-e-type=\"section\" data-settings=\"{&quot;background_background&quot;:&quot;classic&quot;}\">\n\t\t\t\t\t\t<div class=\"elementor-container elementor-column-gap-default\">\n\t\t\t\t\t<div class=\"elementor-column elementor-col-100 elementor-top-column elementor-element elementor-element-940c53f\" data-id=\"940c53f\" data-element_type=\"column\" data-e-type=\"column\">\n\t\t\t<div class=\"elementor-widget-wrap\">\n\t\t\t\t\t\t\t<\/div>\n\t\t<\/div>\n\t\t\t\t\t<\/div>\n\t\t<\/section>\n\t\t\t\t<section class=\"elementor-section elementor-top-section elementor-element elementor-element-df5fde2 elementor-section-boxed elementor-section-height-default elementor-section-height-default\" data-id=\"df5fde2\" data-element_type=\"section\" data-e-type=\"section\" data-settings=\"{&quot;background_background&quot;:&quot;classic&quot;,&quot;shape_divider_bottom&quot;:&quot;tilt&quot;}\">\n\t\t\t\t\t<div class=\"elementor-shape elementor-shape-bottom\" aria-hidden=\"true\" data-negative=\"false\">\n\t\t\t<svg xmlns=\"http:\/\/www.w3.org\/2000\/svg\" viewBox=\"0 0 1000 100\" preserveAspectRatio=\"none\">\n\t<path class=\"elementor-shape-fill\" d=\"M0,6V0h1000v100L0,6z\"\/>\n<\/svg>\t\t<\/div>\n\t\t\t\t\t<div class=\"elementor-container elementor-column-gap-default\">\n\t\t\t\t\t<div class=\"elementor-column elementor-col-100 elementor-top-column elementor-element elementor-element-ba0d2bf\" data-id=\"ba0d2bf\" data-element_type=\"column\" data-e-type=\"column\">\n\t\t\t<div class=\"elementor-widget-wrap elementor-element-populated\">\n\t\t\t\t\t\t<div class=\"elementor-element elementor-element-8e2d63e elementor-widget-divider--view-line elementor-widget elementor-widget-divider\" data-id=\"8e2d63e\" data-element_type=\"widget\" data-e-type=\"widget\" data-widget_type=\"divider.default\">\n\t\t\t\t<div class=\"elementor-widget-container\">\n\t\t\t\t\t\t\t<div class=\"elementor-divider\">\n\t\t\t<span class=\"elementor-divider-separator\">\n\t\t\t\t\t\t<\/span>\n\t\t<\/div>\n\t\t\t\t\t\t<\/div>\n\t\t\t\t<\/div>\n\t\t\t\t<div class=\"elementor-element elementor-element-5f63d61 elementor-widget elementor-widget-heading\" data-id=\"5f63d61\" data-element_type=\"widget\" data-e-type=\"widget\" data-widget_type=\"heading.default\">\n\t\t\t\t<div class=\"elementor-widget-container\">\n\t\t\t\t\t<h2 class=\"elementor-heading-title elementor-size-default\">EDUCACI\u00d3N AMBIENTAL<\/h2>\t\t\t\t<\/div>\n\t\t\t\t<\/div>\n\t\t\t\t\t<\/div>\n\t\t<\/div>\n\t\t\t\t\t<\/div>\n\t\t<\/section>\n\t\t\t\t<section class=\"elementor-section elementor-top-section elementor-element elementor-element-d374122 elementor-section-content-top elementor-section-boxed elementor-section-height-default elementor-section-height-default\" data-id=\"d374122\" data-element_type=\"section\" data-e-type=\"section\">\n\t\t\t\t\t\t<div class=\"elementor-container elementor-column-gap-default\">\n\t\t\t\t\t<div class=\"elementor-column elementor-col-100 elementor-top-column elementor-element elementor-element-6786fba\" data-id=\"6786fba\" data-element_type=\"column\" data-e-type=\"column\">\n\t\t\t<div class=\"elementor-widget-wrap elementor-element-populated\">\n\t\t\t\t\t\t<div class=\"elementor-element elementor-element-2c2648a elementor-widget elementor-widget-text-editor\" data-id=\"2c2648a\" data-element_type=\"widget\" data-e-type=\"widget\" data-widget_type=\"text-editor.default\">\n\t\t\t\t<div class=\"elementor-widget-container\">\n\t\t\t\t\t\t\t\t\t<p>La educaci\u00f3n ambiental es el camino para que la sociedad cree nuevos v\u00ednculos y perspectivas con la naturaleza. Es por ese camino que conseguimos interactuar con las comunidades donde el proyecto act\u00faa y entramos en contacto con el conocimiento ecol\u00f3gico local. En Toninhas do Brasil, la educaci\u00f3n ambiental es abordada de forma cr\u00edtica, propositiva y madura, siempre con creatividad, sensibilidad y l\u00fadica. Adem\u00e1s de concientizar sobre la importancia de la conservaci\u00f3n de la franciscana y de sus ecosistemas, buscamos promover experiencias de contacto con la naturaleza y, a partir de ese encantamiento construir conjuntamente significados y conocimientos. En nuestro trabajo, somos al mismo tiempo alumnos y profesores, e invitamos a todos a reflexionar sobre los cambios que podemos implementar en nuestro d\u00eda a d\u00eda y en nuestras comunidades a favor de un desarrollo verdaderamente sostenible y justo.<\/p>\n\t\t\t\t\t\t\t\t<\/div>\n\t\t\t\t<\/div>\n\t\t\t\t<div class=\"elementor-element elementor-element-12803a7 elementor-tabs-view-vertical elementor-widget elementor-widget-tabs\" data-id=\"12803a7\" data-element_type=\"widget\" data-e-type=\"widget\" data-widget_type=\"tabs.default\">\n\t\t\t\t<div class=\"elementor-widget-container\">\n\t\t\t\t\t\t\t<div class=\"elementor-tabs\">\n\t\t\t<div class=\"elementor-tabs-wrapper\" role=\"tablist\" >\n\t\t\t\t\t\t\t\t\t<div id=\"elementor-tab-title-1931\" class=\"elementor-tab-title elementor-tab-desktop-title\" aria-selected=\"true\" data-tab=\"1\" role=\"tab\" tabindex=\"0\" aria-controls=\"elementor-tab-content-1931\" aria-expanded=\"false\">FRANCISCANAS EN LAS ESCUELAS<\/div>\n\t\t\t\t\t\t\t\t\t<div id=\"elementor-tab-title-1932\" class=\"elementor-tab-title elementor-tab-desktop-title\" aria-selected=\"false\" data-tab=\"2\" role=\"tab\" tabindex=\"-1\" aria-controls=\"elementor-tab-content-1932\" aria-expanded=\"false\">EVENTOS Y CONFERENCIAS<\/div>\n\t\t\t\t\t\t\t<\/div>\n\t\t\t<div class=\"elementor-tabs-content-wrapper\" role=\"tablist\" aria-orientation=\"vertical\">\n\t\t\t\t\t\t\t\t\t<div class=\"elementor-tab-title elementor-tab-mobile-title\" aria-selected=\"true\" data-tab=\"1\" role=\"tab\" tabindex=\"0\" aria-controls=\"elementor-tab-content-1931\" aria-expanded=\"false\">FRANCISCANAS EN LAS ESCUELAS<\/div>\n\t\t\t\t\t<div id=\"elementor-tab-content-1931\" class=\"elementor-tab-content elementor-clearfix\" data-tab=\"1\" role=\"tabpanel\" aria-labelledby=\"elementor-tab-title-1931\" tabindex=\"0\" hidden=\"false\"><p><span style=\"font-weight: 400;\">Toninhas do Brasil act\u00faa junto a instituciones de ense\u00f1anza y de forma integrada con las secretar\u00edas municipales de educaci\u00f3n, llevando nuestra forma de hacer educaci\u00f3n ambiental a la educaci\u00f3n formal. Desde sus inicios, el proyecto ha sido un aliado de los educadores, ofreciendo material did\u00e1ctico, formaci\u00f3n y experiencias que complementan las habilidades y conocimientos construidos durante las aulas. <\/span><\/p>\n<p><span style=\"font-weight: 400;\">Nuestro equipo realiza conferencias, exposiciones interactivas y actividades dentro y fuera del aula, proporcionando experiencias de aprendizaje din\u00e1micas, participativas y org\u00e1nicas. Tambi\u00e9n ofrecemos apoyo pedag\u00f3gico para la planificaci\u00f3n de actividades dirigidas a todas las etapas de la educaci\u00f3n b\u00e1sica y superior, junto con los educadores y de acuerdo con sus necesidades. <\/span><\/p>\n<p><span style=\"font-weight: 400;\">Adem\u00e1s, a trav\u00e9s de nuestro curso de educaci\u00f3n ambiental, ayudamos a los profesores a llevar los principios de la cultura oce\u00e1nica a sus alumnos. En las ciudades de S\u00e3o Francisco do Sul, Caraguatatuba, Ubatuba y Laguna, los profesores asociados al proyecto tendr\u00e1n la oportunidad de implementar el material did\u00e1ctico del \u201dBa\u00fa da Toninha\u201d en sus clases. Producido desde una perspectiva Montessiorana y Waldorfiana, este material, dirigido a la educaci\u00f3n infantil y a los primeros a\u00f1os de la escuela primaria, propone una forma imaginativa de incluir la educaci\u00f3n ambiental a los componentes curriculares, y de educar para la conservaci\u00f3n.<\/span><\/p>\n<p><img fetchpriority=\"high\" decoding=\"async\" class=\"wp-image-1309 size-full\" src=\"https:\/\/toninhasdobrasil.com.br\/wp-content\/uploads\/2023\/04\/30_Educacao-Ambiental_Toninhas-nas-escolas-scaled.jpg\" alt=\"Ni\u00f1os del CMEIP Toninhas, en S\u00e3o Francisco do Sul (SC) durante una actividad de educaci\u00f3n ambiental.\" width=\"2560\" height=\"1707\" srcset=\"https:\/\/toninhasdobrasil.com.br\/wp-content\/uploads\/2023\/04\/30_Educacao-Ambiental_Toninhas-nas-escolas-scaled.jpg 2560w, https:\/\/toninhasdobrasil.com.br\/wp-content\/uploads\/2023\/04\/30_Educacao-Ambiental_Toninhas-nas-escolas-300x200.jpg 300w, https:\/\/toninhasdobrasil.com.br\/wp-content\/uploads\/2023\/04\/30_Educacao-Ambiental_Toninhas-nas-escolas-1024x683.jpg 1024w, https:\/\/toninhasdobrasil.com.br\/wp-content\/uploads\/2023\/04\/30_Educacao-Ambiental_Toninhas-nas-escolas-768x512.jpg 768w, https:\/\/toninhasdobrasil.com.br\/wp-content\/uploads\/2023\/04\/30_Educacao-Ambiental_Toninhas-nas-escolas-1536x1024.jpg 1536w, https:\/\/toninhasdobrasil.com.br\/wp-content\/uploads\/2023\/04\/30_Educacao-Ambiental_Toninhas-nas-escolas-2048x1365.jpg 2048w\" sizes=\"(max-width: 2560px) 100vw, 2560px\" \/> <em>Ni\u00f1os del CMEIP Toninhas, en S\u00e3o Francisco do Sul (SC) durante una actividad de educaci\u00f3n ambiental.<\/em><\/p>\n<\/div>\n\t\t\t\t\t\t\t\t\t<div class=\"elementor-tab-title elementor-tab-mobile-title\" aria-selected=\"false\" data-tab=\"2\" role=\"tab\" tabindex=\"-1\" aria-controls=\"elementor-tab-content-1932\" aria-expanded=\"false\">EVENTOS Y CONFERENCIAS<\/div>\n\t\t\t\t\t<div id=\"elementor-tab-content-1932\" class=\"elementor-tab-content elementor-clearfix\" data-tab=\"2\" role=\"tabpanel\" aria-labelledby=\"elementor-tab-title-1932\" tabindex=\"0\" hidden=\"hidden\"><p><span style=\"font-weight: 400;\">El proyecto tambi\u00e9n participa en eventos presenciales y online, estableciendo presencia en las comunidades donde act\u00faa. A trav\u00e9s de la acci\u00f3n \u00abTem Toninha Aqui\u00bb, presentamos la especie y sus ecosistemas en las playas de Santa Catarina, Paran\u00e1 y S\u00e3o Paulo. El primero de octubre, celebramos el D\u00eda Internacional de la Franciscana, cuando se realizan acciones online y presenciales, en conjunto con colaboradores de todo Brasil.<\/span><\/p>\n<p><span style=\"font-weight: 400;\">En las exposiciones y charlas, ponemos al alcance de las manos de las personas elementos de la biodiversidad costera y marina, ense\u00f1ando y aprendiendo con quienes forman parte de los ecosistemas. Las exposiciones cuentan con un valioso material de apoyo, con animales reales disecados, esqueletos, moldes en tama\u00f1o natural, fotograf\u00edas y paneles informativos, adem\u00e1s de juegos y actividades l\u00fadicas. Las exposiciones son f\u00e1ciles de transportar y se adaptan al tama\u00f1o de cualquier espacio disponible. <\/span><\/p>\n<p><span style=\"font-weight: 400;\">\u00bfQuieres saber cu\u00e1ndo Toninha do Brasil estar\u00e1 en tu ciudad? Ponte en contacto con nosotros e inf\u00f3rmate.<\/span><\/p>\n<p><span style=\"font-weight: 400;\">Conozca y utilice nuestro material did\u00e1ctico, disponible gratuitamente en la Toninhateca.<\/span><\/p>\n<p><img decoding=\"async\" class=\"wp-image-1312 size-full\" src=\"https:\/\/toninhasdobrasil.com.br\/wp-content\/uploads\/2023\/04\/31_Educacao-Ambiental_eventos-e-palestras-scaled.jpg\" alt=\"El stand de la Univille en el evento Chef's na Praia en noviembre de 2019.\" width=\"2560\" height=\"1920\" srcset=\"https:\/\/toninhasdobrasil.com.br\/wp-content\/uploads\/2023\/04\/31_Educacao-Ambiental_eventos-e-palestras-scaled.jpg 2560w, https:\/\/toninhasdobrasil.com.br\/wp-content\/uploads\/2023\/04\/31_Educacao-Ambiental_eventos-e-palestras-300x225.jpg 300w, https:\/\/toninhasdobrasil.com.br\/wp-content\/uploads\/2023\/04\/31_Educacao-Ambiental_eventos-e-palestras-1024x768.jpg 1024w, https:\/\/toninhasdobrasil.com.br\/wp-content\/uploads\/2023\/04\/31_Educacao-Ambiental_eventos-e-palestras-768x576.jpg 768w, https:\/\/toninhasdobrasil.com.br\/wp-content\/uploads\/2023\/04\/31_Educacao-Ambiental_eventos-e-palestras-1536x1152.jpg 1536w, https:\/\/toninhasdobrasil.com.br\/wp-content\/uploads\/2023\/04\/31_Educacao-Ambiental_eventos-e-palestras-2048x1536.jpg 2048w\" sizes=\"(max-width: 2560px) 100vw, 2560px\" \/> <em>El stand de la Univille en el evento Chef&#8217;s na Praia en noviembre de 2019.<\/em><\/p>\n<\/div>\n\t\t\t\t\t\t\t<\/div>\n\t\t<\/div>\n\t\t\t\t\t\t<\/div>\n\t\t\t\t<\/div>\n\t\t\t\t\t<\/div>\n\t\t<\/div>\n\t\t\t\t\t<\/div>\n\t\t<\/section>\n\t\t\t\t<section class=\"elementor-section elementor-top-section elementor-element elementor-element-e5146c8 elementor-section-boxed elementor-section-height-default elementor-section-height-default\" data-id=\"e5146c8\" data-element_type=\"section\" data-e-type=\"section\">\n\t\t\t\t\t\t<div class=\"elementor-container elementor-column-gap-default\">\n\t\t\t\t\t<div class=\"elementor-column elementor-col-100 elementor-top-column elementor-element elementor-element-4f665c4\" data-id=\"4f665c4\" data-element_type=\"column\" data-e-type=\"column\">\n\t\t\t<div class=\"elementor-widget-wrap elementor-element-populated\">\n\t\t\t\t\t\t<div class=\"elementor-element elementor-element-90bc247 elementor-widget elementor-widget-heading\" data-id=\"90bc247\" data-element_type=\"widget\" data-e-type=\"widget\" data-widget_type=\"heading.default\">\n\t\t\t\t<div class=\"elementor-widget-container\">\n\t\t\t\t\t<h2 class=\"elementor-heading-title elementor-size-default\">Vea tambi\u00e9n:<\/h2>\t\t\t\t<\/div>\n\t\t\t\t<\/div>\n\t\t\t\t<div class=\"elementor-element elementor-element-d080d81 elementor-icon-list--layout-inline elementor-mobile-align-start elementor-list-item-link-full_width elementor-widget elementor-widget-icon-list\" data-id=\"d080d81\" data-element_type=\"widget\" data-e-type=\"widget\" data-widget_type=\"icon-list.default\">\n\t\t\t\t<div class=\"elementor-widget-container\">\n\t\t\t\t\t\t\t<ul class=\"elementor-icon-list-items elementor-inline-items\">\n\t\t\t\t\t\t\t<li class=\"elementor-icon-list-item elementor-inline-item\">\n\t\t\t\t\t\t\t\t\t\t\t<a href=\"https:\/\/toninhasdobrasil.com.br\/pesquisa\/\">\n\n\t\t\t\t\t\t\t\t\t\t\t\t<span class=\"elementor-icon-list-icon\">\n\t\t\t\t\t\t\t<i aria-hidden=\"true\" class=\"fas fa-chevron-right\"><\/i>\t\t\t\t\t\t<\/span>\n\t\t\t\t\t\t\t\t\t\t<span class=\"elementor-icon-list-text\">Investigaci\u00f3n<\/span>\n\t\t\t\t\t\t\t\t\t\t\t<\/a>\n\t\t\t\t\t\t\t\t\t<\/li>\n\t\t\t\t\t\t\t\t<li class=\"elementor-icon-list-item elementor-inline-item\">\n\t\t\t\t\t\t\t\t\t\t\t<span class=\"elementor-icon-list-icon\">\n\t\t\t\t\t\t\t<i aria-hidden=\"true\" class=\"fas fa-chevron-right\"><\/i>\t\t\t\t\t\t<\/span>\n\t\t\t\t\t\t\t\t\t\t<span class=\"elementor-icon-list-text\"><u>Educaci\u00f3n ambiental<\/u><\/span>\n\t\t\t\t\t\t\t\t\t<\/li>\n\t\t\t\t\t\t\t\t<li class=\"elementor-icon-list-item elementor-inline-item\">\n\t\t\t\t\t\t\t\t\t\t\t<a href=\"https:\/\/toninhasdobrasil.com.br\/comunicacao-estrategica\/\">\n\n\t\t\t\t\t\t\t\t\t\t\t\t<span class=\"elementor-icon-list-icon\">\n\t\t\t\t\t\t\t<i aria-hidden=\"true\" class=\"fas fa-chevron-right\"><\/i>\t\t\t\t\t\t<\/span>\n\t\t\t\t\t\t\t\t\t\t<span class=\"elementor-icon-list-text\">Comunicaci\u00f3n Estrat\u00e9gica<\/span>\n\t\t\t\t\t\t\t\t\t\t\t<\/a>\n\t\t\t\t\t\t\t\t\t<\/li>\n\t\t\t\t\t\t\t\t<li class=\"elementor-icon-list-item elementor-inline-item\">\n\t\t\t\t\t\t\t\t\t\t\t<a href=\"https:\/\/toninhasdobrasil.com.br\/toninhas-da-babitonga\/\">\n\n\t\t\t\t\t\t\t\t\t\t\t\t<span class=\"elementor-icon-list-icon\">\n\t\t\t\t\t\t\t<i aria-hidden=\"true\" class=\"fas fa-chevron-right\"><\/i>\t\t\t\t\t\t<\/span>\n\t\t\t\t\t\t\t\t\t\t<span class=\"elementor-icon-list-text\">Franciscanas de la Babitonga<\/span>\n\t\t\t\t\t\t\t\t\t\t\t<\/a>\n\t\t\t\t\t\t\t\t\t<\/li>\n\t\t\t\t\t\t<\/ul>\n\t\t\t\t\t\t<\/div>\n\t\t\t\t<\/div>\n\t\t\t\t\t<\/div>\n\t\t<\/div>\n\t\t\t\t\t<\/div>\n\t\t<\/section>\n\t\t\t\t<\/div>\n\t\t","protected":false},"excerpt":{"rendered":"<p>La educaci\u00f3n ambiental es el camino para que la sociedad cree nuevos v\u00ednculos y perspectivas con la naturaleza. Es por ese camino que conseguimos interactuar con las comunidades donde el proyecto act\u00faa y entramos en contacto con el conocimiento ecol\u00f3gico local. En Toninhas do Brasil, la educaci\u00f3n ambiental es abordada de forma cr\u00edtica, propositiva y [&hellip;]<\/p>\n","protected":false},"author":1,"featured_media":0,"parent":0,"menu_order":0,"comment_status":"closed","ping_status":"closed","template":"","meta":{"_acf_changed":false,"footnotes":""},"class_list":["post-2244","page","type-page","status-publish","hentry"],"acf":[],"_links":{"self":[{"href":"https:\/\/toninhasdobrasil.com.br\/es\/wp-json\/wp\/v2\/pages\/2244","targetHints":{"allow":["GET"]}}],"collection":[{"href":"https:\/\/toninhasdobrasil.com.br\/es\/wp-json\/wp\/v2\/pages"}],"about":[{"href":"https:\/\/toninhasdobrasil.com.br\/es\/wp-json\/wp\/v2\/types\/page"}],"author":[{"embeddable":true,"href":"https:\/\/toninhasdobrasil.com.br\/es\/wp-json\/wp\/v2\/users\/1"}],"replies":[{"embeddable":true,"href":"https:\/\/toninhasdobrasil.com.br\/es\/wp-json\/wp\/v2\/comments?post=2244"}],"version-history":[{"count":1,"href":"https:\/\/toninhasdobrasil.com.br\/es\/wp-json\/wp\/v2\/pages\/2244\/revisions"}],"predecessor-version":[{"id":2245,"href":"https:\/\/toninhasdobrasil.com.br\/es\/wp-json\/wp\/v2\/pages\/2244\/revisions\/2245"}],"wp:attachment":[{"href":"https:\/\/toninhasdobrasil.com.br\/es\/wp-json\/wp\/v2\/media?parent=2244"}],"curies":[{"name":"wp","href":"https:\/\/api.w.org\/{rel}","templated":true}]}}