{"id":2246,"date":"2023-02-25T23:32:00","date_gmt":"2023-02-25T23:32:00","guid":{"rendered":"https:\/\/toninhasdobrasil.com.br\/estrategia-de-comunicacion\/"},"modified":"2023-05-04T02:46:08","modified_gmt":"2023-05-04T02:46:08","slug":"estrategia-de-comunicacion","status":"publish","type":"page","link":"https:\/\/toninhasdobrasil.com.br\/es\/estrategia-de-comunicacion\/","title":{"rendered":"ESTRATEGIA DE COMUNICACI\u00d3N"},"content":{"rendered":"\t\t<div data-elementor-type=\"wp-page\" data-elementor-id=\"2246\" class=\"elementor elementor-2246 elementor-244\" data-elementor-post-type=\"page\">\n\t\t\t\t\t\t<section class=\"elementor-section elementor-top-section elementor-element elementor-element-01f6a34 elementor-section-height-min-height elementor-section-boxed elementor-section-height-default elementor-section-items-middle\" data-id=\"01f6a34\" data-element_type=\"section\" data-e-type=\"section\" data-settings=\"{&quot;background_background&quot;:&quot;classic&quot;}\">\n\t\t\t\t\t\t<div class=\"elementor-container elementor-column-gap-default\">\n\t\t\t\t\t<div class=\"elementor-column elementor-col-100 elementor-top-column elementor-element elementor-element-940c53f\" data-id=\"940c53f\" data-element_type=\"column\" data-e-type=\"column\">\n\t\t\t<div class=\"elementor-widget-wrap\">\n\t\t\t\t\t\t\t<\/div>\n\t\t<\/div>\n\t\t\t\t\t<\/div>\n\t\t<\/section>\n\t\t\t\t<section class=\"elementor-section elementor-top-section elementor-element elementor-element-df5fde2 elementor-section-boxed elementor-section-height-default elementor-section-height-default\" data-id=\"df5fde2\" data-element_type=\"section\" data-e-type=\"section\" data-settings=\"{&quot;background_background&quot;:&quot;classic&quot;,&quot;shape_divider_bottom&quot;:&quot;tilt&quot;}\">\n\t\t\t\t\t<div class=\"elementor-shape elementor-shape-bottom\" aria-hidden=\"true\" data-negative=\"false\">\n\t\t\t<svg xmlns=\"http:\/\/www.w3.org\/2000\/svg\" viewBox=\"0 0 1000 100\" preserveAspectRatio=\"none\">\n\t<path class=\"elementor-shape-fill\" d=\"M0,6V0h1000v100L0,6z\"\/>\n<\/svg>\t\t<\/div>\n\t\t\t\t\t<div class=\"elementor-container elementor-column-gap-default\">\n\t\t\t\t\t<div class=\"elementor-column elementor-col-100 elementor-top-column elementor-element elementor-element-ba0d2bf\" data-id=\"ba0d2bf\" data-element_type=\"column\" data-e-type=\"column\">\n\t\t\t<div class=\"elementor-widget-wrap elementor-element-populated\">\n\t\t\t\t\t\t<div class=\"elementor-element elementor-element-8e2d63e elementor-widget-divider--view-line elementor-widget elementor-widget-divider\" data-id=\"8e2d63e\" data-element_type=\"widget\" data-e-type=\"widget\" data-widget_type=\"divider.default\">\n\t\t\t\t<div class=\"elementor-widget-container\">\n\t\t\t\t\t\t\t<div class=\"elementor-divider\">\n\t\t\t<span class=\"elementor-divider-separator\">\n\t\t\t\t\t\t<\/span>\n\t\t<\/div>\n\t\t\t\t\t\t<\/div>\n\t\t\t\t<\/div>\n\t\t\t\t<div class=\"elementor-element elementor-element-5f63d61 elementor-widget elementor-widget-heading\" data-id=\"5f63d61\" data-element_type=\"widget\" data-e-type=\"widget\" data-widget_type=\"heading.default\">\n\t\t\t\t<div class=\"elementor-widget-container\">\n\t\t\t\t\t<h2 class=\"elementor-heading-title elementor-size-default\">ESTRATEGIA DE COMUNICACI\u00d3N<\/h2>\t\t\t\t<\/div>\n\t\t\t\t<\/div>\n\t\t\t\t\t<\/div>\n\t\t<\/div>\n\t\t\t\t\t<\/div>\n\t\t<\/section>\n\t\t\t\t<section class=\"elementor-section elementor-top-section elementor-element elementor-element-d374122 elementor-section-content-top elementor-section-boxed elementor-section-height-default elementor-section-height-default\" data-id=\"d374122\" data-element_type=\"section\" data-e-type=\"section\">\n\t\t\t\t\t\t<div class=\"elementor-container elementor-column-gap-default\">\n\t\t\t\t\t<div class=\"elementor-column elementor-col-50 elementor-top-column elementor-element elementor-element-6786fba\" data-id=\"6786fba\" data-element_type=\"column\" data-e-type=\"column\">\n\t\t\t<div class=\"elementor-widget-wrap elementor-element-populated\">\n\t\t\t\t\t\t<div class=\"elementor-element elementor-element-2c2648a elementor-widget elementor-widget-text-editor\" data-id=\"2c2648a\" data-element_type=\"widget\" data-e-type=\"widget\" data-widget_type=\"text-editor.default\">\n\t\t\t\t<div class=\"elementor-widget-container\">\n\t\t\t\t\t\t\t\t\t<p><span style=\"font-weight: 400;\">La franciscana (<\/span><i><span style=\"font-weight: 400;\">Pontoporia blainvillei<\/span><\/i><span style=\"font-weight: 400;\">) fue probablemente el delf\u00edn m\u00e1s abundante en la costa suroeste y sur de Brasil, y que vive m\u00e1s cerca de nuestras playas. Parad\u00f3jicamente, aun tan cercana, es poco conocida por la poblaci\u00f3n, hecho que dificulta la profundizaci\u00f3n de los discursos en torno a la problem\u00e1tica y el compromiso social por la protecci\u00f3n de la especie y sus ecosistemas.<\/span><\/p>\n<p><span style=\"font-weight: 400;\">La popularizaci\u00f3n de la franciscana y la sensibilizaci\u00f3n de la sociedad sobre las amenazas que la afectan son importantes retos para la conservaci\u00f3n de este peque\u00f1o delf\u00edn, uno de los m\u00e1s amenazados de extinci\u00f3n en el Atl\u00e1ntico Sur. La comunicaci\u00f3n, acto inherente al desarrollo humano, juega un papel fundamental en este proceso. Pensar c\u00f3mo incluir estos temas en la agenda social, para que se creen espacios que favorezcan el debate, es una estrategia importante para la conservaci\u00f3n.<\/span><\/p>\n<p><span style=\"font-weight: 400;\">Bajo este trasfondo, se concibe la comunicaci\u00f3n de Toninhas do Brasil. Para traducir y aproximar los discursos se utilizan conceptos de redes y de t\u00e9cnicas de comunicaci\u00f3n adecuadas a diferentes p\u00fablicos para romper las barreras existentes entre las diferentes naturalezas del conocimiento. El prop\u00f3sito es unir esfuerzos para construir puentes, en busca de una transmisi\u00f3n horizontal y pr\u00f3xima que tenga en cuenta la diversidad de formas de aprehensi\u00f3n.<\/span><\/p>\n<p><span style=\"font-weight: 400;\">La comunicaci\u00f3n del proyecto tiene la misi\u00f3n de hacer de la especie un animal simb\u00f3lico, una bandera, icono de las regiones costeras del pa\u00eds, asociando su presencia a la calidad de vida de estas y en estos ambientes. El objetivo es popularizar la especie y al mismo tiempo insertar el problema en el contexto social de las poblaciones que cohabitan el territorio. En t\u00e9rminos generales, proteger y conservar la franciscana no debe ser visto exclusivamente como un objetivo \u00fanico, ya que los entornos marinos y costeros est\u00e1n amenazados juntos. <\/span><\/p>\n\t\t\t\t\t\t\t\t<\/div>\n\t\t\t\t<\/div>\n\t\t\t\t\t<\/div>\n\t\t<\/div>\n\t\t\t\t<div class=\"elementor-column elementor-col-50 elementor-top-column elementor-element elementor-element-91e408b\" data-id=\"91e408b\" data-element_type=\"column\" data-e-type=\"column\">\n\t\t\t<div class=\"elementor-widget-wrap elementor-element-populated\">\n\t\t\t\t\t\t<div class=\"elementor-element elementor-element-733a078 elementor-widget elementor-widget-image\" data-id=\"733a078\" data-element_type=\"widget\" data-e-type=\"widget\" data-widget_type=\"image.default\">\n\t\t\t\t<div class=\"elementor-widget-container\">\n\t\t\t\t\t\t\t\t\t\t\t\t<figure class=\"wp-caption\">\n\t\t\t\t\t\t\t\t\t\t<img fetchpriority=\"high\" decoding=\"async\" width=\"1920\" height=\"1283\" src=\"https:\/\/toninhasdobrasil.com.br\/wp-content\/uploads\/2023\/04\/33_Comunicacao-Estrategica_01.jpg\" class=\"attachment-full size-full wp-image-1326\" alt=\"Grupo de cerca de 50 crian\u00e7as brincam de roda em dois c\u00edrculos no gramado durante o evento maratoninha que aconteceu em Garopaba (SC) em 2018.\" srcset=\"https:\/\/toninhasdobrasil.com.br\/wp-content\/uploads\/2023\/04\/33_Comunicacao-Estrategica_01.jpg 1920w, https:\/\/toninhasdobrasil.com.br\/wp-content\/uploads\/2023\/04\/33_Comunicacao-Estrategica_01-300x200.jpg 300w, https:\/\/toninhasdobrasil.com.br\/wp-content\/uploads\/2023\/04\/33_Comunicacao-Estrategica_01-1024x684.jpg 1024w, https:\/\/toninhasdobrasil.com.br\/wp-content\/uploads\/2023\/04\/33_Comunicacao-Estrategica_01-768x513.jpg 768w, https:\/\/toninhasdobrasil.com.br\/wp-content\/uploads\/2023\/04\/33_Comunicacao-Estrategica_01-1536x1026.jpg 1536w\" sizes=\"(max-width: 1920px) 100vw, 1920px\" \/>\t\t\t\t\t\t\t\t\t\t\t<figcaption class=\"widget-image-caption wp-caption-text\">Grupo de unos 50 ni\u00f1os juegan c\u00edrculos en dos c\u00edrculos en el c\u00e9sped durante el evento de marat\u00f3n que tuvo lugar en Garopaba (Santa Catarina) en 2018.<\/figcaption>\n\t\t\t\t\t\t\t\t\t\t<\/figure>\n\t\t\t\t\t\t\t\t\t<\/div>\n\t\t\t\t<\/div>\n\t\t\t\t<div class=\"elementor-element elementor-element-412a111 elementor-widget elementor-widget-image\" data-id=\"412a111\" data-element_type=\"widget\" data-e-type=\"widget\" data-widget_type=\"image.default\">\n\t\t\t\t<div class=\"elementor-widget-container\">\n\t\t\t\t\t\t\t\t\t\t\t\t<figure class=\"wp-caption\">\n\t\t\t\t\t\t\t\t\t\t<img decoding=\"async\" width=\"1920\" height=\"1207\" src=\"https:\/\/toninhasdobrasil.com.br\/wp-content\/uploads\/2023\/04\/34_Comunicacao-Estrategica_02.jpg\" class=\"attachment-full size-full wp-image-1329\" alt=\"Cinegrafista da NSCTV, afiliada da Rede Globo, grava pesquisador do Toninhas do Brasil para mat\u00e9ria sobre as toninhas\" srcset=\"https:\/\/toninhasdobrasil.com.br\/wp-content\/uploads\/2023\/04\/34_Comunicacao-Estrategica_02.jpg 1920w, https:\/\/toninhasdobrasil.com.br\/wp-content\/uploads\/2023\/04\/34_Comunicacao-Estrategica_02-300x189.jpg 300w, https:\/\/toninhasdobrasil.com.br\/wp-content\/uploads\/2023\/04\/34_Comunicacao-Estrategica_02-1024x644.jpg 1024w, https:\/\/toninhasdobrasil.com.br\/wp-content\/uploads\/2023\/04\/34_Comunicacao-Estrategica_02-768x483.jpg 768w, https:\/\/toninhasdobrasil.com.br\/wp-content\/uploads\/2023\/04\/34_Comunicacao-Estrategica_02-1536x966.jpg 1536w\" sizes=\"(max-width: 1920px) 100vw, 1920px\" \/>\t\t\t\t\t\t\t\t\t\t\t<figcaption class=\"widget-image-caption wp-caption-text\">Vide\u00f3grafo de NSanta CatarinaTV, afiliado a la Rede Globo, graba a investigador del proyecto Toninhas do Brasil para reportaje sobre franciscanas.<\/figcaption>\n\t\t\t\t\t\t\t\t\t\t<\/figure>\n\t\t\t\t\t\t\t\t\t<\/div>\n\t\t\t\t<\/div>\n\t\t\t\t\t<\/div>\n\t\t<\/div>\n\t\t\t\t\t<\/div>\n\t\t<\/section>\n\t\t\t\t<section class=\"elementor-section elementor-top-section elementor-element elementor-element-0fd1288 elementor-section-boxed elementor-section-height-default elementor-section-height-default\" data-id=\"0fd1288\" data-element_type=\"section\" data-e-type=\"section\">\n\t\t\t\t\t\t<div class=\"elementor-container elementor-column-gap-default\">\n\t\t\t\t\t<div class=\"elementor-column elementor-col-100 elementor-top-column elementor-element elementor-element-2218f12\" data-id=\"2218f12\" data-element_type=\"column\" data-e-type=\"column\">\n\t\t\t<div class=\"elementor-widget-wrap elementor-element-populated\">\n\t\t\t\t\t\t<div class=\"elementor-element elementor-element-3feaa22 elementor-widget elementor-widget-heading\" data-id=\"3feaa22\" data-element_type=\"widget\" data-e-type=\"widget\" data-widget_type=\"heading.default\">\n\t\t\t\t<div class=\"elementor-widget-container\">\n\t\t\t\t\t<h2 class=\"elementor-heading-title elementor-size-default\">Vea tambi\u00e9n:<\/h2>\t\t\t\t<\/div>\n\t\t\t\t<\/div>\n\t\t\t\t<div class=\"elementor-element elementor-element-689d32e elementor-icon-list--layout-inline elementor-mobile-align-start elementor-list-item-link-full_width elementor-widget elementor-widget-icon-list\" data-id=\"689d32e\" data-element_type=\"widget\" data-e-type=\"widget\" data-widget_type=\"icon-list.default\">\n\t\t\t\t<div class=\"elementor-widget-container\">\n\t\t\t\t\t\t\t<ul class=\"elementor-icon-list-items elementor-inline-items\">\n\t\t\t\t\t\t\t<li class=\"elementor-icon-list-item elementor-inline-item\">\n\t\t\t\t\t\t\t\t\t\t\t<a href=\"https:\/\/toninhasdobrasil.com.br\/es\/investigacion\/\">\n\n\t\t\t\t\t\t\t\t\t\t\t\t<span class=\"elementor-icon-list-icon\">\n\t\t\t\t\t\t\t<i aria-hidden=\"true\" class=\"fas fa-chevron-right\"><\/i>\t\t\t\t\t\t<\/span>\n\t\t\t\t\t\t\t\t\t\t<span class=\"elementor-icon-list-text\">Buscar<\/span>\n\t\t\t\t\t\t\t\t\t\t\t<\/a>\n\t\t\t\t\t\t\t\t\t<\/li>\n\t\t\t\t\t\t\t\t<li class=\"elementor-icon-list-item elementor-inline-item\">\n\t\t\t\t\t\t\t\t\t\t\t<a href=\"https:\/\/toninhasdobrasil.com.br\/es\/educacion-ambiental\/\">\n\n\t\t\t\t\t\t\t\t\t\t\t\t<span class=\"elementor-icon-list-icon\">\n\t\t\t\t\t\t\t<i aria-hidden=\"true\" class=\"fas fa-chevron-right\"><\/i>\t\t\t\t\t\t<\/span>\n\t\t\t\t\t\t\t\t\t\t<span class=\"elementor-icon-list-text\">Educaci\u00f3n ambiental<\/span>\n\t\t\t\t\t\t\t\t\t\t\t<\/a>\n\t\t\t\t\t\t\t\t\t<\/li>\n\t\t\t\t\t\t\t\t<li class=\"elementor-icon-list-item elementor-inline-item\">\n\t\t\t\t\t\t\t\t\t\t\t<span class=\"elementor-icon-list-icon\">\n\t\t\t\t\t\t\t<i aria-hidden=\"true\" class=\"fas fa-chevron-right\"><\/i>\t\t\t\t\t\t<\/span>\n\t\t\t\t\t\t\t\t\t\t<span class=\"elementor-icon-list-text\"><u>Estrat\u00e9gica de Comunicaci\u00f3n<\/u><\/span>\n\t\t\t\t\t\t\t\t\t<\/li>\n\t\t\t\t\t\t\t\t<li class=\"elementor-icon-list-item elementor-inline-item\">\n\t\t\t\t\t\t\t\t\t\t\t<a href=\"https:\/\/toninhasdobrasil.com.br\/es\/franciscanas-de-la-babitonga\/\">\n\n\t\t\t\t\t\t\t\t\t\t\t\t<span class=\"elementor-icon-list-icon\">\n\t\t\t\t\t\t\t<i aria-hidden=\"true\" class=\"fas fa-chevron-right\"><\/i>\t\t\t\t\t\t<\/span>\n\t\t\t\t\t\t\t\t\t\t<span class=\"elementor-icon-list-text\">Franciscanas de la Babitonga<\/span>\n\t\t\t\t\t\t\t\t\t\t\t<\/a>\n\t\t\t\t\t\t\t\t\t<\/li>\n\t\t\t\t\t\t<\/ul>\n\t\t\t\t\t\t<\/div>\n\t\t\t\t<\/div>\n\t\t\t\t\t<\/div>\n\t\t<\/div>\n\t\t\t\t\t<\/div>\n\t\t<\/section>\n\t\t\t\t<\/div>\n\t\t","protected":false},"excerpt":{"rendered":"<p>La franciscana (Pontoporia blainvillei) fue probablemente el delf\u00edn m\u00e1s abundante en la costa suroeste y sur de Brasil, y que vive m\u00e1s cerca de nuestras playas. Parad\u00f3jicamente, aun tan cercana, es poco conocida por la poblaci\u00f3n, hecho que dificulta la profundizaci\u00f3n de los discursos en torno a la problem\u00e1tica y el compromiso social por la [&hellip;]<\/p>\n","protected":false},"author":1,"featured_media":0,"parent":0,"menu_order":0,"comment_status":"closed","ping_status":"closed","template":"","meta":{"_acf_changed":false,"footnotes":""},"class_list":["post-2246","page","type-page","status-publish","hentry"],"acf":[],"_links":{"self":[{"href":"https:\/\/toninhasdobrasil.com.br\/es\/wp-json\/wp\/v2\/pages\/2246","targetHints":{"allow":["GET"]}}],"collection":[{"href":"https:\/\/toninhasdobrasil.com.br\/es\/wp-json\/wp\/v2\/pages"}],"about":[{"href":"https:\/\/toninhasdobrasil.com.br\/es\/wp-json\/wp\/v2\/types\/page"}],"author":[{"embeddable":true,"href":"https:\/\/toninhasdobrasil.com.br\/es\/wp-json\/wp\/v2\/users\/1"}],"replies":[{"embeddable":true,"href":"https:\/\/toninhasdobrasil.com.br\/es\/wp-json\/wp\/v2\/comments?post=2246"}],"version-history":[{"count":2,"href":"https:\/\/toninhasdobrasil.com.br\/es\/wp-json\/wp\/v2\/pages\/2246\/revisions"}],"predecessor-version":[{"id":2531,"href":"https:\/\/toninhasdobrasil.com.br\/es\/wp-json\/wp\/v2\/pages\/2246\/revisions\/2531"}],"wp:attachment":[{"href":"https:\/\/toninhasdobrasil.com.br\/es\/wp-json\/wp\/v2\/media?parent=2246"}],"curies":[{"name":"wp","href":"https:\/\/api.w.org\/{rel}","templated":true}]}}