{"id":2256,"date":"2023-02-25T23:32:57","date_gmt":"2023-02-25T23:32:57","guid":{"rendered":"https:\/\/toninhasdobrasil.com.br\/franciscanas-de-la-babitonga\/"},"modified":"2023-05-04T02:30:36","modified_gmt":"2023-05-04T02:30:36","slug":"franciscanas-de-la-babitonga","status":"publish","type":"page","link":"https:\/\/toninhasdobrasil.com.br\/es\/franciscanas-de-la-babitonga\/","title":{"rendered":"Franciscanas de la Babitonga"},"content":{"rendered":"\t\t<div data-elementor-type=\"wp-page\" data-elementor-id=\"2256\" class=\"elementor elementor-2256 elementor-249\" data-elementor-post-type=\"page\">\n\t\t\t\t\t\t<section class=\"elementor-section elementor-top-section elementor-element elementor-element-01f6a34 elementor-section-height-min-height elementor-section-boxed elementor-section-height-default elementor-section-items-middle\" data-id=\"01f6a34\" data-element_type=\"section\" data-e-type=\"section\" data-settings=\"{&quot;background_background&quot;:&quot;classic&quot;}\">\n\t\t\t\t\t\t<div class=\"elementor-container elementor-column-gap-default\">\n\t\t\t\t\t<div class=\"elementor-column elementor-col-100 elementor-top-column elementor-element elementor-element-940c53f\" data-id=\"940c53f\" data-element_type=\"column\" data-e-type=\"column\">\n\t\t\t<div class=\"elementor-widget-wrap\">\n\t\t\t\t\t\t\t<\/div>\n\t\t<\/div>\n\t\t\t\t\t<\/div>\n\t\t<\/section>\n\t\t\t\t<section class=\"elementor-section elementor-top-section elementor-element elementor-element-df5fde2 elementor-section-boxed elementor-section-height-default elementor-section-height-default\" data-id=\"df5fde2\" data-element_type=\"section\" data-e-type=\"section\" data-settings=\"{&quot;background_background&quot;:&quot;classic&quot;,&quot;shape_divider_bottom&quot;:&quot;tilt&quot;}\">\n\t\t\t\t\t<div class=\"elementor-shape elementor-shape-bottom\" aria-hidden=\"true\" data-negative=\"false\">\n\t\t\t<svg xmlns=\"http:\/\/www.w3.org\/2000\/svg\" viewBox=\"0 0 1000 100\" preserveAspectRatio=\"none\">\n\t<path class=\"elementor-shape-fill\" d=\"M0,6V0h1000v100L0,6z\"\/>\n<\/svg>\t\t<\/div>\n\t\t\t\t\t<div class=\"elementor-container elementor-column-gap-default\">\n\t\t\t\t\t<div class=\"elementor-column elementor-col-100 elementor-top-column elementor-element elementor-element-ba0d2bf\" data-id=\"ba0d2bf\" data-element_type=\"column\" data-e-type=\"column\">\n\t\t\t<div class=\"elementor-widget-wrap elementor-element-populated\">\n\t\t\t\t\t\t<div class=\"elementor-element elementor-element-8e2d63e elementor-widget-divider--view-line elementor-widget elementor-widget-divider\" data-id=\"8e2d63e\" data-element_type=\"widget\" data-e-type=\"widget\" data-widget_type=\"divider.default\">\n\t\t\t\t<div class=\"elementor-widget-container\">\n\t\t\t\t\t\t\t<div class=\"elementor-divider\">\n\t\t\t<span class=\"elementor-divider-separator\">\n\t\t\t\t\t\t<\/span>\n\t\t<\/div>\n\t\t\t\t\t\t<\/div>\n\t\t\t\t<\/div>\n\t\t\t\t<div class=\"elementor-element elementor-element-5f63d61 elementor-widget elementor-widget-heading\" data-id=\"5f63d61\" data-element_type=\"widget\" data-e-type=\"widget\" data-widget_type=\"heading.default\">\n\t\t\t\t<div class=\"elementor-widget-container\">\n\t\t\t\t\t<h2 class=\"elementor-heading-title elementor-size-default\">Franciscanas de la Babitonga<\/h2>\t\t\t\t<\/div>\n\t\t\t\t<\/div>\n\t\t\t\t\t<\/div>\n\t\t<\/div>\n\t\t\t\t\t<\/div>\n\t\t<\/section>\n\t\t\t\t<section class=\"elementor-section elementor-top-section elementor-element elementor-element-d374122 elementor-section-content-top elementor-section-boxed elementor-section-height-default elementor-section-height-default\" data-id=\"d374122\" data-element_type=\"section\" data-e-type=\"section\">\n\t\t\t\t\t\t<div class=\"elementor-container elementor-column-gap-default\">\n\t\t\t\t\t<div class=\"elementor-column elementor-col-50 elementor-top-column elementor-element elementor-element-6786fba\" data-id=\"6786fba\" data-element_type=\"column\" data-e-type=\"column\">\n\t\t\t<div class=\"elementor-widget-wrap elementor-element-populated\">\n\t\t\t\t\t\t<div class=\"elementor-element elementor-element-2c2648a elementor-widget elementor-widget-text-editor\" data-id=\"2c2648a\" data-element_type=\"widget\" data-e-type=\"widget\" data-widget_type=\"text-editor.default\">\n\t\t\t\t<div class=\"elementor-widget-container\">\n\t\t\t\t\t\t\t\t\t<p><span style=\"font-weight: 400;\">En las aguas de la bah\u00eda de Babitonga se encuentra la \u00fanica poblaci\u00f3n de franciscanas del mundo que reside en una bah\u00eda, con aproximadamente 50 individuos. Con abundancia de peces y ausencia de predadores (como orcas y tiburones), esta es una regi\u00f3n protegida para la franciscana, que se distribuye preferencialmente entre las islas interiores de la bah\u00eda. La poblaci\u00f3n tiene caracter\u00edsticas \u00fanicas, que la diferencian de la franciscana que habita en la costa adyacente. <\/span><\/p>\n<p><span style=\"font-weight: 400;\">Desde hace m\u00e1s de 20 a\u00f1os el proyecto lleva a cabo investigaciones sobre la franciscana de Babitonga, convirtiendo a la bah\u00eda en un verdadero laboratorio natural para el estudio de la especie, convirtiendo esta poblaci\u00f3n en la mejor estudiada del mundo. <\/span><span style=\"font-weight: 400;\">En Babitonga tienen \u00e1reas preferenciales, localizadas principalmente en la parte m\u00e1s interna, entre las islas, consideradas un ambiente esencial para su supervivencia. Utilizando m\u00e9todos ac\u00fasticos, tambi\u00e9n fue posible comprender que los patrones del uso del h\u00e1bitat son diferentes entre el d\u00eda y la noche, y que se alimentan m\u00e1s durante la noche. <\/span><\/p>\n\t\t\t\t\t\t\t\t<\/div>\n\t\t\t\t<\/div>\n\t\t\t\t\t<\/div>\n\t\t<\/div>\n\t\t\t\t<div class=\"elementor-column elementor-col-50 elementor-top-column elementor-element elementor-element-91e408b\" data-id=\"91e408b\" data-element_type=\"column\" data-e-type=\"column\">\n\t\t\t<div class=\"elementor-widget-wrap elementor-element-populated\">\n\t\t\t\t\t\t<div class=\"elementor-element elementor-element-733a078 elementor-widget elementor-widget-image\" data-id=\"733a078\" data-element_type=\"widget\" data-e-type=\"widget\" data-widget_type=\"image.default\">\n\t\t\t\t<div class=\"elementor-widget-container\">\n\t\t\t\t\t\t\t\t\t\t\t\t<figure class=\"wp-caption\">\n\t\t\t\t\t\t\t\t\t\t<img fetchpriority=\"high\" decoding=\"async\" width=\"800\" height=\"509\" src=\"https:\/\/toninhasdobrasil.com.br\/wp-content\/uploads\/2023\/04\/36_Toninhas-da-Babitonga_01-1024x651.jpg\" class=\"attachment-large size-large wp-image-1338\" alt=\"Uma toninha adulta (Pontoporia blainvillei) subindo \u00e0 superf\u00edcie para respirar, ao fundo o centro hist\u00f3rico de S\u00e3o Francisco do Sul (SC).\" srcset=\"https:\/\/toninhasdobrasil.com.br\/wp-content\/uploads\/2023\/04\/36_Toninhas-da-Babitonga_01-1024x651.jpg 1024w, https:\/\/toninhasdobrasil.com.br\/wp-content\/uploads\/2023\/04\/36_Toninhas-da-Babitonga_01-300x191.jpg 300w, https:\/\/toninhasdobrasil.com.br\/wp-content\/uploads\/2023\/04\/36_Toninhas-da-Babitonga_01-768x488.jpg 768w, https:\/\/toninhasdobrasil.com.br\/wp-content\/uploads\/2023\/04\/36_Toninhas-da-Babitonga_01-1536x976.jpg 1536w, https:\/\/toninhasdobrasil.com.br\/wp-content\/uploads\/2023\/04\/36_Toninhas-da-Babitonga_01.jpg 1709w\" sizes=\"(max-width: 800px) 100vw, 800px\" \/>\t\t\t\t\t\t\t\t\t\t\t<figcaption class=\"widget-image-caption wp-caption-text\">Una franciscana adulta (Pontoporia blainvillei) saliendo a la superficie para respirar, al fondo el centro hist\u00f3rico de S\u00e3o Francisco do Sul (Santa Catarina).<\/figcaption>\n\t\t\t\t\t\t\t\t\t\t<\/figure>\n\t\t\t\t\t\t\t\t\t<\/div>\n\t\t\t\t<\/div>\n\t\t\t\t\t<\/div>\n\t\t<\/div>\n\t\t\t\t\t<\/div>\n\t\t<\/section>\n\t\t\t\t<section class=\"elementor-section elementor-top-section elementor-element elementor-element-b62d95b elementor-section-boxed elementor-section-height-default elementor-section-height-default\" data-id=\"b62d95b\" data-element_type=\"section\" data-e-type=\"section\">\n\t\t\t\t\t\t<div class=\"elementor-container elementor-column-gap-default\">\n\t\t\t\t\t<div class=\"elementor-column elementor-col-100 elementor-top-column elementor-element elementor-element-92d13ae\" data-id=\"92d13ae\" data-element_type=\"column\" data-e-type=\"column\">\n\t\t\t<div class=\"elementor-widget-wrap elementor-element-populated\">\n\t\t\t\t\t\t<div class=\"elementor-element elementor-element-cb768dd elementor-widget elementor-widget-heading\" data-id=\"cb768dd\" data-element_type=\"widget\" data-e-type=\"widget\" data-widget_type=\"heading.default\">\n\t\t\t\t<div class=\"elementor-widget-container\">\n\t\t\t\t\t<h2 class=\"elementor-heading-title elementor-size-default\">Vea tambi\u00e9n:<\/h2>\t\t\t\t<\/div>\n\t\t\t\t<\/div>\n\t\t\t\t<div class=\"elementor-element elementor-element-24f2a6f elementor-icon-list--layout-inline elementor-mobile-align-start elementor-list-item-link-full_width elementor-widget elementor-widget-icon-list\" data-id=\"24f2a6f\" data-element_type=\"widget\" data-e-type=\"widget\" data-widget_type=\"icon-list.default\">\n\t\t\t\t<div class=\"elementor-widget-container\">\n\t\t\t\t\t\t\t<ul class=\"elementor-icon-list-items elementor-inline-items\">\n\t\t\t\t\t\t\t<li class=\"elementor-icon-list-item elementor-inline-item\">\n\t\t\t\t\t\t\t\t\t\t\t<a href=\"https:\/\/toninhasdobrasil.com.br\/es\/investigacion\/\">\n\n\t\t\t\t\t\t\t\t\t\t\t\t<span class=\"elementor-icon-list-icon\">\n\t\t\t\t\t\t\t<i aria-hidden=\"true\" class=\"fas fa-chevron-right\"><\/i>\t\t\t\t\t\t<\/span>\n\t\t\t\t\t\t\t\t\t\t<span class=\"elementor-icon-list-text\">Buscar<\/span>\n\t\t\t\t\t\t\t\t\t\t\t<\/a>\n\t\t\t\t\t\t\t\t\t<\/li>\n\t\t\t\t\t\t\t\t<li class=\"elementor-icon-list-item elementor-inline-item\">\n\t\t\t\t\t\t\t\t\t\t\t<a href=\"https:\/\/toninhasdobrasil.com.br\/es\/educacion-ambiental\/\">\n\n\t\t\t\t\t\t\t\t\t\t\t\t<span class=\"elementor-icon-list-icon\">\n\t\t\t\t\t\t\t<i aria-hidden=\"true\" class=\"fas fa-chevron-right\"><\/i>\t\t\t\t\t\t<\/span>\n\t\t\t\t\t\t\t\t\t\t<span class=\"elementor-icon-list-text\">Educaci\u00f3n ambiental<\/span>\n\t\t\t\t\t\t\t\t\t\t\t<\/a>\n\t\t\t\t\t\t\t\t\t<\/li>\n\t\t\t\t\t\t\t\t<li class=\"elementor-icon-list-item elementor-inline-item\">\n\t\t\t\t\t\t\t\t\t\t\t<a href=\"https:\/\/toninhasdobrasil.com.br\/es\/estrategia-de-comunicacion\/\">\n\n\t\t\t\t\t\t\t\t\t\t\t\t<span class=\"elementor-icon-list-icon\">\n\t\t\t\t\t\t\t<i aria-hidden=\"true\" class=\"fas fa-chevron-right\"><\/i>\t\t\t\t\t\t<\/span>\n\t\t\t\t\t\t\t\t\t\t<span class=\"elementor-icon-list-text\">Estrat\u00e9gica de Comunicaci\u00f3n<\/span>\n\t\t\t\t\t\t\t\t\t\t\t<\/a>\n\t\t\t\t\t\t\t\t\t<\/li>\n\t\t\t\t\t\t\t\t<li class=\"elementor-icon-list-item elementor-inline-item\">\n\t\t\t\t\t\t\t\t\t\t\t<span class=\"elementor-icon-list-icon\">\n\t\t\t\t\t\t\t<i aria-hidden=\"true\" class=\"fas fa-chevron-right\"><\/i>\t\t\t\t\t\t<\/span>\n\t\t\t\t\t\t\t\t\t\t<span class=\"elementor-icon-list-text\"><u>Franciscanas de la Babitonga<\/u><\/span>\n\t\t\t\t\t\t\t\t\t<\/li>\n\t\t\t\t\t\t<\/ul>\n\t\t\t\t\t\t<\/div>\n\t\t\t\t<\/div>\n\t\t\t\t\t<\/div>\n\t\t<\/div>\n\t\t\t\t\t<\/div>\n\t\t<\/section>\n\t\t\t\t<\/div>\n\t\t","protected":false},"excerpt":{"rendered":"<p>En las aguas de la bah\u00eda de Babitonga se encuentra la \u00fanica poblaci\u00f3n de franciscanas del mundo que reside en una bah\u00eda, con aproximadamente 50 individuos. Con abundancia de peces y ausencia de predadores (como orcas y tiburones), esta es una regi\u00f3n protegida para la franciscana, que se distribuye preferencialmente entre las islas interiores de [&hellip;]<\/p>\n","protected":false},"author":1,"featured_media":0,"parent":0,"menu_order":0,"comment_status":"closed","ping_status":"closed","template":"","meta":{"_acf_changed":false,"footnotes":""},"class_list":["post-2256","page","type-page","status-publish","hentry"],"acf":[],"_links":{"self":[{"href":"https:\/\/toninhasdobrasil.com.br\/es\/wp-json\/wp\/v2\/pages\/2256","targetHints":{"allow":["GET"]}}],"collection":[{"href":"https:\/\/toninhasdobrasil.com.br\/es\/wp-json\/wp\/v2\/pages"}],"about":[{"href":"https:\/\/toninhasdobrasil.com.br\/es\/wp-json\/wp\/v2\/types\/page"}],"author":[{"embeddable":true,"href":"https:\/\/toninhasdobrasil.com.br\/es\/wp-json\/wp\/v2\/users\/1"}],"replies":[{"embeddable":true,"href":"https:\/\/toninhasdobrasil.com.br\/es\/wp-json\/wp\/v2\/comments?post=2256"}],"version-history":[{"count":2,"href":"https:\/\/toninhasdobrasil.com.br\/es\/wp-json\/wp\/v2\/pages\/2256\/revisions"}],"predecessor-version":[{"id":2510,"href":"https:\/\/toninhasdobrasil.com.br\/es\/wp-json\/wp\/v2\/pages\/2256\/revisions\/2510"}],"wp:attachment":[{"href":"https:\/\/toninhasdobrasil.com.br\/es\/wp-json\/wp\/v2\/media?parent=2256"}],"curies":[{"name":"wp","href":"https:\/\/api.w.org\/{rel}","templated":true}]}}